{"id":2771,"date":"2017-12-08T23:51:06","date_gmt":"2017-12-08T23:51:06","guid":{"rendered":"http:\/\/www.oxigenoarquitectura.com\/?page_id=2771"},"modified":"2021-11-24T00:39:31","modified_gmt":"2021-11-24T00:39:31","slug":"diafi","status":"publish","type":"page","link":"http:\/\/www.oxigenoarquitectura.com\/en\/diafi\/","title":{"rendered":"DIAFI"},"content":{"rendered":"<div id=\"pl-2771\"  class=\"panel-layout\" ><div id=\"pg-2771-0\"  class=\"panel-grid panel-has-style\" ><div class=\"siteorigin-panels-stretch panel-row-style panel-row-style-for-2771-0\" style=\"padding: 100px 0; \" data-stretch-type=\"full\" data-overlay=\"true\" data-overlay-color=\"#000000\" ><div id=\"pgc-2771-0-0\"  class=\"panel-grid-cell panel-grid-cell-empty\" ><\/div><\/div><\/div><div id=\"pg-2771-1\"  class=\"panel-grid panel-has-style\" ><div class=\"siteorigin-panels-stretch panel-row-style panel-row-style-for-2771-1\" style=\"padding: 5px 0; \" data-stretch-type=\"full\" data-overlay=\"true\" data-overlay-color=\"#000000\" ><div id=\"pgc-2771-1-0\"  class=\"panel-grid-cell\" ><div id=\"panel-2771-1-0-0\" class=\"so-panel widget widget_text panel-first-child panel-last-child\" data-index=\"0\" ><div style=\"text-align: left;\" data-title-color=\"#443f3f\" data-headings-color=\"#443f3f\" class=\"panel-widget-style panel-widget-style-for-2771-1-0-0\" >\t\t\t<div class=\"textwidget\"><div class='white' style='background:rgba(0,0,0,0); border:solid 0px rgba(0,0,0,0); border-radius:0px; padding:0px 0px 0px 0px;'>\n<div id='slider_3651' class='owl-carousel sa_owl_theme owl-pagination-true autohide-arrows' data-slider-id='slider_3651' style='visibility:hidden;'>\n<div id='slider_3651_slide01' class='sa_hover_container' style='padding:5% 5%; margin:0px 0%; background-image:url(&quot;https:\/\/www.oxigenoarquitectura.com\/wp-content\/uploads\/2017\/12\/DI-01.jpg&quot;); background-position:center center; background-size:cover; background-repeat:no-repeat; '>\n<div class='sa_hover_buttons' style='top:50%; left:50%; margin-top:-20px; margin-left:-20px;'><a class='sa_slide_link_icon' href='http:\/\/www.oxigenoarquitectura.com\/wp-content\/uploads\/2017\/12\/DI-01.jpg' target='_blank' title='' aria-label='' rel=\"noopener\"><\/a><\/div>\n<\/div>\n<div id='slider_3651_slide02' class='sa_hover_container' style='padding:5% 5%; margin:0px 0%; background-image:url(&quot;https:\/\/www.oxigenoarquitectura.com\/wp-content\/uploads\/2017\/12\/DI-02.jpg&quot;); background-position:center center; background-size:cover; background-repeat:no-repeat; '>\n<div class='sa_hover_buttons' style='top:50%; left:50%; margin-top:-20px; margin-left:-20px;'><a class='sa_slide_link_icon' href='http:\/\/www.oxigenoarquitectura.com\/wp-content\/uploads\/2017\/12\/DI-02.jpg' target='_blank' title='' aria-label='' rel=\"noopener\"><\/a><\/div>\n<\/div>\n<div id='slider_3651_slide03' class='sa_hover_container' style='padding:5% 5%; margin:0px 0%; background-image:url(&quot;https:\/\/www.oxigenoarquitectura.com\/wp-content\/uploads\/2017\/12\/DI-03.jpg&quot;); background-position:center center; background-size:cover; background-repeat:no-repeat; '>\n<div class='sa_hover_buttons' style='top:50%; left:50%; margin-top:-20px; margin-left:-20px;'><a class='sa_slide_link_icon' href='http:\/\/www.oxigenoarquitectura.com\/wp-content\/uploads\/2017\/12\/DI-03.jpg' target='_blank' title='' aria-label='' rel=\"noopener\"><\/a><\/div>\n<\/div>\n<div id='slider_3651_slide04' class='sa_hover_container' style='padding:5% 5%; margin:0px 0%; background-image:url(&quot;https:\/\/www.oxigenoarquitectura.com\/wp-content\/uploads\/2017\/12\/DI-04.jpg&quot;); background-position:center center; background-size:cover; background-repeat:no-repeat; '>\n<div class='sa_hover_buttons' style='top:50%; left:50%; margin-top:-20px; margin-left:-20px;'><a class='sa_slide_link_icon' href='http:\/\/www.oxigenoarquitectura.com\/wp-content\/uploads\/2017\/12\/DI-04.jpg' target='_blank' title='' aria-label='' rel=\"noopener\"><\/a><\/div>\n<\/div>\n<div id='slider_3651_slide05' class='sa_hover_container' style='padding:5% 5%; margin:0px 0%; background-image:url(&quot;https:\/\/www.oxigenoarquitectura.com\/wp-content\/uploads\/2017\/12\/DI-05.jpg&quot;); background-position:center center; background-size:cover; background-repeat:no-repeat; '>\n<div class='sa_hover_buttons' style='top:50%; left:50%; margin-top:-20px; margin-left:-20px;'><a class='sa_slide_link_icon' href='http:\/\/www.oxigenoarquitectura.com\/wp-content\/uploads\/2017\/12\/DI-00-PORTADA.jpg' target='_blank' title='' aria-label='' rel=\"noopener\"><\/a><\/div>\n<\/div>\n<div id='slider_3651_slide06' class='sa_hover_container' style='padding:5% 5%; margin:0px 0%; background-image:url(&quot;https:\/\/www.oxigenoarquitectura.com\/wp-content\/uploads\/2017\/12\/DI-06.jpg&quot;); background-position:center center; background-size:cover; background-repeat:no-repeat; '>\n<div class='sa_hover_buttons' style='top:50%; left:50%; margin-top:-20px; margin-left:-20px;'><a class='sa_slide_link_icon' href='http:\/\/www.oxigenoarquitectura.com\/wp-content\/uploads\/2017\/12\/DI-06.jpg' target='_blank' title='' aria-label='' rel=\"noopener\"><\/a><\/div>\n<\/div>\n<div id='slider_3651_slide07' class='sa_hover_container' style='padding:5% 5%; margin:0px 0%; background-image:url(&quot;https:\/\/www.oxigenoarquitectura.com\/wp-content\/uploads\/2017\/12\/DI-07.jpg&quot;); background-position:center center; background-size:cover; background-repeat:no-repeat; '>\n<div class='sa_hover_buttons' style='top:50%; left:50%; margin-top:-20px; margin-left:-20px;'><a class='sa_slide_link_icon' href='http:\/\/www.oxigenoarquitectura.com\/wp-content\/uploads\/2017\/12\/DI-07.jpg' target='_blank' title='' aria-label='' rel=\"noopener\"><\/a><\/div>\n<\/div>\n<\/div>\n<\/div>\n<p><script type='text\/javascript'>\n\tjQuery(document).ready(function() {\n\t\tjQuery('#slider_3651').owlCarousel({\n\t\t\titems : 1,\n\t\t\tanimateOut : 'fadeOut',\n\t\t\tsmartSpeed : 200,\n\t\t\tautoplay : true,\n\t\t\tautoplayTimeout : 3000,\n\t\t\tautoplayHoverPause : true,\n\t\t\tsmartSpeed : 200,\n\t\t\tfluidSpeed : 200,\n\t\t\tautoplaySpeed : 200,\n\t\t\tnavSpeed : 200,\n\t\t\tdotsSpeed : 200,\n\t\t\tloop : true,\n\t\t\tnav : true,\n\t\t\tnavText : ['Previous','Next'],\n\t\t\tdots : true,\n\t\t\tresponsiveRefreshRate : 200,\n\t\t\tslideBy : 1,\n\t\t\tmergeFit : true,\n\t\t\tautoHeight : false,\n\t\t\tmouseDrag : true,\n\t\t\ttouchDrag : true\n\t\t});\n\t\tjQuery('#slider_3651').css('visibility', 'visible');\n\t\tsa_resize_slider_3651();\n\t\twindow.addEventListener('resize', sa_resize_slider_3651);\n\t\tfunction sa_resize_slider_3651() {\n\t\t\tvar min_height = 'aspect169';\n\t\t\tvar win_width = jQuery(window).width();\n\t\t\tvar slider_width = jQuery('#slider_3651').width();\n\t\t\tif (win_width < 480) {\n\t\t\t\tvar slide_width = slider_width \/ 1;\n\t\t\t} else if (win_width < 768) {\n\t\t\t\tvar slide_width = slider_width \/ 1;\n\t\t\t} else if (win_width < 980) {\n\t\t\t\tvar slide_width = slider_width \/ 1;\n\t\t\t} else if (win_width < 1200) {\n\t\t\t\tvar slide_width = slider_width \/ 1;\n\t\t\t} else if (win_width < 1500) {\n\t\t\t\tvar slide_width = slider_width \/ 1;\n\t\t\t} else {\n\t\t\t\tvar slide_width = slider_width \/ 1;\n\t\t\t}\n\t\t\tslide_width = Math.round(slide_width);\n\t\t\tvar slide_height = '0';\n\t\t\tif (min_height == 'aspect43') {\n\t\t\t\tslide_height = (slide_width \/ 4) * 3;\t\t\t\tslide_height = Math.round(slide_height);\n\t\t\t} else if (min_height == 'aspect169') {\n\t\t\t\tslide_height = (slide_width \/ 16) * 9;\t\t\t\tslide_height = Math.round(slide_height);\n\t\t\t} else {\n\t\t\t\tslide_height = (slide_width \/ 100) * min_height;\t\t\t\tslide_height = Math.round(slide_height);\n\t\t\t}\n\t\t\tjQuery('#slider_3651 .owl-item .sa_hover_container').css('min-height', slide_height+'px');\n\t\t}\n\t\tvar owl_goto = jQuery('#slider_3651');\n\t\tjQuery('.slider_3651_goto1').click(function(event){\n\t\t\towl_goto.trigger('to.owl.carousel', 0);\n\t\t});\n\t\tjQuery('.slider_3651_goto2').click(function(event){\n\t\t\towl_goto.trigger('to.owl.carousel', 1);\n\t\t});\n\t\tjQuery('.slider_3651_goto3').click(function(event){\n\t\t\towl_goto.trigger('to.owl.carousel', 2);\n\t\t});\n\t\tjQuery('.slider_3651_goto4').click(function(event){\n\t\t\towl_goto.trigger('to.owl.carousel', 3);\n\t\t});\n\t\tjQuery('.slider_3651_goto5').click(function(event){\n\t\t\towl_goto.trigger('to.owl.carousel', 4);\n\t\t});\n\t\tjQuery('.slider_3651_goto6').click(function(event){\n\t\t\towl_goto.trigger('to.owl.carousel', 5);\n\t\t});\n\t\tjQuery('.slider_3651_goto7').click(function(event){\n\t\t\towl_goto.trigger('to.owl.carousel', 6);\n\t\t});\n\t\tvar resize_3651 = jQuery('.owl-carousel');\n\t\tresize_3651.on('initialized.owl.carousel', function(e) {\n\t\t\tif (typeof(Event) === 'function') {\n\t\t\t\twindow.dispatchEvent(new Event('resize'));\n\t\t\t} else {\n\t\t\t\tvar evt = window.document.createEvent('UIEvents');\n\t\t\t\tevt.initUIEvent('resize', true, false, window, 0);\n\t\t\t\twindow.dispatchEvent(evt);\n\t\t\t}\n\t\t});\n\t});\n<\/script><\/p>\n<\/div>\n\t\t<\/div><\/div><\/div><\/div><\/div><div id=\"pg-2771-2\"  class=\"panel-grid panel-has-style\" ><div class=\"siteorigin-panels-stretch panel-row-style panel-row-style-for-2771-2\" style=\"padding: 1px 0; \" data-stretch-type=\"full\" data-overlay=\"true\" data-overlay-color=\"#000000\" ><div id=\"pgc-2771-2-0\"  class=\"panel-grid-cell\" ><div id=\"panel-2771-2-0-0\" class=\"so-panel widget widget_sow-editor panel-first-child panel-last-child\" data-index=\"1\" ><div style=\"text-align: left;\" data-title-color=\"#443f3f\" data-headings-color=\"#443f3f\" class=\"panel-widget-style panel-widget-style-for-2771-2-0-0\" ><div\n\t\t\t\n\t\t\tclass=\"so-widget-sow-editor so-widget-sow-editor-base\"\n\t\t\t\n\t\t>\n<div class=\"siteorigin-widget-tinymce textwidget\">\n\t<p style=\"text-align: center;\"><span style=\"font-size: 10pt; font-family: 'Jost', sans-serif;\">Diafi Corporativo, Ciudad de M\u00e9xico \/ Fotograf\u00eda \u00a9 Jorge Guadarrama<\/span><\/p>\n<\/div>\n<\/div><\/div><\/div><\/div><\/div><\/div><div id=\"pg-2771-3\"  class=\"panel-grid panel-has-style\" ><div class=\"siteorigin-panels-stretch panel-row-style panel-row-style-for-2771-3\" style=\"padding: 50px 0; \" data-stretch-type=\"full\" data-overlay=\"true\" data-overlay-color=\"#000000\" ><div id=\"pgc-2771-3-0\"  class=\"panel-grid-cell\" ><div id=\"panel-2771-3-0-0\" class=\"so-panel widget widget_sow-editor panel-first-child panel-last-child\" data-index=\"2\" ><div style=\"text-align: left;\" data-title-color=\"#443f3f\" data-headings-color=\"#443f3f\" class=\"panel-widget-style panel-widget-style-for-2771-3-0-0\" ><div\n\t\t\t\n\t\t\tclass=\"so-widget-sow-editor so-widget-sow-editor-base\"\n\t\t\t\n\t\t>\n<div class=\"siteorigin-widget-tinymce textwidget\">\n\t<p style=\"text-align: left;\"><span style=\"font-family: 'Jost', sans-serif; color: #333333; font-size: 24pt;\"><span style=\"font-family: bold;\"><strong>Diafi<\/strong><\/span><\/span><br \/>\n<span style=\"font-family: bold; font-size: 14pt; color: #808080;\"><span style=\"font-family: bold;\">Corporativo CDMX<\/span><\/span><\/p>\n<p style=\"text-align: left;\">\n<\/div>\n<\/div><\/div><\/div><\/div><div id=\"pgc-2771-3-1\"  class=\"panel-grid-cell panel-grid-cell-empty panel-grid-cell-mobile-last\" ><\/div><div id=\"pgc-2771-3-2\"  class=\"panel-grid-cell panel-grid-cell-empty\" ><\/div><\/div><\/div><div id=\"pg-2771-4\"  class=\"panel-grid panel-has-style\" ><div class=\"siteorigin-panels-stretch panel-row-style panel-row-style-for-2771-4\" style=\"padding: 5px 0; \" data-stretch-type=\"full\" data-overlay=\"true\" data-overlay-color=\"#000000\" ><div id=\"pgc-2771-4-0\"  class=\"panel-grid-cell\" ><div id=\"panel-2771-4-0-0\" class=\"so-panel widget widget_sow-editor panel-first-child panel-last-child\" data-index=\"3\" ><div style=\"text-align: left;\" data-title-color=\"#443f3f\" data-headings-color=\"#443f3f\" class=\"panel-widget-style panel-widget-style-for-2771-4-0-0\" ><div\n\t\t\t\n\t\t\tclass=\"so-widget-sow-editor so-widget-sow-editor-base\"\n\t\t\t\n\t\t>\n<div class=\"siteorigin-widget-tinymce textwidget\">\n\t<p style=\"text-align: left;\"><span style=\"font-size: 14pt;\"><span style=\"font-family: 'Jost', sans-serif;\">Se trata este de un proyecto de oficinas en la Ciudad de M\u00e9xico para DIAFI, empresa dedicada a la publicidad. El racional de dise\u00f1o, seg\u00fan se acord\u00f3 con el cliente, fue replicar en el espacio interior un entorno urbano, entorno en el que algunos paramentos pudieran portar ejemplos de las campa\u00f1as publicitarias en las que est\u00e1 trabajando la empresa. <\/span><span style=\"font-family: 'Jost', sans-serif;\">Es un espacio, l\u00fadico y ligero, un espacio que es amable con sus usuarios y que tambi\u00e9n, dada su organizaci\u00f3n y resoluci\u00f3n es estimulante para quienes lo habitan.<\/span><\/span><\/p>\n<p style=\"text-align: left;\">\n<\/div>\n<\/div><\/div><\/div><\/div><div id=\"pgc-2771-4-1\"  class=\"panel-grid-cell panel-grid-cell-empty\" ><\/div><div id=\"pgc-2771-4-2\"  class=\"panel-grid-cell\" ><div id=\"panel-2771-4-2-0\" class=\"so-panel widget widget_sow-editor panel-first-child panel-last-child\" data-index=\"4\" ><div style=\"text-align: left;\" data-title-color=\"#443f3f\" data-headings-color=\"#443f3f\" class=\"panel-widget-style panel-widget-style-for-2771-4-2-0\" ><div\n\t\t\t\n\t\t\tclass=\"so-widget-sow-editor so-widget-sow-editor-base\"\n\t\t\t\n\t\t>\n<div class=\"siteorigin-widget-tinymce textwidget\">\n\t<p style=\"text-align: left;\"><span style=\"font-family: itcavantgradestd; font-size: 10pt;\"><span style=\"font-family: bold;\">UBICACI\u00d3N:<\/span>\u00a0<span style=\"color: #808080;\">CDMX<\/span><\/span><br \/>\n<span style=\"font-family: itcavantgradestd; font-size: 10pt;\"><span style=\"font-family: bold;\"> A\u00d1O DE TERMINACI\u00d3N:<\/span>\u00a0<span style=\"color: #808080;\">2017<\/span><\/span><br \/>\n<span style=\"font-family: itcavantgradestd; font-size: 10pt;\"><span style=\"font-family: bold;\"> TIPO DE PROYECTO:<\/span> <span style=\"color: #808080;\">Corporativo \/ Interiores<\/span><\/span><br \/>\n<span style=\"font-family: itcavantgradestd; font-size: 10pt;\"><span style=\"font-family: bold;\"> RUBRO DE LA EMPRESA:<\/span>\u00a0<span style=\"color: #808080;\">Publicidad<\/span><\/span><br \/>\n<span style=\"font-size: 10pt;\"><span style=\"font-family: itcavantgradestd;\"><span style=\"font-family: bold;\"> SUPERFICIE:<\/span>\u00a0<span style=\"color: #808080;\">366<strong>\u00a0<\/strong>m\u00b2<\/span><\/span><span style=\"font-family: itcavantgradestd; color: #808080;\"><strong>\u00a0<\/strong><\/span><\/span><\/p>\n<p>&nbsp;<\/p>\n<p style=\"text-align: left;\"><span style=\"font-family: bold; font-size: 8pt;\">EQUIPO OX\u00cdGENO ARQUITECTURA:\u00a0<\/span><\/p>\n<p><span style=\"font-family: itcavantgradestd; font-size: 8pt; color: #808080;\">Montserrat Escobar V\u00e1zquez\u2013 Gerente de proyecto<\/span><br \/>\n<span style=\"font-family: itcavantgradestd; font-size: 8pt; color: #808080;\">Jorge Cristian Gonz\u00e1lez N\u00e1jera Fisher \u2013 Socio Director<\/span><br \/>\n<span style=\"font-family: itcavantgradestd; font-size: 8pt; color: #808080;\">Natasha Osman \u00c1lvarez \u2013 Directora de Dise\u00f1o<\/span><br \/>\n<span style=\"font-family: itcavantgradestd; font-size: 8pt; color: #808080;\">Adri\u00e1n Castellanos \u2013 Taller de arquitectura<\/span><br \/>\n<span style=\"font-family: itcavantgradestd; font-size: 8pt; color: #808080;\">Hans Aldrete \u00c1lvarez \u2013 Representaci\u00f3n gr\u00e1fica<\/span><br \/>\n<span style=\"font-family: itcavantgradestd; font-size: 8pt; color: #808080;\">Jimena Michel Espa\u00f1a \u2013 Taller de arquitectura<\/span><br \/>\n<span style=\"font-family: itcavantgradestd; font-size: 8pt; color: #808080;\">Jorge Guadarrama \u2013 Representaci\u00f3n gr\u00e1fica<\/span><br \/>\n<span style=\"font-family: itcavantgradestd; font-size: 8pt; color: #808080;\">Mario Rej\u00f3n Gonz\u00e1lez \u2013 Ac\u00fastica<\/span><br \/>\n<span style=\"font-family: itcavantgradestd; font-size: 8pt; color: #808080;\">Yuri Rodr\u00edguez P\u00e9rez \u2013 Representaci\u00f3n gr\u00e1fica<\/span><\/p>\n<p style=\"text-align: left;\">\n<p style=\"text-align: left;\"><span style=\"font-family: itcavantgradestd;\">\u00a0<\/span><\/p>\n<\/div>\n<\/div><\/div><\/div><\/div><\/div><\/div><div id=\"pg-2771-5\"  class=\"panel-grid panel-has-style\" ><div style=\"padding: 100px 0; \" data-overlay=\"true\" data-overlay-color=\"#000000\" class=\"panel-row-style panel-row-style-for-2771-5\" ><div id=\"pgc-2771-5-0\"  class=\"panel-grid-cell panel-grid-cell-empty\" ><\/div><div id=\"pgc-2771-5-1\"  class=\"panel-grid-cell panel-grid-cell-mobile-last\" ><div id=\"panel-2771-5-1-0\" class=\"so-panel widget widget_sow-button panel-first-child panel-last-child\" data-index=\"5\" ><div style=\"text-align: left;\" data-title-color=\"#443f3f\" data-headings-color=\"#443f3f\" class=\"panel-widget-style panel-widget-style-for-2771-5-1-0\" ><div\n\t\t\t\n\t\t\tclass=\"so-widget-sow-button so-widget-sow-button-wire-50ed9cd8b8ed-2771\"\n\t\t\t\n\t\t><div class=\"ow-button-base ow-button-align-center\"\n>\n\t\t\t<a\n\t\t\t\t\thref=\"https:\/\/www.oxigenoarquitectura.com\/en\/interiorismo_o2a\/\"\n\t\t\t\t\tclass=\"sowb-button ow-icon-placement-bottom\" \t>\n\t\t<span>\n\t\t\t<span class=\"sow-icon-fontawesome sow-fas\" data-sow-icon=\"&#xf141;\"\n\t\tstyle=\"color: #0a0a0a\" \n\t\taria-hidden=\"true\"><\/span>\n\t\t\tRegresar\t\t<\/span>\n\t\t\t<\/a>\n\t<\/div>\n<\/div><\/div><\/div><\/div><div id=\"pgc-2771-5-2\"  class=\"panel-grid-cell panel-grid-cell-empty\" ><\/div><\/div><\/div><\/div>","protected":false},"excerpt":{"rendered":"<p>Diafi Corporativo, Ciudad de M\u00e9xico \/ Fotograf\u00eda \u00a9 Jorge Guadarrama Diafi Corporativo CDMX Se trata este de un proyecto de oficinas en la Ciudad de M\u00e9xico para DIAFI, empresa dedicada a la publicidad. El racional de dise\u00f1o, seg\u00fan se acord\u00f3 con el cliente, fue replicar en el espacio interior un entorno urbano, entorno en el [&hellip;]<\/p>","protected":false},"author":7,"featured_media":0,"parent":0,"menu_order":80,"comment_status":"closed","ping_status":"closed","template":"page-templates\/page_front-page.php","meta":{"_exactmetrics_skip_tracking":false,"_exactmetrics_sitenote_active":false,"_exactmetrics_sitenote_note":"","_exactmetrics_sitenote_category":0,"footnotes":""},"yoast_head":"<!-- This site is optimized with the Yoast SEO plugin v22.7 - https:\/\/yoast.com\/wordpress\/plugins\/seo\/ -->\n<title>DIAFI &#8211; Ox\u00edgeno Arquitectura<\/title>\n<meta name=\"robots\" content=\"index, follow, max-snippet:-1, max-image-preview:large, max-video-preview:-1\" \/>\n<link rel=\"canonical\" href=\"https:\/\/www.oxigenoarquitectura.com\/en\/diafi\/\" \/>\n<meta property=\"og:locale\" content=\"en_US\" \/>\n<meta property=\"og:type\" content=\"article\" \/>\n<meta property=\"og:title\" content=\"DIAFI &#8211; Ox\u00edgeno Arquitectura\" \/>\n<meta property=\"og:description\" content=\"Diafi Corporativo, Ciudad de M\u00e9xico \/ Fotograf\u00eda \u00a9 Jorge Guadarrama Diafi Corporativo CDMX Se trata este de un proyecto de oficinas en la Ciudad de M\u00e9xico para DIAFI, empresa dedicada a la publicidad. El racional de dise\u00f1o, seg\u00fan se acord\u00f3 con el cliente, fue replicar en el espacio interior un entorno urbano, entorno en el [&hellip;]\" \/>\n<meta property=\"og:url\" content=\"https:\/\/www.oxigenoarquitectura.com\/en\/diafi\/\" \/>\n<meta property=\"og:site_name\" content=\"Ox\u00edgeno Arquitectura\" \/>\n<meta property=\"article:publisher\" content=\"https:\/\/www.facebook.com\/OxigenoArquitectura\/\" \/>\n<meta property=\"article:modified_time\" content=\"2021-11-24T00:39:31+00:00\" \/>\n<meta name=\"twitter:card\" content=\"summary_large_image\" \/>\n<meta name=\"twitter:site\" content=\"@OxigenoArq\" \/>\n<meta name=\"twitter:label1\" content=\"Est. reading time\" \/>\n\t<meta name=\"twitter:data1\" content=\"1 minute\" \/>\n<script type=\"application\/ld+json\" class=\"yoast-schema-graph\">{\"@context\":\"https:\/\/schema.org\",\"@graph\":[{\"@type\":\"WebPage\",\"@id\":\"https:\/\/www.oxigenoarquitectura.com\/diafi\/\",\"url\":\"https:\/\/www.oxigenoarquitectura.com\/diafi\/\",\"name\":\"DIAFI &#8211; Ox\u00edgeno Arquitectura\",\"isPartOf\":{\"@id\":\"https:\/\/www.oxigenoarquitectura.com\/#website\"},\"datePublished\":\"2017-12-08T23:51:06+00:00\",\"dateModified\":\"2021-11-24T00:39:31+00:00\",\"breadcrumb\":{\"@id\":\"https:\/\/www.oxigenoarquitectura.com\/diafi\/#breadcrumb\"},\"inLanguage\":\"en-US\",\"potentialAction\":[{\"@type\":\"ReadAction\",\"target\":[\"https:\/\/www.oxigenoarquitectura.com\/diafi\/\"]}]},{\"@type\":\"BreadcrumbList\",\"@id\":\"https:\/\/www.oxigenoarquitectura.com\/diafi\/#breadcrumb\",\"itemListElement\":[{\"@type\":\"ListItem\",\"position\":1,\"name\":\"Portada\",\"item\":\"https:\/\/www.oxigenoarquitectura.com\/\"},{\"@type\":\"ListItem\",\"position\":2,\"name\":\"DIAFI\"}]},{\"@type\":\"WebSite\",\"@id\":\"https:\/\/www.oxigenoarquitectura.com\/#website\",\"url\":\"https:\/\/www.oxigenoarquitectura.com\/\",\"name\":\"Ox\u00edgeno Arquitectura\",\"description\":\"Arquitectura e Interiorismo\",\"publisher\":{\"@id\":\"https:\/\/www.oxigenoarquitectura.com\/#organization\"},\"potentialAction\":[{\"@type\":\"SearchAction\",\"target\":{\"@type\":\"EntryPoint\",\"urlTemplate\":\"https:\/\/www.oxigenoarquitectura.com\/?s={search_term_string}\"},\"query-input\":\"required name=search_term_string\"}],\"inLanguage\":\"en-US\"},{\"@type\":\"Organization\",\"@id\":\"https:\/\/www.oxigenoarquitectura.com\/#organization\",\"name\":\"Ox\u00edgeno Arquitectura\",\"url\":\"https:\/\/www.oxigenoarquitectura.com\/\",\"logo\":{\"@type\":\"ImageObject\",\"inLanguage\":\"en-US\",\"@id\":\"https:\/\/www.oxigenoarquitectura.com\/#\/schema\/logo\/image\/\",\"url\":\"https:\/\/www.oxigenoarquitectura.com\/wp-content\/uploads\/2021\/10\/LOGO-O2A-02.png\",\"contentUrl\":\"https:\/\/www.oxigenoarquitectura.com\/wp-content\/uploads\/2021\/10\/LOGO-O2A-02.png\",\"width\":280,\"height\":36,\"caption\":\"Ox\u00edgeno Arquitectura\"},\"image\":{\"@id\":\"https:\/\/www.oxigenoarquitectura.com\/#\/schema\/logo\/image\/\"},\"sameAs\":[\"https:\/\/www.facebook.com\/OxigenoArquitectura\/\",\"https:\/\/x.com\/OxigenoArq\",\"https:\/\/www.instagram.com\/oxigeno_arquitectura\/\",\"https:\/\/www.linkedin.com\/in\/oxigeno-arquitectura-8487a375\/\"]}]}<\/script>\n<!-- \/ Yoast SEO plugin. -->","yoast_head_json":{"title":"DIAFI &#8211; Ox\u00edgeno Arquitectura","robots":{"index":"index","follow":"follow","max-snippet":"max-snippet:-1","max-image-preview":"max-image-preview:large","max-video-preview":"max-video-preview:-1"},"canonical":"https:\/\/www.oxigenoarquitectura.com\/en\/diafi\/","og_locale":"en_US","og_type":"article","og_title":"DIAFI &#8211; Ox\u00edgeno Arquitectura","og_description":"Diafi Corporativo, Ciudad de M\u00e9xico \/ Fotograf\u00eda \u00a9 Jorge Guadarrama Diafi Corporativo CDMX Se trata este de un proyecto de oficinas en la Ciudad de M\u00e9xico para DIAFI, empresa dedicada a la publicidad. El racional de dise\u00f1o, seg\u00fan se acord\u00f3 con el cliente, fue replicar en el espacio interior un entorno urbano, entorno en el [&hellip;]","og_url":"https:\/\/www.oxigenoarquitectura.com\/en\/diafi\/","og_site_name":"Ox\u00edgeno Arquitectura","article_publisher":"https:\/\/www.facebook.com\/OxigenoArquitectura\/","article_modified_time":"2021-11-24T00:39:31+00:00","twitter_card":"summary_large_image","twitter_site":"@OxigenoArq","twitter_misc":{"Est. reading time":"1 minute"},"schema":{"@context":"https:\/\/schema.org","@graph":[{"@type":"WebPage","@id":"https:\/\/www.oxigenoarquitectura.com\/diafi\/","url":"https:\/\/www.oxigenoarquitectura.com\/diafi\/","name":"DIAFI &#8211; Ox\u00edgeno Arquitectura","isPartOf":{"@id":"https:\/\/www.oxigenoarquitectura.com\/#website"},"datePublished":"2017-12-08T23:51:06+00:00","dateModified":"2021-11-24T00:39:31+00:00","breadcrumb":{"@id":"https:\/\/www.oxigenoarquitectura.com\/diafi\/#breadcrumb"},"inLanguage":"en-US","potentialAction":[{"@type":"ReadAction","target":["https:\/\/www.oxigenoarquitectura.com\/diafi\/"]}]},{"@type":"BreadcrumbList","@id":"https:\/\/www.oxigenoarquitectura.com\/diafi\/#breadcrumb","itemListElement":[{"@type":"ListItem","position":1,"name":"Portada","item":"https:\/\/www.oxigenoarquitectura.com\/"},{"@type":"ListItem","position":2,"name":"DIAFI"}]},{"@type":"WebSite","@id":"https:\/\/www.oxigenoarquitectura.com\/#website","url":"https:\/\/www.oxigenoarquitectura.com\/","name":"Ox\u00edgeno Arquitectura","description":"Arquitectura e Interiorismo","publisher":{"@id":"https:\/\/www.oxigenoarquitectura.com\/#organization"},"potentialAction":[{"@type":"SearchAction","target":{"@type":"EntryPoint","urlTemplate":"https:\/\/www.oxigenoarquitectura.com\/?s={search_term_string}"},"query-input":"required name=search_term_string"}],"inLanguage":"en-US"},{"@type":"Organization","@id":"https:\/\/www.oxigenoarquitectura.com\/#organization","name":"Ox\u00edgeno Arquitectura","url":"https:\/\/www.oxigenoarquitectura.com\/","logo":{"@type":"ImageObject","inLanguage":"en-US","@id":"https:\/\/www.oxigenoarquitectura.com\/#\/schema\/logo\/image\/","url":"https:\/\/www.oxigenoarquitectura.com\/wp-content\/uploads\/2021\/10\/LOGO-O2A-02.png","contentUrl":"https:\/\/www.oxigenoarquitectura.com\/wp-content\/uploads\/2021\/10\/LOGO-O2A-02.png","width":280,"height":36,"caption":"Ox\u00edgeno Arquitectura"},"image":{"@id":"https:\/\/www.oxigenoarquitectura.com\/#\/schema\/logo\/image\/"},"sameAs":["https:\/\/www.facebook.com\/OxigenoArquitectura\/","https:\/\/x.com\/OxigenoArq","https:\/\/www.instagram.com\/oxigeno_arquitectura\/","https:\/\/www.linkedin.com\/in\/oxigeno-arquitectura-8487a375\/"]}]}},"_links":{"self":[{"href":"http:\/\/www.oxigenoarquitectura.com\/en\/wp-json\/wp\/v2\/pages\/2771"}],"collection":[{"href":"http:\/\/www.oxigenoarquitectura.com\/en\/wp-json\/wp\/v2\/pages"}],"about":[{"href":"http:\/\/www.oxigenoarquitectura.com\/en\/wp-json\/wp\/v2\/types\/page"}],"author":[{"embeddable":true,"href":"http:\/\/www.oxigenoarquitectura.com\/en\/wp-json\/wp\/v2\/users\/7"}],"replies":[{"embeddable":true,"href":"http:\/\/www.oxigenoarquitectura.com\/en\/wp-json\/wp\/v2\/comments?post=2771"}],"version-history":[{"count":22,"href":"http:\/\/www.oxigenoarquitectura.com\/en\/wp-json\/wp\/v2\/pages\/2771\/revisions"}],"predecessor-version":[{"id":9480,"href":"http:\/\/www.oxigenoarquitectura.com\/en\/wp-json\/wp\/v2\/pages\/2771\/revisions\/9480"}],"wp:attachment":[{"href":"http:\/\/www.oxigenoarquitectura.com\/en\/wp-json\/wp\/v2\/media?parent=2771"}],"curies":[{"name":"wp","href":"https:\/\/api.w.org\/{rel}","templated":true}]}}