{"id":5438,"date":"2020-05-06T23:07:37","date_gmt":"2020-05-06T23:07:37","guid":{"rendered":"http:\/\/www.oxigenoarquitectura.com\/?page_id=5438"},"modified":"2020-05-20T17:05:22","modified_gmt":"2020-05-20T17:05:22","slug":"distintas-tipologias-en-los-espacios-arquitectonicos","status":"publish","type":"page","link":"http:\/\/www.oxigenoarquitectura.com\/en\/distintas-tipologias-en-los-espacios-arquitectonicos\/","title":{"rendered":"Distintas tipolog\u00edas en los espacios arquitect\u00f3nicos"},"content":{"rendered":"<div id=\"pl-5438\"  class=\"panel-layout\" ><div id=\"pg-5438-0\"  class=\"panel-grid panel-has-style\" ><div style=\"padding: 40px 0; \" data-overlay=\"true\" data-overlay-color=\"#000000\" class=\"panel-row-style panel-row-style-for-5438-0\" ><div id=\"pgc-5438-0-0\"  class=\"panel-grid-cell panel-grid-cell-empty\" ><\/div><\/div><\/div><div id=\"pg-5438-1\"  class=\"panel-grid panel-has-style\" ><div class=\"siteorigin-panels-stretch panel-row-style panel-row-style-for-5438-1\" style=\"padding: 20px 0; \" data-stretch-type=\"full\" data-overlay=\"true\" ><div id=\"pgc-5438-1-0\"  class=\"panel-grid-cell\" ><div id=\"panel-5438-1-0-0\" class=\"so-panel widget widget_sow-editor panel-first-child panel-last-child\" data-index=\"0\" ><div style=\"text-align: center;\" data-title-color=\"#443f3f\" data-headings-color=\"#443f3f\" class=\"panel-widget-style panel-widget-style-for-5438-1-0-0\" ><div\n\t\t\t\n\t\t\tclass=\"so-widget-sow-editor so-widget-sow-editor-base\"\n\t\t\t\n\t\t>\n<div class=\"siteorigin-widget-tinymce textwidget\">\n\t<h1 style=\"text-align: center;\"><span style=\"font-family: Jost, sans-serif; color: #ff6600; font-size: 36pt;\">Distintas tipolog\u00edas en los espacios arquitect\u00f3nicos.<\/span><\/h1>\n<\/div>\n<\/div><\/div><\/div><\/div><\/div><\/div><div id=\"pg-5438-2\"  class=\"panel-grid panel-has-style\" ><div style=\"text-align: center;padding: 1px 0; \" data-overlay=\"true\" class=\"panel-row-style panel-row-style-for-5438-2\" ><div id=\"pgc-5438-2-0\"  class=\"panel-grid-cell\" ><div id=\"panel-5438-2-0-0\" class=\"so-panel widget widget_sow-editor panel-first-child panel-last-child\" data-index=\"1\" ><div style=\"text-align: left;\" data-title-color=\"#443f3f\" data-headings-color=\"#443f3f\" class=\"panel-widget-style panel-widget-style-for-5438-2-0-0\" ><div\n\t\t\t\n\t\t\tclass=\"so-widget-sow-editor so-widget-sow-editor-base\"\n\t\t\t\n\t\t>\n<div class=\"siteorigin-widget-tinymce textwidget\">\n\t<p style=\"text-align: left;\"><span style=\"font-family: Jost, sans-serif; color: #808080;\"><span style=\"font-size: 18.6667px;\">Las caracter\u00edsticas con las que debe de contar un espacio arquitect\u00f3nico para ser confortable y brindar una sensaci\u00f3n de bienestar, proviene de est\u00edmulos externos que por lo general, son los denominamos naturales y suelen ser los \u00f3ptimos. En la medida en que un espacio de trabajo cuenta con luz natural, acceso a \u00e1reas verdes, vistas exteriores, etc; todos esos factores en los cuales el ser humano ha evolucionado, podremos replicarlos en el dise\u00f1o de espacios interiores o construidos, y de esta manera poder proveer de una arquitectura funcional para el usuario que la habita. <\/span><\/span><\/p>\n<p style=\"text-align: left;\"><span style=\"font-family: Jost, sans-serif; color: #808080;\"><span style=\"font-size: 18.6667px;\">En el despacho realizamos todo un diagn\u00f3stico de nuestros clientes y de esta forma podamos realizar un proyecto que complemente sus necesidades, sea funcional y sobre todo que los usuarios est\u00e9n satisfechos del proyecto que les dise\u00f1amos. En una organizaci\u00f3n en donde su equipo de trabajo esta satisfecho, se ha comprobado que son mas productivos y la tasa de desempleo es menor, y esto en gran medida va relacionado con el dise\u00f1o del espacio de trabajo como resultado del estudio que implementamos a nuestros clientes post-ocupaci\u00f3n.<\/span><\/span><\/p>\n<\/div>\n<\/div><\/div><\/div><\/div><\/div><\/div><div id=\"pg-5438-3\"  class=\"panel-grid panel-has-style\" ><div style=\"text-align: center;padding: 100px 0; \" data-overlay=\"true\" class=\"panel-row-style panel-row-style-for-5438-3\" ><div id=\"pgc-5438-3-0\"  class=\"panel-grid-cell\" ><div id=\"panel-5438-3-0-0\" class=\"so-panel widget widget_media_video panel-first-child panel-last-child\" data-index=\"2\" ><div style=\"text-align: center;\" data-title-color=\"#443f3f\" data-headings-color=\"#443f3f\" class=\"panel-widget-style panel-widget-style-for-5438-3-0-0\" ><div style=\"width:100%;\" class=\"wp-video\"><!--[if lt IE 9]><script>document.createElement('video');<\/script><![endif]-->\n<video class=\"wp-video-shortcode\" id=\"video-5438-1\" preload=\"metadata\" controls=\"controls\"><source type=\"video\/mp4\" src=\"https:\/\/www.oxigenoarquitectura.com\/wp-content\/uploads\/2020\/05\/ENTREVISTA-PRIMERA-EMISI\u00d3N-JORGE-GONZ\u00c1LEZ-N\u00c1JERA-1.mp4?_=1\" \/><source type=\"video\/mp4\" src=\"http:\/\/www.oxigenoarquitectura.com\/wp-content\/uploads\/2020\/05\/ENTREVISTA-PRIMERA-EMISI\u00d3N-JORGE-GONZ\u00c1LEZ-N\u00c1JERA-1.mp4?_=1\" \/><a href=\"https:\/\/www.oxigenoarquitectura.com\/wp-content\/uploads\/2020\/05\/ENTREVISTA-PRIMERA-EMISI\u00d3N-JORGE-GONZ\u00c1LEZ-N\u00c1JERA-1.mp4\">https:\/\/www.oxigenoarquitectura.com\/wp-content\/uploads\/2020\/05\/ENTREVISTA-PRIMERA-EMISI\u00d3N-JORGE-GONZ\u00c1LEZ-N\u00c1JERA-1.mp4<\/a><\/video><\/div><\/div><\/div><\/div><\/div><\/div><div id=\"pg-5438-4\"  class=\"panel-grid panel-has-style\" ><div style=\"text-align: center;padding: 100px 0; \" data-overlay=\"true\" class=\"panel-row-style panel-row-style-for-5438-4\" ><div id=\"pgc-5438-4-0\"  class=\"panel-grid-cell panel-grid-cell-empty\" ><\/div><div id=\"pgc-5438-4-1\"  class=\"panel-grid-cell panel-grid-cell-mobile-last\" ><div id=\"panel-5438-4-1-0\" class=\"so-panel widget widget_sow-image panel-first-child panel-last-child\" data-index=\"3\" ><div style=\"text-align: center;\" data-title-color=\"#443f3f\" data-headings-color=\"#443f3f\" class=\"panel-widget-style panel-widget-style-for-5438-4-1-0\" ><div\n\t\t\t\n\t\t\tclass=\"so-widget-sow-image so-widget-sow-image-default-c4f6304fc136-5438\"\n\t\t\t\n\t\t>\n<div class=\"sow-image-container\">\n\t\t<img fetchpriority=\"high\" \n\tsrc=\"https:\/\/www.oxigenoarquitectura.com\/wp-content\/uploads\/2020\/05\/FIRMA-O2A-white-scaled.jpg\" width=\"2560\" height=\"1662\" srcset=\"https:\/\/www.oxigenoarquitectura.com\/wp-content\/uploads\/2020\/05\/FIRMA-O2A-white-scaled.jpg 2560w, https:\/\/www.oxigenoarquitectura.com\/wp-content\/uploads\/2020\/05\/FIRMA-O2A-white-300x195.jpg 300w, https:\/\/www.oxigenoarquitectura.com\/wp-content\/uploads\/2020\/05\/FIRMA-O2A-white-1024x665.jpg 1024w, https:\/\/www.oxigenoarquitectura.com\/wp-content\/uploads\/2020\/05\/FIRMA-O2A-white-768x499.jpg 768w, https:\/\/www.oxigenoarquitectura.com\/wp-content\/uploads\/2020\/05\/FIRMA-O2A-white-1536x997.jpg 1536w, https:\/\/www.oxigenoarquitectura.com\/wp-content\/uploads\/2020\/05\/FIRMA-O2A-white-2048x1330.jpg 2048w, https:\/\/www.oxigenoarquitectura.com\/wp-content\/uploads\/2020\/05\/FIRMA-O2A-white-830x539.jpg 830w, https:\/\/www.oxigenoarquitectura.com\/wp-content\/uploads\/2020\/05\/FIRMA-O2A-white-230x149.jpg 230w, https:\/\/www.oxigenoarquitectura.com\/wp-content\/uploads\/2020\/05\/FIRMA-O2A-white-350x227.jpg 350w, https:\/\/www.oxigenoarquitectura.com\/wp-content\/uploads\/2020\/05\/FIRMA-O2A-white-480x312.jpg 480w\" sizes=\"(max-width: 2560px) 100vw, 2560px\" title=\"FIRMA O2A white\" alt=\"\" \t\tclass=\"so-widget-image\"\/>\n\t<\/div>\n\n<\/div><\/div><\/div><\/div><div id=\"pgc-5438-4-2\"  class=\"panel-grid-cell panel-grid-cell-empty\" ><\/div><\/div><\/div><\/div>","protected":false},"excerpt":{"rendered":"<p>Distintas tipolog\u00edas en los espacios arquitect\u00f3nicos.<\/p>","protected":false},"author":7,"featured_media":0,"parent":0,"menu_order":28,"comment_status":"closed","ping_status":"closed","template":"page-templates\/page_front-page.php","meta":{"_exactmetrics_skip_tracking":false,"_exactmetrics_sitenote_active":false,"_exactmetrics_sitenote_note":"","_exactmetrics_sitenote_category":0,"footnotes":""},"yoast_head":"<!-- This site is optimized with the Yoast SEO plugin v22.7 - https:\/\/yoast.com\/wordpress\/plugins\/seo\/ -->\n<title>Distintas tipolog\u00edas en los espacios arquitect\u00f3nicos &#8211; Ox\u00edgeno Arquitectura<\/title>\n<meta name=\"robots\" content=\"index, follow, max-snippet:-1, max-image-preview:large, max-video-preview:-1\" \/>\n<link rel=\"canonical\" href=\"https:\/\/www.oxigenoarquitectura.com\/en\/distintas-tipologias-en-los-espacios-arquitectonicos\/\" \/>\n<meta property=\"og:locale\" content=\"en_US\" \/>\n<meta property=\"og:type\" content=\"article\" \/>\n<meta property=\"og:title\" content=\"Distintas tipolog\u00edas en los espacios arquitect\u00f3nicos &#8211; Ox\u00edgeno Arquitectura\" \/>\n<meta property=\"og:description\" content=\"Distintas tipolog\u00edas en los espacios arquitect\u00f3nicos.\" \/>\n<meta property=\"og:url\" content=\"https:\/\/www.oxigenoarquitectura.com\/en\/distintas-tipologias-en-los-espacios-arquitectonicos\/\" \/>\n<meta property=\"og:site_name\" content=\"Ox\u00edgeno Arquitectura\" \/>\n<meta property=\"article:publisher\" content=\"https:\/\/www.facebook.com\/OxigenoArquitectura\/\" \/>\n<meta property=\"article:modified_time\" content=\"2020-05-20T17:05:22+00:00\" \/>\n<meta name=\"twitter:card\" content=\"summary_large_image\" \/>\n<meta name=\"twitter:site\" content=\"@OxigenoArq\" \/>\n<meta name=\"twitter:label1\" content=\"Est. reading time\" \/>\n\t<meta name=\"twitter:data1\" content=\"1 minute\" \/>\n<script type=\"application\/ld+json\" class=\"yoast-schema-graph\">{\"@context\":\"https:\/\/schema.org\",\"@graph\":[{\"@type\":\"WebPage\",\"@id\":\"https:\/\/www.oxigenoarquitectura.com\/distintas-tipologias-en-los-espacios-arquitectonicos\/\",\"url\":\"https:\/\/www.oxigenoarquitectura.com\/distintas-tipologias-en-los-espacios-arquitectonicos\/\",\"name\":\"Distintas tipolog\u00edas en los espacios arquitect\u00f3nicos &#8211; Ox\u00edgeno Arquitectura\",\"isPartOf\":{\"@id\":\"https:\/\/www.oxigenoarquitectura.com\/#website\"},\"datePublished\":\"2020-05-06T23:07:37+00:00\",\"dateModified\":\"2020-05-20T17:05:22+00:00\",\"breadcrumb\":{\"@id\":\"https:\/\/www.oxigenoarquitectura.com\/distintas-tipologias-en-los-espacios-arquitectonicos\/#breadcrumb\"},\"inLanguage\":\"en-US\",\"potentialAction\":[{\"@type\":\"ReadAction\",\"target\":[\"https:\/\/www.oxigenoarquitectura.com\/distintas-tipologias-en-los-espacios-arquitectonicos\/\"]}]},{\"@type\":\"BreadcrumbList\",\"@id\":\"https:\/\/www.oxigenoarquitectura.com\/distintas-tipologias-en-los-espacios-arquitectonicos\/#breadcrumb\",\"itemListElement\":[{\"@type\":\"ListItem\",\"position\":1,\"name\":\"Portada\",\"item\":\"https:\/\/www.oxigenoarquitectura.com\/\"},{\"@type\":\"ListItem\",\"position\":2,\"name\":\"Distintas tipolog\u00edas en los espacios arquitect\u00f3nicos\"}]},{\"@type\":\"WebSite\",\"@id\":\"https:\/\/www.oxigenoarquitectura.com\/#website\",\"url\":\"https:\/\/www.oxigenoarquitectura.com\/\",\"name\":\"Ox\u00edgeno Arquitectura\",\"description\":\"Arquitectura e Interiorismo\",\"publisher\":{\"@id\":\"https:\/\/www.oxigenoarquitectura.com\/#organization\"},\"potentialAction\":[{\"@type\":\"SearchAction\",\"target\":{\"@type\":\"EntryPoint\",\"urlTemplate\":\"https:\/\/www.oxigenoarquitectura.com\/?s={search_term_string}\"},\"query-input\":\"required name=search_term_string\"}],\"inLanguage\":\"en-US\"},{\"@type\":\"Organization\",\"@id\":\"https:\/\/www.oxigenoarquitectura.com\/#organization\",\"name\":\"Ox\u00edgeno Arquitectura\",\"url\":\"https:\/\/www.oxigenoarquitectura.com\/\",\"logo\":{\"@type\":\"ImageObject\",\"inLanguage\":\"en-US\",\"@id\":\"https:\/\/www.oxigenoarquitectura.com\/#\/schema\/logo\/image\/\",\"url\":\"https:\/\/www.oxigenoarquitectura.com\/wp-content\/uploads\/2021\/10\/LOGO-O2A-02.png\",\"contentUrl\":\"https:\/\/www.oxigenoarquitectura.com\/wp-content\/uploads\/2021\/10\/LOGO-O2A-02.png\",\"width\":280,\"height\":36,\"caption\":\"Ox\u00edgeno Arquitectura\"},\"image\":{\"@id\":\"https:\/\/www.oxigenoarquitectura.com\/#\/schema\/logo\/image\/\"},\"sameAs\":[\"https:\/\/www.facebook.com\/OxigenoArquitectura\/\",\"https:\/\/x.com\/OxigenoArq\",\"https:\/\/www.instagram.com\/oxigeno_arquitectura\/\",\"https:\/\/www.linkedin.com\/in\/oxigeno-arquitectura-8487a375\/\"]}]}<\/script>\n<!-- \/ Yoast SEO plugin. -->","yoast_head_json":{"title":"Distintas tipolog\u00edas en los espacios arquitect\u00f3nicos &#8211; Ox\u00edgeno Arquitectura","robots":{"index":"index","follow":"follow","max-snippet":"max-snippet:-1","max-image-preview":"max-image-preview:large","max-video-preview":"max-video-preview:-1"},"canonical":"https:\/\/www.oxigenoarquitectura.com\/en\/distintas-tipologias-en-los-espacios-arquitectonicos\/","og_locale":"en_US","og_type":"article","og_title":"Distintas tipolog\u00edas en los espacios arquitect\u00f3nicos &#8211; Ox\u00edgeno Arquitectura","og_description":"Distintas tipolog\u00edas en los espacios arquitect\u00f3nicos.","og_url":"https:\/\/www.oxigenoarquitectura.com\/en\/distintas-tipologias-en-los-espacios-arquitectonicos\/","og_site_name":"Ox\u00edgeno Arquitectura","article_publisher":"https:\/\/www.facebook.com\/OxigenoArquitectura\/","article_modified_time":"2020-05-20T17:05:22+00:00","twitter_card":"summary_large_image","twitter_site":"@OxigenoArq","twitter_misc":{"Est. reading time":"1 minute"},"schema":{"@context":"https:\/\/schema.org","@graph":[{"@type":"WebPage","@id":"https:\/\/www.oxigenoarquitectura.com\/distintas-tipologias-en-los-espacios-arquitectonicos\/","url":"https:\/\/www.oxigenoarquitectura.com\/distintas-tipologias-en-los-espacios-arquitectonicos\/","name":"Distintas tipolog\u00edas en los espacios arquitect\u00f3nicos &#8211; Ox\u00edgeno Arquitectura","isPartOf":{"@id":"https:\/\/www.oxigenoarquitectura.com\/#website"},"datePublished":"2020-05-06T23:07:37+00:00","dateModified":"2020-05-20T17:05:22+00:00","breadcrumb":{"@id":"https:\/\/www.oxigenoarquitectura.com\/distintas-tipologias-en-los-espacios-arquitectonicos\/#breadcrumb"},"inLanguage":"en-US","potentialAction":[{"@type":"ReadAction","target":["https:\/\/www.oxigenoarquitectura.com\/distintas-tipologias-en-los-espacios-arquitectonicos\/"]}]},{"@type":"BreadcrumbList","@id":"https:\/\/www.oxigenoarquitectura.com\/distintas-tipologias-en-los-espacios-arquitectonicos\/#breadcrumb","itemListElement":[{"@type":"ListItem","position":1,"name":"Portada","item":"https:\/\/www.oxigenoarquitectura.com\/"},{"@type":"ListItem","position":2,"name":"Distintas tipolog\u00edas en los espacios arquitect\u00f3nicos"}]},{"@type":"WebSite","@id":"https:\/\/www.oxigenoarquitectura.com\/#website","url":"https:\/\/www.oxigenoarquitectura.com\/","name":"Ox\u00edgeno Arquitectura","description":"Arquitectura e Interiorismo","publisher":{"@id":"https:\/\/www.oxigenoarquitectura.com\/#organization"},"potentialAction":[{"@type":"SearchAction","target":{"@type":"EntryPoint","urlTemplate":"https:\/\/www.oxigenoarquitectura.com\/?s={search_term_string}"},"query-input":"required name=search_term_string"}],"inLanguage":"en-US"},{"@type":"Organization","@id":"https:\/\/www.oxigenoarquitectura.com\/#organization","name":"Ox\u00edgeno Arquitectura","url":"https:\/\/www.oxigenoarquitectura.com\/","logo":{"@type":"ImageObject","inLanguage":"en-US","@id":"https:\/\/www.oxigenoarquitectura.com\/#\/schema\/logo\/image\/","url":"https:\/\/www.oxigenoarquitectura.com\/wp-content\/uploads\/2021\/10\/LOGO-O2A-02.png","contentUrl":"https:\/\/www.oxigenoarquitectura.com\/wp-content\/uploads\/2021\/10\/LOGO-O2A-02.png","width":280,"height":36,"caption":"Ox\u00edgeno Arquitectura"},"image":{"@id":"https:\/\/www.oxigenoarquitectura.com\/#\/schema\/logo\/image\/"},"sameAs":["https:\/\/www.facebook.com\/OxigenoArquitectura\/","https:\/\/x.com\/OxigenoArq","https:\/\/www.instagram.com\/oxigeno_arquitectura\/","https:\/\/www.linkedin.com\/in\/oxigeno-arquitectura-8487a375\/"]}]}},"_links":{"self":[{"href":"http:\/\/www.oxigenoarquitectura.com\/en\/wp-json\/wp\/v2\/pages\/5438"}],"collection":[{"href":"http:\/\/www.oxigenoarquitectura.com\/en\/wp-json\/wp\/v2\/pages"}],"about":[{"href":"http:\/\/www.oxigenoarquitectura.com\/en\/wp-json\/wp\/v2\/types\/page"}],"author":[{"embeddable":true,"href":"http:\/\/www.oxigenoarquitectura.com\/en\/wp-json\/wp\/v2\/users\/7"}],"replies":[{"embeddable":true,"href":"http:\/\/www.oxigenoarquitectura.com\/en\/wp-json\/wp\/v2\/comments?post=5438"}],"version-history":[{"count":21,"href":"http:\/\/www.oxigenoarquitectura.com\/en\/wp-json\/wp\/v2\/pages\/5438\/revisions"}],"predecessor-version":[{"id":5726,"href":"http:\/\/www.oxigenoarquitectura.com\/en\/wp-json\/wp\/v2\/pages\/5438\/revisions\/5726"}],"wp:attachment":[{"href":"http:\/\/www.oxigenoarquitectura.com\/en\/wp-json\/wp\/v2\/media?parent=5438"}],"curies":[{"name":"wp","href":"https:\/\/api.w.org\/{rel}","templated":true}]}}