{"id":6011,"date":"2020-07-07T19:08:56","date_gmt":"2020-07-07T19:08:56","guid":{"rendered":"http:\/\/www.oxigenoarquitectura.com\/?page_id=6011"},"modified":"2020-07-07T22:04:18","modified_gmt":"2020-07-07T22:04:18","slug":"innovacion-el-uso-de-la-tecnologia-para-nuestro-beneficio","status":"publish","type":"page","link":"http:\/\/www.oxigenoarquitectura.com\/en\/innovacion-el-uso-de-la-tecnologia-para-nuestro-beneficio\/","title":{"rendered":"Innovaci\u00f3n, el uso de la tecnolog\u00eda para nuestro beneficio."},"content":{"rendered":"<div id=\"pl-6011\"  class=\"panel-layout\" ><div id=\"pg-6011-0\"  class=\"panel-grid panel-has-style\" ><div class=\"siteorigin-panels-stretch panel-row-style panel-row-style-for-6011-0\" style=\"padding: 40px 0; \" data-stretch-type=\"full\" data-overlay=\"true\" data-overlay-color=\"#000000\" ><div id=\"pgc-6011-0-0\"  class=\"panel-grid-cell panel-grid-cell-empty\" ><\/div><\/div><\/div><div id=\"pg-6011-1\"  class=\"panel-grid panel-has-style\" ><div class=\"siteorigin-panels-stretch panel-row-style panel-row-style-for-6011-1\" style=\"padding: 20px 0; \" data-stretch-type=\"full\" data-overlay=\"true\" data-overlay-color=\"#000000\" ><div id=\"pgc-6011-1-0\"  class=\"panel-grid-cell\" ><div id=\"panel-6011-1-0-0\" class=\"so-panel widget widget_sow-editor panel-first-child panel-last-child\" data-index=\"0\" ><div style=\"text-align: left;\" data-title-color=\"#443f3f\" data-headings-color=\"#443f3f\" class=\"panel-widget-style panel-widget-style-for-6011-1-0-0\" ><div\n\t\t\t\n\t\t\tclass=\"so-widget-sow-editor so-widget-sow-editor-base\"\n\t\t\t\n\t\t>\n<div class=\"siteorigin-widget-tinymce textwidget\">\n\t<h1 style=\"text-align: center;\"><span style=\"font-family: Jost, sans-serif; color: #ff6600; font-size: 36pt;\">Innovaci\u00f3n: el uso de la tecnolog\u00eda en nuestro beneficio<\/span><\/h1>\n<\/div>\n<\/div><\/div><\/div><\/div><\/div><\/div><div id=\"pg-6011-2\"  class=\"panel-grid panel-has-style\" ><div class=\"siteorigin-panels-stretch panel-row-style panel-row-style-for-6011-2\" style=\"padding: 20px 0; \" data-stretch-type=\"full\" data-overlay=\"true\" data-overlay-color=\"#000000\" ><div id=\"pgc-6011-2-0\"  class=\"panel-grid-cell\" ><div id=\"panel-6011-2-0-0\" class=\"so-panel widget widget_sow-editor panel-first-child panel-last-child\" data-index=\"1\" ><div style=\"text-align: left;\" data-title-color=\"#443f3f\" data-headings-color=\"#443f3f\" class=\"panel-widget-style panel-widget-style-for-6011-2-0-0\" ><div\n\t\t\t\n\t\t\tclass=\"so-widget-sow-editor so-widget-sow-editor-base\"\n\t\t\t\n\t\t>\n<div class=\"siteorigin-widget-tinymce textwidget\">\n\t<p style=\"text-align: left;\"><span style=\"font-family: Jost, sans-serif; font-size: 18pt; color: #000000;\">\u00bfQu\u00e9 va a suceder con el workplaces? \u00bfQu\u00e9 va a suceder con nuestro entorno?. Varios pa\u00edses se aferraron a pr\u00e1cticas tecnol\u00f3gicas para enfrentar la pandemia. Diferentes aplicaciones han sido creadas para ayudar en la fase de mitigaci\u00f3n, para reducir la propagaci\u00f3n del virus y aplanar la curva de infectados. La situaci\u00f3n actual que ha vivido el mundo, que entr\u00f3 en cuarentena en gran parte de su territorio, ha llevado a que las personas vean en la tecnolog\u00eda un arma poderosa y fundamental para combatir el virus Covid-19, pues la conectividad y el acceso a la tecnolog\u00eda se han convertido en los mejores aliados tanto para ayudar a mitigar y prevenir el virus, como para ser una compa\u00f1\u00eda y herramienta necesaria e importante para sobrellevar los d\u00edas dentro de casa. <\/span><\/p>\n<p style=\"text-align: left;\"><span style=\"font-family: Jost, sans-serif; font-size: 18pt; color: #000000;\">Gracias a la tecnolog\u00eda podemos estar en contacto con miles de personas, podemos encontrarnos en cualquier parte del mundo sin tener que viajar para estar de manera presencial, esto ha permitido que la interacci\u00f3n tanto laboral como personal, siga siendo fluida y permita que toda la poblaci\u00f3n pueda continuar con sus actividades, ya sean personales o laborales; claro esta que con una nueva forma de adaptaci\u00f3n a estos nuevos sistemas de interacci\u00f3n, mientras se creen estrategias y normas que permitan de nuevo el contacto de cada individuo face to face.<\/span><\/p>\n<\/div>\n<\/div><\/div><\/div><\/div><\/div><\/div><div id=\"pg-6011-3\"  class=\"panel-grid panel-has-style\" ><div class=\"siteorigin-panels-stretch panel-row-style panel-row-style-for-6011-3\" style=\"padding: 100px 0; \" data-stretch-type=\"full\" data-overlay=\"true\" data-overlay-color=\"#000000\" ><div id=\"pgc-6011-3-0\"  class=\"panel-grid-cell\" ><div id=\"panel-6011-3-0-0\" class=\"so-panel widget widget_media_video panel-first-child panel-last-child\" data-index=\"2\" ><div style=\"text-align: left;\" data-title-color=\"#443f3f\" data-headings-color=\"#443f3f\" class=\"panel-widget-style panel-widget-style-for-6011-3-0-0\" ><div style=\"width:100%;\" class=\"wp-video\"><!--[if lt IE 9]><script>document.createElement('video');<\/script><![endif]-->\n<video class=\"wp-video-shortcode\" id=\"video-6011-1\" preload=\"metadata\" controls=\"controls\"><source type=\"video\/mp4\" src=\"https:\/\/www.oxigenoarquitectura.com\/wp-content\/uploads\/2020\/07\/LOUNGE-DE-INNOVACI\u00d3N-1.mp4?_=1\" \/><source type=\"video\/mp4\" src=\"http:\/\/www.oxigenoarquitectura.com\/wp-content\/uploads\/2020\/07\/LOUNGE-DE-INNOVACI\u00d3N-1.mp4?_=1\" \/><a href=\"https:\/\/www.oxigenoarquitectura.com\/wp-content\/uploads\/2020\/07\/LOUNGE-DE-INNOVACI\u00d3N-1.mp4\">https:\/\/www.oxigenoarquitectura.com\/wp-content\/uploads\/2020\/07\/LOUNGE-DE-INNOVACI\u00d3N-1.mp4<\/a><\/video><\/div><\/div><\/div><\/div><\/div><\/div><div id=\"pg-6011-4\"  class=\"panel-grid panel-has-style\" ><div class=\"siteorigin-panels-stretch panel-row-style panel-row-style-for-6011-4\" style=\"padding: 100px 0; \" data-stretch-type=\"full\" data-overlay=\"true\" data-overlay-color=\"#000000\" ><div id=\"pgc-6011-4-0\"  class=\"panel-grid-cell panel-grid-cell-empty\" ><\/div><div id=\"pgc-6011-4-1\"  class=\"panel-grid-cell panel-grid-cell-mobile-last\" ><div id=\"panel-6011-4-1-0\" class=\"so-panel widget widget_sow-image panel-first-child panel-last-child\" data-index=\"3\" ><div style=\"text-align: center;\" data-title-color=\"#443f3f\" data-headings-color=\"#443f3f\" class=\"panel-widget-style panel-widget-style-for-6011-4-1-0\" ><div\n\t\t\t\n\t\t\tclass=\"so-widget-sow-image so-widget-sow-image-default-8b5b6f678277-6011\"\n\t\t\t\n\t\t>\n<div class=\"sow-image-container\">\n\t\t<img fetchpriority=\"high\" \n\tsrc=\"https:\/\/www.oxigenoarquitectura.com\/wp-content\/uploads\/2020\/07\/WEBINAR-CENTRO-TELECOM-768x1089.jpg\" width=\"768\" height=\"1089\" srcset=\"https:\/\/www.oxigenoarquitectura.com\/wp-content\/uploads\/2020\/07\/WEBINAR-CENTRO-TELECOM-768x1089.jpg 768w, https:\/\/www.oxigenoarquitectura.com\/wp-content\/uploads\/2020\/07\/WEBINAR-CENTRO-TELECOM-212x300.jpg 212w, https:\/\/www.oxigenoarquitectura.com\/wp-content\/uploads\/2020\/07\/WEBINAR-CENTRO-TELECOM-722x1024.jpg 722w, https:\/\/www.oxigenoarquitectura.com\/wp-content\/uploads\/2020\/07\/WEBINAR-CENTRO-TELECOM-830x1176.jpg 830w, https:\/\/www.oxigenoarquitectura.com\/wp-content\/uploads\/2020\/07\/WEBINAR-CENTRO-TELECOM-230x326.jpg 230w, https:\/\/www.oxigenoarquitectura.com\/wp-content\/uploads\/2020\/07\/WEBINAR-CENTRO-TELECOM-350x496.jpg 350w, https:\/\/www.oxigenoarquitectura.com\/wp-content\/uploads\/2020\/07\/WEBINAR-CENTRO-TELECOM-480x680.jpg 480w, https:\/\/www.oxigenoarquitectura.com\/wp-content\/uploads\/2020\/07\/WEBINAR-CENTRO-TELECOM.jpg 841w\" sizes=\"(max-width: 768px) 100vw, 768px\" title=\"WEBINAR CENTRO TELECOM\" alt=\"\" \t\tclass=\"so-widget-image\"\/>\n\t<\/div>\n\n<\/div><\/div><\/div><\/div><div id=\"pgc-6011-4-2\"  class=\"panel-grid-cell panel-grid-cell-empty\" ><\/div><\/div><\/div><div id=\"pg-6011-5\"  class=\"panel-grid panel-has-style\" ><div class=\"siteorigin-panels-stretch panel-row-style panel-row-style-for-6011-5\" style=\"padding: 100px 0; \" data-stretch-type=\"full\" data-overlay=\"true\" data-overlay-color=\"#000000\" ><div id=\"pgc-6011-5-0\"  class=\"panel-grid-cell panel-grid-cell-empty\" ><\/div><div id=\"pgc-6011-5-1\"  class=\"panel-grid-cell panel-grid-cell-mobile-last\" ><div id=\"panel-6011-5-1-0\" class=\"so-panel widget widget_sow-image panel-first-child panel-last-child\" data-index=\"4\" ><div style=\"text-align: left;\" data-title-color=\"#443f3f\" data-headings-color=\"#443f3f\" class=\"panel-widget-style panel-widget-style-for-6011-5-1-0\" ><div\n\t\t\t\n\t\t\tclass=\"so-widget-sow-image so-widget-sow-image-default-8b5b6f678277-6011\"\n\t\t\t\n\t\t>\n<div class=\"sow-image-container\">\n\t\t<img \n\tsrc=\"https:\/\/www.oxigenoarquitectura.com\/wp-content\/uploads\/2020\/05\/FIRMA-O2A-white-scaled.jpg\" width=\"2560\" height=\"1662\" srcset=\"https:\/\/www.oxigenoarquitectura.com\/wp-content\/uploads\/2020\/05\/FIRMA-O2A-white-scaled.jpg 2560w, https:\/\/www.oxigenoarquitectura.com\/wp-content\/uploads\/2020\/05\/FIRMA-O2A-white-300x195.jpg 300w, https:\/\/www.oxigenoarquitectura.com\/wp-content\/uploads\/2020\/05\/FIRMA-O2A-white-1024x665.jpg 1024w, https:\/\/www.oxigenoarquitectura.com\/wp-content\/uploads\/2020\/05\/FIRMA-O2A-white-768x499.jpg 768w, https:\/\/www.oxigenoarquitectura.com\/wp-content\/uploads\/2020\/05\/FIRMA-O2A-white-1536x997.jpg 1536w, https:\/\/www.oxigenoarquitectura.com\/wp-content\/uploads\/2020\/05\/FIRMA-O2A-white-2048x1330.jpg 2048w, https:\/\/www.oxigenoarquitectura.com\/wp-content\/uploads\/2020\/05\/FIRMA-O2A-white-830x539.jpg 830w, https:\/\/www.oxigenoarquitectura.com\/wp-content\/uploads\/2020\/05\/FIRMA-O2A-white-230x149.jpg 230w, https:\/\/www.oxigenoarquitectura.com\/wp-content\/uploads\/2020\/05\/FIRMA-O2A-white-350x227.jpg 350w, https:\/\/www.oxigenoarquitectura.com\/wp-content\/uploads\/2020\/05\/FIRMA-O2A-white-480x312.jpg 480w\" sizes=\"(max-width: 2560px) 100vw, 2560px\" title=\"FIRMA O2A white\" alt=\"\" \t\tclass=\"so-widget-image\"\/>\n\t<\/div>\n\n<\/div><\/div><\/div><\/div><div id=\"pgc-6011-5-2\"  class=\"panel-grid-cell panel-grid-cell-empty\" ><\/div><\/div><\/div><\/div>","protected":false},"excerpt":{"rendered":"<p>Innovaci\u00f3n: el uso de la tecnolog\u00eda en nuestro beneficio<\/p>","protected":false},"author":7,"featured_media":0,"parent":0,"menu_order":22,"comment_status":"closed","ping_status":"closed","template":"page-templates\/page_front-page.php","meta":{"_exactmetrics_skip_tracking":false,"_exactmetrics_sitenote_active":false,"_exactmetrics_sitenote_note":"","_exactmetrics_sitenote_category":0,"footnotes":""},"yoast_head":"<!-- This site is optimized with the Yoast SEO plugin v22.7 - https:\/\/yoast.com\/wordpress\/plugins\/seo\/ -->\n<title>Innovaci\u00f3n, el uso de la tecnolog\u00eda para nuestro beneficio. &#8211; Ox\u00edgeno Arquitectura<\/title>\n<meta name=\"robots\" content=\"index, follow, max-snippet:-1, max-image-preview:large, max-video-preview:-1\" \/>\n<link rel=\"canonical\" href=\"https:\/\/www.oxigenoarquitectura.com\/en\/innovacion-el-uso-de-la-tecnologia-para-nuestro-beneficio\/\" \/>\n<meta property=\"og:locale\" content=\"en_US\" \/>\n<meta property=\"og:type\" content=\"article\" \/>\n<meta property=\"og:title\" content=\"Innovaci\u00f3n, el uso de la tecnolog\u00eda para nuestro beneficio. &#8211; Ox\u00edgeno Arquitectura\" \/>\n<meta property=\"og:description\" content=\"Innovaci\u00f3n: el uso de la tecnolog\u00eda en nuestro beneficio\" \/>\n<meta property=\"og:url\" content=\"https:\/\/www.oxigenoarquitectura.com\/en\/innovacion-el-uso-de-la-tecnologia-para-nuestro-beneficio\/\" \/>\n<meta property=\"og:site_name\" content=\"Ox\u00edgeno Arquitectura\" \/>\n<meta property=\"article:publisher\" content=\"https:\/\/www.facebook.com\/OxigenoArquitectura\/\" \/>\n<meta property=\"article:modified_time\" content=\"2020-07-07T22:04:18+00:00\" \/>\n<meta name=\"twitter:card\" content=\"summary_large_image\" \/>\n<meta name=\"twitter:site\" content=\"@OxigenoArq\" \/>\n<meta name=\"twitter:label1\" content=\"Est. reading time\" \/>\n\t<meta name=\"twitter:data1\" content=\"1 minute\" \/>\n<script type=\"application\/ld+json\" class=\"yoast-schema-graph\">{\"@context\":\"https:\/\/schema.org\",\"@graph\":[{\"@type\":\"WebPage\",\"@id\":\"https:\/\/www.oxigenoarquitectura.com\/innovacion-el-uso-de-la-tecnologia-para-nuestro-beneficio\/\",\"url\":\"https:\/\/www.oxigenoarquitectura.com\/innovacion-el-uso-de-la-tecnologia-para-nuestro-beneficio\/\",\"name\":\"Innovaci\u00f3n, el uso de la tecnolog\u00eda para nuestro beneficio. &#8211; Ox\u00edgeno Arquitectura\",\"isPartOf\":{\"@id\":\"https:\/\/www.oxigenoarquitectura.com\/#website\"},\"datePublished\":\"2020-07-07T19:08:56+00:00\",\"dateModified\":\"2020-07-07T22:04:18+00:00\",\"breadcrumb\":{\"@id\":\"https:\/\/www.oxigenoarquitectura.com\/innovacion-el-uso-de-la-tecnologia-para-nuestro-beneficio\/#breadcrumb\"},\"inLanguage\":\"en-US\",\"potentialAction\":[{\"@type\":\"ReadAction\",\"target\":[\"https:\/\/www.oxigenoarquitectura.com\/innovacion-el-uso-de-la-tecnologia-para-nuestro-beneficio\/\"]}]},{\"@type\":\"BreadcrumbList\",\"@id\":\"https:\/\/www.oxigenoarquitectura.com\/innovacion-el-uso-de-la-tecnologia-para-nuestro-beneficio\/#breadcrumb\",\"itemListElement\":[{\"@type\":\"ListItem\",\"position\":1,\"name\":\"Portada\",\"item\":\"https:\/\/www.oxigenoarquitectura.com\/\"},{\"@type\":\"ListItem\",\"position\":2,\"name\":\"Innovaci\u00f3n, el uso de la tecnolog\u00eda para nuestro beneficio.\"}]},{\"@type\":\"WebSite\",\"@id\":\"https:\/\/www.oxigenoarquitectura.com\/#website\",\"url\":\"https:\/\/www.oxigenoarquitectura.com\/\",\"name\":\"Ox\u00edgeno Arquitectura\",\"description\":\"Arquitectura e Interiorismo\",\"publisher\":{\"@id\":\"https:\/\/www.oxigenoarquitectura.com\/#organization\"},\"potentialAction\":[{\"@type\":\"SearchAction\",\"target\":{\"@type\":\"EntryPoint\",\"urlTemplate\":\"https:\/\/www.oxigenoarquitectura.com\/?s={search_term_string}\"},\"query-input\":\"required name=search_term_string\"}],\"inLanguage\":\"en-US\"},{\"@type\":\"Organization\",\"@id\":\"https:\/\/www.oxigenoarquitectura.com\/#organization\",\"name\":\"Ox\u00edgeno Arquitectura\",\"url\":\"https:\/\/www.oxigenoarquitectura.com\/\",\"logo\":{\"@type\":\"ImageObject\",\"inLanguage\":\"en-US\",\"@id\":\"https:\/\/www.oxigenoarquitectura.com\/#\/schema\/logo\/image\/\",\"url\":\"https:\/\/www.oxigenoarquitectura.com\/wp-content\/uploads\/2021\/10\/LOGO-O2A-02.png\",\"contentUrl\":\"https:\/\/www.oxigenoarquitectura.com\/wp-content\/uploads\/2021\/10\/LOGO-O2A-02.png\",\"width\":280,\"height\":36,\"caption\":\"Ox\u00edgeno Arquitectura\"},\"image\":{\"@id\":\"https:\/\/www.oxigenoarquitectura.com\/#\/schema\/logo\/image\/\"},\"sameAs\":[\"https:\/\/www.facebook.com\/OxigenoArquitectura\/\",\"https:\/\/x.com\/OxigenoArq\",\"https:\/\/www.instagram.com\/oxigeno_arquitectura\/\",\"https:\/\/www.linkedin.com\/in\/oxigeno-arquitectura-8487a375\/\"]}]}<\/script>\n<!-- \/ Yoast SEO plugin. -->","yoast_head_json":{"title":"Innovaci\u00f3n, el uso de la tecnolog\u00eda para nuestro beneficio. &#8211; Ox\u00edgeno Arquitectura","robots":{"index":"index","follow":"follow","max-snippet":"max-snippet:-1","max-image-preview":"max-image-preview:large","max-video-preview":"max-video-preview:-1"},"canonical":"https:\/\/www.oxigenoarquitectura.com\/en\/innovacion-el-uso-de-la-tecnologia-para-nuestro-beneficio\/","og_locale":"en_US","og_type":"article","og_title":"Innovaci\u00f3n, el uso de la tecnolog\u00eda para nuestro beneficio. &#8211; Ox\u00edgeno Arquitectura","og_description":"Innovaci\u00f3n: el uso de la tecnolog\u00eda en nuestro beneficio","og_url":"https:\/\/www.oxigenoarquitectura.com\/en\/innovacion-el-uso-de-la-tecnologia-para-nuestro-beneficio\/","og_site_name":"Ox\u00edgeno Arquitectura","article_publisher":"https:\/\/www.facebook.com\/OxigenoArquitectura\/","article_modified_time":"2020-07-07T22:04:18+00:00","twitter_card":"summary_large_image","twitter_site":"@OxigenoArq","twitter_misc":{"Est. reading time":"1 minute"},"schema":{"@context":"https:\/\/schema.org","@graph":[{"@type":"WebPage","@id":"https:\/\/www.oxigenoarquitectura.com\/innovacion-el-uso-de-la-tecnologia-para-nuestro-beneficio\/","url":"https:\/\/www.oxigenoarquitectura.com\/innovacion-el-uso-de-la-tecnologia-para-nuestro-beneficio\/","name":"Innovaci\u00f3n, el uso de la tecnolog\u00eda para nuestro beneficio. &#8211; Ox\u00edgeno Arquitectura","isPartOf":{"@id":"https:\/\/www.oxigenoarquitectura.com\/#website"},"datePublished":"2020-07-07T19:08:56+00:00","dateModified":"2020-07-07T22:04:18+00:00","breadcrumb":{"@id":"https:\/\/www.oxigenoarquitectura.com\/innovacion-el-uso-de-la-tecnologia-para-nuestro-beneficio\/#breadcrumb"},"inLanguage":"en-US","potentialAction":[{"@type":"ReadAction","target":["https:\/\/www.oxigenoarquitectura.com\/innovacion-el-uso-de-la-tecnologia-para-nuestro-beneficio\/"]}]},{"@type":"BreadcrumbList","@id":"https:\/\/www.oxigenoarquitectura.com\/innovacion-el-uso-de-la-tecnologia-para-nuestro-beneficio\/#breadcrumb","itemListElement":[{"@type":"ListItem","position":1,"name":"Portada","item":"https:\/\/www.oxigenoarquitectura.com\/"},{"@type":"ListItem","position":2,"name":"Innovaci\u00f3n, el uso de la tecnolog\u00eda para nuestro beneficio."}]},{"@type":"WebSite","@id":"https:\/\/www.oxigenoarquitectura.com\/#website","url":"https:\/\/www.oxigenoarquitectura.com\/","name":"Ox\u00edgeno Arquitectura","description":"Arquitectura e Interiorismo","publisher":{"@id":"https:\/\/www.oxigenoarquitectura.com\/#organization"},"potentialAction":[{"@type":"SearchAction","target":{"@type":"EntryPoint","urlTemplate":"https:\/\/www.oxigenoarquitectura.com\/?s={search_term_string}"},"query-input":"required name=search_term_string"}],"inLanguage":"en-US"},{"@type":"Organization","@id":"https:\/\/www.oxigenoarquitectura.com\/#organization","name":"Ox\u00edgeno Arquitectura","url":"https:\/\/www.oxigenoarquitectura.com\/","logo":{"@type":"ImageObject","inLanguage":"en-US","@id":"https:\/\/www.oxigenoarquitectura.com\/#\/schema\/logo\/image\/","url":"https:\/\/www.oxigenoarquitectura.com\/wp-content\/uploads\/2021\/10\/LOGO-O2A-02.png","contentUrl":"https:\/\/www.oxigenoarquitectura.com\/wp-content\/uploads\/2021\/10\/LOGO-O2A-02.png","width":280,"height":36,"caption":"Ox\u00edgeno Arquitectura"},"image":{"@id":"https:\/\/www.oxigenoarquitectura.com\/#\/schema\/logo\/image\/"},"sameAs":["https:\/\/www.facebook.com\/OxigenoArquitectura\/","https:\/\/x.com\/OxigenoArq","https:\/\/www.instagram.com\/oxigeno_arquitectura\/","https:\/\/www.linkedin.com\/in\/oxigeno-arquitectura-8487a375\/"]}]}},"_links":{"self":[{"href":"http:\/\/www.oxigenoarquitectura.com\/en\/wp-json\/wp\/v2\/pages\/6011"}],"collection":[{"href":"http:\/\/www.oxigenoarquitectura.com\/en\/wp-json\/wp\/v2\/pages"}],"about":[{"href":"http:\/\/www.oxigenoarquitectura.com\/en\/wp-json\/wp\/v2\/types\/page"}],"author":[{"embeddable":true,"href":"http:\/\/www.oxigenoarquitectura.com\/en\/wp-json\/wp\/v2\/users\/7"}],"replies":[{"embeddable":true,"href":"http:\/\/www.oxigenoarquitectura.com\/en\/wp-json\/wp\/v2\/comments?post=6011"}],"version-history":[{"count":5,"href":"http:\/\/www.oxigenoarquitectura.com\/en\/wp-json\/wp\/v2\/pages\/6011\/revisions"}],"predecessor-version":[{"id":6015,"href":"http:\/\/www.oxigenoarquitectura.com\/en\/wp-json\/wp\/v2\/pages\/6011\/revisions\/6015"}],"wp:attachment":[{"href":"http:\/\/www.oxigenoarquitectura.com\/en\/wp-json\/wp\/v2\/media?parent=6011"}],"curies":[{"name":"wp","href":"https:\/\/api.w.org\/{rel}","templated":true}]}}