{"id":1289,"date":"2017-04-20T17:02:50","date_gmt":"2017-04-20T17:02:50","guid":{"rendered":"http:\/\/www.oxigenoarquitectura.com\/?page_id=1289"},"modified":"2021-11-24T00:42:13","modified_gmt":"2021-11-24T00:42:13","slug":"itesmnuevosur","status":"publish","type":"page","link":"https:\/\/www.oxigenoarquitectura.com\/en\/itesmnuevosur\/","title":{"rendered":"ITESM NUEVO SUR"},"content":{"rendered":"<div id=\"pl-1289\"  class=\"panel-layout\" ><div id=\"pg-1289-0\"  class=\"panel-grid panel-has-style\" ><div class=\"siteorigin-panels-stretch panel-row-style panel-row-style-for-1289-0\" style=\"padding: 100px 0; \" data-stretch-type=\"full\" data-overlay=\"true\" data-overlay-color=\"#000000\" ><div id=\"pgc-1289-0-0\"  class=\"panel-grid-cell panel-grid-cell-empty\" ><\/div><\/div><\/div><div id=\"pg-1289-1\"  class=\"panel-grid panel-has-style\" ><div class=\"siteorigin-panels-stretch panel-row-style panel-row-style-for-1289-1\" style=\"padding: 5px 0; \" data-stretch-type=\"full\" data-overlay=\"true\" data-overlay-color=\"#000000\" ><div id=\"pgc-1289-1-0\"  class=\"panel-grid-cell\" ><div id=\"panel-1289-1-0-0\" class=\"so-panel widget widget_text panel-first-child panel-last-child\" data-index=\"0\" ><div style=\"text-align: left;\" data-title-color=\"#443f3f\" data-headings-color=\"#443f3f\" class=\"panel-widget-style panel-widget-style-for-1289-1-0-0\" >\t\t\t<div class=\"textwidget\"><div class='white' style='background:rgba(0,0,0,0); border:solid 0px rgba(0,0,0,0); border-radius:0px; padding:0px 0px 0px 0px;'>\n<div id='slider_3694' class='owl-carousel sa_owl_theme owl-pagination-true autohide-arrows' data-slider-id='slider_3694' style='visibility:hidden;'>\n<div id='slider_3694_slide01' class='sa_hover_container' style='padding:5% 5%; margin:0px 0%; background-image:url(&quot;https:\/\/www.oxigenoarquitectura.com\/wp-content\/uploads\/2019\/09\/ITESM-NS-05.jpg&quot;); background-position:center center; background-size:cover; background-repeat:no-repeat; '>\n<div class='sa_hover_buttons' style='top:50%; left:50%; margin-top:-20px; margin-left:-20px;'><a class='sa_slide_link_icon' href='http:\/\/www.oxigenoarquitectura.com\/wp-content\/uploads\/2019\/09\/ITESM-NS-05.jpg' target='_blank' title='' aria-label='' rel=\"noopener\"><\/a><\/div>\n<\/div>\n<div id='slider_3694_slide02' class='sa_hover_container' style='padding:5% 5%; margin:0px 0%; background-image:url(&quot;https:\/\/www.oxigenoarquitectura.com\/wp-content\/uploads\/2019\/09\/ITESM-NS-03.jpg&quot;); background-position:center center; background-size:cover; background-repeat:no-repeat; '>\n<div class='sa_hover_buttons' style='top:50%; left:50%; margin-top:-20px; margin-left:-20px;'><a class='sa_slide_link_icon' href='http:\/\/www.oxigenoarquitectura.com\/wp-content\/uploads\/2019\/09\/ITESM-NS-03.jpg' target='_blank' title='' aria-label='' rel=\"noopener\"><\/a><\/div>\n<\/div>\n<div id='slider_3694_slide03' class='sa_hover_container' style='padding:5% 5%; margin:0px 0%; background-image:url(&quot;https:\/\/www.oxigenoarquitectura.com\/wp-content\/uploads\/2019\/09\/ITESM-NS-04.jpg&quot;); background-position:center center; background-size:cover; background-repeat:no-repeat; '>\n<div class='sa_hover_buttons' style='top:50%; left:50%; margin-top:-20px; margin-left:-20px;'><a class='sa_slide_link_icon' href='http:\/\/www.oxigenoarquitectura.com\/wp-content\/uploads\/2019\/09\/ITESM-NS-04.jpg' target='_blank' title='' aria-label='' rel=\"noopener\"><\/a><\/div>\n<\/div>\n<div id='slider_3694_slide04' class='sa_hover_container' style='padding:5% 5%; margin:0px 0%; background-image:url(&quot;https:\/\/www.oxigenoarquitectura.com\/wp-content\/uploads\/2019\/09\/ITESM-NS-01.jpg&quot;); background-position:center center; background-size:cover; background-repeat:no-repeat; '>\n<div class='sa_hover_buttons' style='top:50%; left:50%; margin-top:-20px; margin-left:-20px;'><a class='sa_slide_link_icon' href='http:\/\/www.oxigenoarquitectura.com\/wp-content\/uploads\/2019\/09\/ITESM-NS-01.jpg' target='_blank' title='' aria-label='' rel=\"noopener\"><\/a><\/div>\n<\/div>\n<div id='slider_3694_slide05' class='sa_hover_container' style='padding:5% 5%; margin:0px 0%; background-image:url(&quot;https:\/\/www.oxigenoarquitectura.com\/wp-content\/uploads\/2019\/09\/ITESM-NS-02.jpg&quot;); background-position:center center; background-size:cover; background-repeat:no-repeat; '>\n<div class='sa_hover_buttons' style='top:50%; left:50%; margin-top:-20px; margin-left:-20px;'><a class='sa_slide_link_icon' href='http:\/\/www.oxigenoarquitectura.com\/wp-content\/uploads\/2019\/09\/ITESM-NS-01.jpg' target='_blank' title='' aria-label='' rel=\"noopener\"><\/a><\/div>\n<\/div>\n<\/div>\n<\/div>\n<p><script type='text\/javascript'>\n\tjQuery(document).ready(function() {\n\t\tjQuery('#slider_3694').owlCarousel({\n\t\t\titems : 1,\n\t\t\tanimateOut : 'fadeOut',\n\t\t\tsmartSpeed : 200,\n\t\t\tautoplay : true,\n\t\t\tautoplayTimeout : 3000,\n\t\t\tautoplayHoverPause : true,\n\t\t\tsmartSpeed : 200,\n\t\t\tfluidSpeed : 200,\n\t\t\tautoplaySpeed : 200,\n\t\t\tnavSpeed : 200,\n\t\t\tdotsSpeed : 200,\n\t\t\tloop : true,\n\t\t\tnav : true,\n\t\t\tnavText : ['Previous','Next'],\n\t\t\tdots : true,\n\t\t\tresponsiveRefreshRate : 200,\n\t\t\tslideBy : 1,\n\t\t\tmergeFit : true,\n\t\t\tautoHeight : false,\n\t\t\tmouseDrag : true,\n\t\t\ttouchDrag : true\n\t\t});\n\t\tjQuery('#slider_3694').css('visibility', 'visible');\n\t\tsa_resize_slider_3694();\n\t\twindow.addEventListener('resize', sa_resize_slider_3694);\n\t\tfunction sa_resize_slider_3694() {\n\t\t\tvar min_height = 'aspect169';\n\t\t\tvar win_width = jQuery(window).width();\n\t\t\tvar slider_width = jQuery('#slider_3694').width();\n\t\t\tif (win_width < 480) {\n\t\t\t\tvar slide_width = slider_width \/ 1;\n\t\t\t} else if (win_width < 768) {\n\t\t\t\tvar slide_width = slider_width \/ 1;\n\t\t\t} else if (win_width < 980) {\n\t\t\t\tvar slide_width = slider_width \/ 1;\n\t\t\t} else if (win_width < 1200) {\n\t\t\t\tvar slide_width = slider_width \/ 1;\n\t\t\t} else if (win_width < 1500) {\n\t\t\t\tvar slide_width = slider_width \/ 1;\n\t\t\t} else {\n\t\t\t\tvar slide_width = slider_width \/ 1;\n\t\t\t}\n\t\t\tslide_width = Math.round(slide_width);\n\t\t\tvar slide_height = '0';\n\t\t\tif (min_height == 'aspect43') {\n\t\t\t\tslide_height = (slide_width \/ 4) * 3;\t\t\t\tslide_height = Math.round(slide_height);\n\t\t\t} else if (min_height == 'aspect169') {\n\t\t\t\tslide_height = (slide_width \/ 16) * 9;\t\t\t\tslide_height = Math.round(slide_height);\n\t\t\t} else {\n\t\t\t\tslide_height = (slide_width \/ 100) * min_height;\t\t\t\tslide_height = Math.round(slide_height);\n\t\t\t}\n\t\t\tjQuery('#slider_3694 .owl-item .sa_hover_container').css('min-height', slide_height+'px');\n\t\t}\n\t\tvar owl_goto = jQuery('#slider_3694');\n\t\tjQuery('.slider_3694_goto1').click(function(event){\n\t\t\towl_goto.trigger('to.owl.carousel', 0);\n\t\t});\n\t\tjQuery('.slider_3694_goto2').click(function(event){\n\t\t\towl_goto.trigger('to.owl.carousel', 1);\n\t\t});\n\t\tjQuery('.slider_3694_goto3').click(function(event){\n\t\t\towl_goto.trigger('to.owl.carousel', 2);\n\t\t});\n\t\tjQuery('.slider_3694_goto4').click(function(event){\n\t\t\towl_goto.trigger('to.owl.carousel', 3);\n\t\t});\n\t\tjQuery('.slider_3694_goto5').click(function(event){\n\t\t\towl_goto.trigger('to.owl.carousel', 4);\n\t\t});\n\t\tvar resize_3694 = jQuery('.owl-carousel');\n\t\tresize_3694.on('initialized.owl.carousel', function(e) {\n\t\t\tif (typeof(Event) === 'function') {\n\t\t\t\twindow.dispatchEvent(new Event('resize'));\n\t\t\t} else {\n\t\t\t\tvar evt = window.document.createEvent('UIEvents');\n\t\t\t\tevt.initUIEvent('resize', true, false, window, 0);\n\t\t\t\twindow.dispatchEvent(evt);\n\t\t\t}\n\t\t});\n\t});\n<\/script><\/p>\n<\/div>\n\t\t<\/div><\/div><\/div><\/div><\/div><div id=\"pg-1289-2\"  class=\"panel-grid panel-has-style\" ><div class=\"siteorigin-panels-stretch panel-row-style panel-row-style-for-1289-2\" style=\"padding: 1px 0; \" data-stretch-type=\"full\" data-overlay=\"true\" data-overlay-color=\"#000000\" ><div id=\"pgc-1289-2-0\"  class=\"panel-grid-cell\" ><div id=\"panel-1289-2-0-0\" class=\"so-panel widget widget_sow-editor panel-first-child panel-last-child\" data-index=\"1\" ><div style=\"text-align: left;\" data-title-color=\"#443f3f\" data-headings-color=\"#443f3f\" class=\"panel-widget-style panel-widget-style-for-1289-2-0-0\" ><div\n\t\t\t\n\t\t\tclass=\"so-widget-sow-editor so-widget-sow-editor-base\"\n\t\t\t\n\t\t>\n<div class=\"siteorigin-widget-tinymce textwidget\">\n\t<p style=\"text-align: center;\"><span style=\"font-size: 10pt; font-family: 'Jost', sans-serif;\">ITESM Nuevo Sur, Monterrey \/ Fotograf\u00eda \u00a9 Jorge Guadarrama<\/span><\/p>\n<\/div>\n<\/div><\/div><\/div><\/div><\/div><\/div><div id=\"pg-1289-3\"  class=\"panel-grid panel-has-style\" ><div class=\"siteorigin-panels-stretch panel-row-style panel-row-style-for-1289-3\" style=\"padding: 50px 0; \" data-stretch-type=\"full\" data-overlay=\"true\" data-overlay-color=\"#000000\" ><div id=\"pgc-1289-3-0\"  class=\"panel-grid-cell\" ><div id=\"panel-1289-3-0-0\" class=\"so-panel widget widget_sow-editor panel-first-child panel-last-child\" data-index=\"2\" ><div style=\"text-align: left;\" data-title-color=\"#443f3f\" data-headings-color=\"#443f3f\" class=\"panel-widget-style panel-widget-style-for-1289-3-0-0\" ><div\n\t\t\t\n\t\t\tclass=\"so-widget-sow-editor so-widget-sow-editor-base\"\n\t\t\t\n\t\t>\n<div class=\"siteorigin-widget-tinymce textwidget\">\n\t<p style=\"text-align: left;\"><span style=\"font-family: 'Jost', sans-serif; color: #333333; font-size: 24pt;\"><span style=\"font-family: bold;\"><strong>ITESM Nuevo Sur<\/strong><\/span><\/span><br \/>\n<span style=\"font-family: bold; font-size: 14pt; color: #808080;\"><span style=\"font-family: bold;\">Corporativo Monterrey\u00a0<\/span><\/span><\/p>\n<p style=\"text-align: left;\">\n<\/div>\n<\/div><\/div><\/div><\/div><div id=\"pgc-1289-3-1\"  class=\"panel-grid-cell panel-grid-cell-empty panel-grid-cell-mobile-last\" ><\/div><div id=\"pgc-1289-3-2\"  class=\"panel-grid-cell panel-grid-cell-empty\" ><\/div><\/div><\/div><div id=\"pg-1289-4\"  class=\"panel-grid panel-has-style\" ><div class=\"siteorigin-panels-stretch panel-row-style panel-row-style-for-1289-4\" style=\"padding: 5px 0; \" data-stretch-type=\"full\" data-overlay=\"true\" data-overlay-color=\"#000000\" ><div id=\"pgc-1289-4-0\"  class=\"panel-grid-cell\" ><div id=\"panel-1289-4-0-0\" class=\"so-panel widget widget_sow-editor panel-first-child panel-last-child\" data-index=\"3\" ><div style=\"text-align: left;\" data-title-color=\"#443f3f\" data-headings-color=\"#443f3f\" class=\"panel-widget-style panel-widget-style-for-1289-4-0-0\" ><div\n\t\t\t\n\t\t\tclass=\"so-widget-sow-editor so-widget-sow-editor-base\"\n\t\t\t\n\t\t>\n<div class=\"siteorigin-widget-tinymce textwidget\">\n\t<p style=\"text-align: left;\"><span style=\"font-size: 14pt; font-family: 'Jost', sans-serif;\">El proyecto de ITESM Nuevo Sur en Monterrey Nuevo Le\u00f3n, es \u00fanico en el tema de funcionamiento, esto se logro estableciendo un dise\u00f1o en el cual el 100% de las estaciones de trabajo son NO asignadas, lo cual permite que exista un libre uso de cualquiera de ellas. Por cuesti\u00f3n de dise\u00f1o se evito crear espacios privados para tener una mayor eficiencia de cada una de las \u00e1reas. Esto a su vez, permite que exista un gran ahorro de energ\u00eda en el corporativo hasta en un 40% menos que en un edificio corporativo convencional. Al existir esta flexibilidad, el corporativo tiene su propia identidad sin perder el funcionamiento para los usuarios, pensando mas en cada uno de ellos logrando un proyecto sustentable y de vanguardia<\/span><\/p>\n<p style=\"text-align: left;\">\n<\/div>\n<\/div><\/div><\/div><\/div><div id=\"pgc-1289-4-1\"  class=\"panel-grid-cell panel-grid-cell-empty\" ><\/div><div id=\"pgc-1289-4-2\"  class=\"panel-grid-cell\" ><div id=\"panel-1289-4-2-0\" class=\"so-panel widget widget_sow-editor panel-first-child panel-last-child\" data-index=\"4\" ><div style=\"text-align: left;\" data-title-color=\"#443f3f\" data-headings-color=\"#443f3f\" class=\"panel-widget-style panel-widget-style-for-1289-4-2-0\" ><div\n\t\t\t\n\t\t\tclass=\"so-widget-sow-editor so-widget-sow-editor-base\"\n\t\t\t\n\t\t>\n<div class=\"siteorigin-widget-tinymce textwidget\">\n\t<p style=\"text-align: left;\"><span style=\"font-family: itcavantgradestd; font-size: 10pt;\"><span style=\"font-family: bold;\">UBICACI\u00d3N:<\/span> <span style=\"color: #808080;\">Monterrey, Nuevo Le\u00f3n<\/span><\/span><br \/>\n<span style=\"font-family: itcavantgradestd; font-size: 10pt;\"><span style=\"font-family: bold;\"> A\u00d1O DE TERMINACI\u00d3N:<\/span>\u00a0<span style=\"color: #808080;\">2018<\/span><\/span><br \/>\n<span style=\"font-family: itcavantgradestd; font-size: 10pt;\"><span style=\"font-family: bold;\"> TIPO DE PROYECTO:<\/span> <span style=\"color: #808080;\">Corporativo \/ Interiores<\/span><\/span><br \/>\n<span style=\"font-family: itcavantgradestd; font-size: 10pt;\"><span style=\"font-family: bold;\"> RUBRO DE LA EMPRESA:<\/span>\u00a0<span style=\"color: #808080;\">Educaci\u00f3n e Investigaci\u00f3n<\/span><\/span><br \/>\n<span style=\"font-family: itcavantgradestd; font-size: 10pt;\"><span style=\"font-family: bold;\"> SUPERFICIE:<\/span>\u00a0<span style=\"color: #808080;\">9,500 m\u00b2<\/span><\/span><\/p>\n<p>&nbsp;<\/p>\n<p style=\"text-align: left;\"><span style=\"font-family: bold; font-size: 8pt;\">EQUIPO OXIGENO ARQUITECTURA:\u00a0<\/span><\/p>\n<p><span style=\"font-family: itcavantgradestd; font-size: 8pt; color: #808080;\">Gerardo Gavito Gleasson \u2013 Gerente de Proyecto<\/span><br \/>\n<span style=\"font-family: itcavantgradestd; font-size: 8pt; color: #808080;\">Jorge Armend\u00e1riz Serrano \u2013 Socio director<\/span><br \/>\n<span style=\"font-family: itcavantgradestd; font-size: 8pt; color: #808080;\">Beatriz Jim\u00e9nez Fern\u00e1ndez \u2013 Taller de dise\u00f1o.<\/span><br \/>\n<span style=\"font-family: itcavantgradestd; font-size: 8pt; color: #808080;\">Jimena Michel Espa\u00f1a \u2013 Taller de dise\u00f1o.<\/span><br \/>\n<span style=\"font-family: itcavantgradestd; font-size: 8pt; color: #808080;\">Christian Pastrana Castro \u2013 Taller de dise\u00f1o.<\/span><br \/>\n<span style=\"font-family: itcavantgradestd; font-size: 8pt; color: #808080;\">Natasha Osman \u00c1lvarez \u2013 Directora de dise\u00f1o.<\/span><br \/>\n<span style=\"font-family: itcavantgradestd; font-size: 8pt; color: #808080;\">Mario Rej\u00f3n Gonz\u00e1lez \u2013 Ac\u00fastica.<\/span><br \/>\n<span style=\"font-family: itcavantgradestd; font-size: 8pt; color: #808080;\">Josep Francisco Reyes Bonastre \u2013 Taller de dise\u00f1o.<\/span><br \/>\n<span style=\"font-family: itcavantgradestd; font-size: 8pt; color: #808080;\">Yuri Rodr\u00edguez P\u00e9rez \u2013 Dise\u00f1ador multimedia<\/span><br \/>\n<span style=\"font-family: itcavantgradestd; font-size: 8pt; color: #808080;\">Sa\u00fal Santiago Diaz \u2013 Taller de dise\u00f1o.<\/span><br \/>\n<span style=\"font-family: itcavantgradestd; font-size: 8pt; color: #808080;\">Luis \u00c1ngel Vargas Barrag\u00e1n \u2013 Taller de dise\u00f1o.<\/span><br \/>\n<span style=\"font-family: itcavantgradestd; font-size: 8pt; color: #808080;\">\u00c9rika Vega Garc\u00eda \u2013 Taller de dise\u00f1o.<\/span><br \/>\n<span style=\"font-family: itcavantgradestd; font-size: 8pt; color: #808080;\">V\u00edctor Castro Veloz \u2013 Dise\u00f1o Gr\u00e1fico<\/span><br \/>\n<span style=\"font-family: itcavantgradestd; font-size: 8pt; color: #808080;\">Alfredo Flores \u2013 Nuevos Negocios<\/span><\/p>\n<p style=\"text-align: left;\">\n<p style=\"text-align: left;\"><span style=\"font-family: itcavantgradestd;\">\u00a0<\/span><\/p>\n<\/div>\n<\/div><\/div><\/div><\/div><\/div><\/div><div id=\"pg-1289-5\"  class=\"panel-grid panel-has-style\" ><div style=\"padding: 100px 0; \" data-overlay=\"true\" data-overlay-color=\"#000000\" class=\"panel-row-style panel-row-style-for-1289-5\" ><div id=\"pgc-1289-5-0\"  class=\"panel-grid-cell panel-grid-cell-empty\" ><\/div><div id=\"pgc-1289-5-1\"  class=\"panel-grid-cell panel-grid-cell-mobile-last\" ><div id=\"panel-1289-5-1-0\" class=\"so-panel widget widget_sow-button panel-first-child panel-last-child\" data-index=\"5\" ><div style=\"text-align: left;\" data-title-color=\"#443f3f\" data-headings-color=\"#443f3f\" class=\"panel-widget-style panel-widget-style-for-1289-5-1-0\" ><div\n\t\t\t\n\t\t\tclass=\"so-widget-sow-button so-widget-sow-button-wire-50ed9cd8b8ed-1289\"\n\t\t\t\n\t\t><div class=\"ow-button-base ow-button-align-center\"\n>\n\t\t\t<a\n\t\t\t\t\thref=\"https:\/\/www.oxigenoarquitectura.com\/en\/interiorismo_o2a\/\"\n\t\t\t\t\tclass=\"sowb-button ow-icon-placement-bottom\" \t>\n\t\t<span>\n\t\t\t<span class=\"sow-icon-fontawesome sow-fas\" data-sow-icon=\"&#xf141;\"\n\t\tstyle=\"color: #0a0a0a\" \n\t\taria-hidden=\"true\"><\/span>\n\t\t\tRegresar\t\t<\/span>\n\t\t\t<\/a>\n\t<\/div>\n<\/div><\/div><\/div><\/div><div id=\"pgc-1289-5-2\"  class=\"panel-grid-cell panel-grid-cell-empty\" ><\/div><\/div><\/div><\/div>","protected":false},"excerpt":{"rendered":"<p>ITESM Nuevo Sur, Monterrey \/ Fotograf\u00eda \u00a9 Jorge Guadarrama ITESM Nuevo Sur Corporativo Monterrey\u00a0 El proyecto de ITESM Nuevo Sur en Monterrey Nuevo Le\u00f3n, es \u00fanico en el tema de funcionamiento, esto se logro estableciendo un dise\u00f1o en el cual el 100% de las estaciones de trabajo son NO asignadas, lo cual permite que exista [&hellip;]<\/p>","protected":false},"author":7,"featured_media":0,"parent":0,"menu_order":87,"comment_status":"closed","ping_status":"closed","template":"page-templates\/page_front-page.php","meta":{"_exactmetrics_skip_tracking":false,"_exactmetrics_sitenote_active":false,"_exactmetrics_sitenote_note":"","_exactmetrics_sitenote_category":0,"footnotes":""},"yoast_head":"<!-- This site is optimized with the Yoast SEO plugin v22.7 - https:\/\/yoast.com\/wordpress\/plugins\/seo\/ -->\n<title>ITESM NUEVO SUR &#8211; Ox\u00edgeno Arquitectura<\/title>\n<meta name=\"robots\" content=\"index, follow, max-snippet:-1, max-image-preview:large, max-video-preview:-1\" \/>\n<link rel=\"canonical\" href=\"https:\/\/www.oxigenoarquitectura.com\/en\/itesmnuevosur\/\" \/>\n<meta property=\"og:locale\" content=\"en_US\" \/>\n<meta property=\"og:type\" content=\"article\" \/>\n<meta property=\"og:title\" content=\"ITESM NUEVO SUR &#8211; Ox\u00edgeno Arquitectura\" \/>\n<meta property=\"og:description\" content=\"ITESM Nuevo Sur, Monterrey \/ Fotograf\u00eda \u00a9 Jorge Guadarrama ITESM Nuevo Sur Corporativo Monterrey\u00a0 El proyecto de ITESM Nuevo Sur en Monterrey Nuevo Le\u00f3n, es \u00fanico en el tema de funcionamiento, esto se logro estableciendo un dise\u00f1o en el cual el 100% de las estaciones de trabajo son NO asignadas, lo cual permite que exista [&hellip;]\" \/>\n<meta property=\"og:url\" content=\"https:\/\/www.oxigenoarquitectura.com\/en\/itesmnuevosur\/\" \/>\n<meta property=\"og:site_name\" content=\"Ox\u00edgeno Arquitectura\" \/>\n<meta property=\"article:publisher\" content=\"https:\/\/www.facebook.com\/OxigenoArquitectura\/\" \/>\n<meta property=\"article:modified_time\" content=\"2021-11-24T00:42:13+00:00\" \/>\n<meta name=\"twitter:card\" content=\"summary_large_image\" \/>\n<meta name=\"twitter:site\" content=\"@OxigenoArq\" \/>\n<meta name=\"twitter:label1\" content=\"Est. reading time\" \/>\n\t<meta name=\"twitter:data1\" content=\"1 minute\" \/>\n<script type=\"application\/ld+json\" class=\"yoast-schema-graph\">{\"@context\":\"https:\/\/schema.org\",\"@graph\":[{\"@type\":\"WebPage\",\"@id\":\"https:\/\/www.oxigenoarquitectura.com\/itesmnuevosur\/\",\"url\":\"https:\/\/www.oxigenoarquitectura.com\/itesmnuevosur\/\",\"name\":\"ITESM NUEVO SUR &#8211; Ox\u00edgeno Arquitectura\",\"isPartOf\":{\"@id\":\"https:\/\/www.oxigenoarquitectura.com\/#website\"},\"datePublished\":\"2017-04-20T17:02:50+00:00\",\"dateModified\":\"2021-11-24T00:42:13+00:00\",\"breadcrumb\":{\"@id\":\"https:\/\/www.oxigenoarquitectura.com\/itesmnuevosur\/#breadcrumb\"},\"inLanguage\":\"en-US\",\"potentialAction\":[{\"@type\":\"ReadAction\",\"target\":[\"https:\/\/www.oxigenoarquitectura.com\/itesmnuevosur\/\"]}]},{\"@type\":\"BreadcrumbList\",\"@id\":\"https:\/\/www.oxigenoarquitectura.com\/itesmnuevosur\/#breadcrumb\",\"itemListElement\":[{\"@type\":\"ListItem\",\"position\":1,\"name\":\"Portada\",\"item\":\"https:\/\/www.oxigenoarquitectura.com\/\"},{\"@type\":\"ListItem\",\"position\":2,\"name\":\"ITESM NUEVO SUR\"}]},{\"@type\":\"WebSite\",\"@id\":\"https:\/\/www.oxigenoarquitectura.com\/#website\",\"url\":\"https:\/\/www.oxigenoarquitectura.com\/\",\"name\":\"Ox\u00edgeno Arquitectura\",\"description\":\"Arquitectura e Interiorismo\",\"publisher\":{\"@id\":\"https:\/\/www.oxigenoarquitectura.com\/#organization\"},\"potentialAction\":[{\"@type\":\"SearchAction\",\"target\":{\"@type\":\"EntryPoint\",\"urlTemplate\":\"https:\/\/www.oxigenoarquitectura.com\/?s={search_term_string}\"},\"query-input\":\"required name=search_term_string\"}],\"inLanguage\":\"en-US\"},{\"@type\":\"Organization\",\"@id\":\"https:\/\/www.oxigenoarquitectura.com\/#organization\",\"name\":\"Ox\u00edgeno Arquitectura\",\"url\":\"https:\/\/www.oxigenoarquitectura.com\/\",\"logo\":{\"@type\":\"ImageObject\",\"inLanguage\":\"en-US\",\"@id\":\"https:\/\/www.oxigenoarquitectura.com\/#\/schema\/logo\/image\/\",\"url\":\"https:\/\/www.oxigenoarquitectura.com\/wp-content\/uploads\/2021\/10\/LOGO-O2A-02.png\",\"contentUrl\":\"https:\/\/www.oxigenoarquitectura.com\/wp-content\/uploads\/2021\/10\/LOGO-O2A-02.png\",\"width\":280,\"height\":36,\"caption\":\"Ox\u00edgeno Arquitectura\"},\"image\":{\"@id\":\"https:\/\/www.oxigenoarquitectura.com\/#\/schema\/logo\/image\/\"},\"sameAs\":[\"https:\/\/www.facebook.com\/OxigenoArquitectura\/\",\"https:\/\/x.com\/OxigenoArq\",\"https:\/\/www.instagram.com\/oxigeno_arquitectura\/\",\"https:\/\/www.linkedin.com\/in\/oxigeno-arquitectura-8487a375\/\"]}]}<\/script>\n<!-- \/ Yoast SEO plugin. -->","yoast_head_json":{"title":"ITESM NUEVO SUR &#8211; Ox\u00edgeno Arquitectura","robots":{"index":"index","follow":"follow","max-snippet":"max-snippet:-1","max-image-preview":"max-image-preview:large","max-video-preview":"max-video-preview:-1"},"canonical":"https:\/\/www.oxigenoarquitectura.com\/en\/itesmnuevosur\/","og_locale":"en_US","og_type":"article","og_title":"ITESM NUEVO SUR &#8211; Ox\u00edgeno Arquitectura","og_description":"ITESM Nuevo Sur, Monterrey \/ Fotograf\u00eda \u00a9 Jorge Guadarrama ITESM Nuevo Sur Corporativo Monterrey\u00a0 El proyecto de ITESM Nuevo Sur en Monterrey Nuevo Le\u00f3n, es \u00fanico en el tema de funcionamiento, esto se logro estableciendo un dise\u00f1o en el cual el 100% de las estaciones de trabajo son NO asignadas, lo cual permite que exista [&hellip;]","og_url":"https:\/\/www.oxigenoarquitectura.com\/en\/itesmnuevosur\/","og_site_name":"Ox\u00edgeno Arquitectura","article_publisher":"https:\/\/www.facebook.com\/OxigenoArquitectura\/","article_modified_time":"2021-11-24T00:42:13+00:00","twitter_card":"summary_large_image","twitter_site":"@OxigenoArq","twitter_misc":{"Est. reading time":"1 minute"},"schema":{"@context":"https:\/\/schema.org","@graph":[{"@type":"WebPage","@id":"https:\/\/www.oxigenoarquitectura.com\/itesmnuevosur\/","url":"https:\/\/www.oxigenoarquitectura.com\/itesmnuevosur\/","name":"ITESM NUEVO SUR &#8211; Ox\u00edgeno Arquitectura","isPartOf":{"@id":"https:\/\/www.oxigenoarquitectura.com\/#website"},"datePublished":"2017-04-20T17:02:50+00:00","dateModified":"2021-11-24T00:42:13+00:00","breadcrumb":{"@id":"https:\/\/www.oxigenoarquitectura.com\/itesmnuevosur\/#breadcrumb"},"inLanguage":"en-US","potentialAction":[{"@type":"ReadAction","target":["https:\/\/www.oxigenoarquitectura.com\/itesmnuevosur\/"]}]},{"@type":"BreadcrumbList","@id":"https:\/\/www.oxigenoarquitectura.com\/itesmnuevosur\/#breadcrumb","itemListElement":[{"@type":"ListItem","position":1,"name":"Portada","item":"https:\/\/www.oxigenoarquitectura.com\/"},{"@type":"ListItem","position":2,"name":"ITESM NUEVO SUR"}]},{"@type":"WebSite","@id":"https:\/\/www.oxigenoarquitectura.com\/#website","url":"https:\/\/www.oxigenoarquitectura.com\/","name":"Ox\u00edgeno Arquitectura","description":"Arquitectura e Interiorismo","publisher":{"@id":"https:\/\/www.oxigenoarquitectura.com\/#organization"},"potentialAction":[{"@type":"SearchAction","target":{"@type":"EntryPoint","urlTemplate":"https:\/\/www.oxigenoarquitectura.com\/?s={search_term_string}"},"query-input":"required name=search_term_string"}],"inLanguage":"en-US"},{"@type":"Organization","@id":"https:\/\/www.oxigenoarquitectura.com\/#organization","name":"Ox\u00edgeno Arquitectura","url":"https:\/\/www.oxigenoarquitectura.com\/","logo":{"@type":"ImageObject","inLanguage":"en-US","@id":"https:\/\/www.oxigenoarquitectura.com\/#\/schema\/logo\/image\/","url":"https:\/\/www.oxigenoarquitectura.com\/wp-content\/uploads\/2021\/10\/LOGO-O2A-02.png","contentUrl":"https:\/\/www.oxigenoarquitectura.com\/wp-content\/uploads\/2021\/10\/LOGO-O2A-02.png","width":280,"height":36,"caption":"Ox\u00edgeno Arquitectura"},"image":{"@id":"https:\/\/www.oxigenoarquitectura.com\/#\/schema\/logo\/image\/"},"sameAs":["https:\/\/www.facebook.com\/OxigenoArquitectura\/","https:\/\/x.com\/OxigenoArq","https:\/\/www.instagram.com\/oxigeno_arquitectura\/","https:\/\/www.linkedin.com\/in\/oxigeno-arquitectura-8487a375\/"]}]}},"_links":{"self":[{"href":"https:\/\/www.oxigenoarquitectura.com\/en\/wp-json\/wp\/v2\/pages\/1289"}],"collection":[{"href":"https:\/\/www.oxigenoarquitectura.com\/en\/wp-json\/wp\/v2\/pages"}],"about":[{"href":"https:\/\/www.oxigenoarquitectura.com\/en\/wp-json\/wp\/v2\/types\/page"}],"author":[{"embeddable":true,"href":"https:\/\/www.oxigenoarquitectura.com\/en\/wp-json\/wp\/v2\/users\/7"}],"replies":[{"embeddable":true,"href":"https:\/\/www.oxigenoarquitectura.com\/en\/wp-json\/wp\/v2\/comments?post=1289"}],"version-history":[{"count":24,"href":"https:\/\/www.oxigenoarquitectura.com\/en\/wp-json\/wp\/v2\/pages\/1289\/revisions"}],"predecessor-version":[{"id":9488,"href":"https:\/\/www.oxigenoarquitectura.com\/en\/wp-json\/wp\/v2\/pages\/1289\/revisions\/9488"}],"wp:attachment":[{"href":"https:\/\/www.oxigenoarquitectura.com\/en\/wp-json\/wp\/v2\/media?parent=1289"}],"curies":[{"name":"wp","href":"https:\/\/api.w.org\/{rel}","templated":true}]}}