{"id":4763,"date":"2019-12-02T16:27:02","date_gmt":"2019-12-02T16:27:02","guid":{"rendered":"http:\/\/www.oxigenoarquitectura.com\/?page_id=4763"},"modified":"2022-10-10T22:58:29","modified_gmt":"2022-10-10T22:58:29","slug":"panamericano","status":"publish","type":"page","link":"https:\/\/www.oxigenoarquitectura.com\/en\/panamericano\/","title":{"rendered":"PANAMERICANO"},"content":{"rendered":"<div id=\"pl-4763\"  class=\"panel-layout\" ><div id=\"pg-4763-0\"  class=\"panel-grid panel-has-style\" ><div class=\"siteorigin-panels-stretch panel-row-style panel-row-style-for-4763-0\" style=\"padding: 100px 0; \" data-stretch-type=\"full\" data-overlay=\"true\" data-overlay-color=\"#000000\" ><div id=\"pgc-4763-0-0\"  class=\"panel-grid-cell panel-grid-cell-empty\" ><\/div><\/div><\/div><div id=\"pg-4763-1\"  class=\"panel-grid panel-has-style\" ><div class=\"siteorigin-panels-stretch panel-row-style panel-row-style-for-4763-1\" style=\"padding: 5px 0; \" data-stretch-type=\"full\" data-overlay=\"true\" data-overlay-color=\"#000000\" ><div id=\"pgc-4763-1-0\"  class=\"panel-grid-cell\" ><div id=\"panel-4763-1-0-0\" class=\"so-panel widget widget_text panel-first-child panel-last-child\" data-index=\"0\" ><div style=\"text-align: left;\" data-title-color=\"#443f3f\" data-headings-color=\"#443f3f\" class=\"panel-widget-style panel-widget-style-for-4763-1-0-0\" >\t\t\t<div class=\"textwidget\"><div class='white' style='background:rgba(0,0,0,0); border:solid 0px rgba(0,0,0,0); border-radius:0px; padding:0px 0px 0px 0px;'>\n<div id='slider_4766' class='owl-carousel sa_owl_theme owl-pagination-true autohide-arrows' data-slider-id='slider_4766' style='visibility:hidden;'>\n<div id='slider_4766_slide01' class='sa_hover_container' style='padding:5% 5%; margin:0px 0%; background-image:url(&quot;https:\/\/www.oxigenoarquitectura.com\/wp-content\/uploads\/2019\/12\/PANAMERICANO-01.jpg&quot;); background-position:center center; background-size:cover; background-repeat:no-repeat; '>\n<div class='sa_hover_buttons' style='top:50%; left:50%; margin-top:-20px; margin-left:-20px;'><a class='sa_slide_link_icon' href='http:\/\/www.oxigenoarquitectura.com\/wp-content\/uploads\/2019\/12\/PANAMERICANO-01.jpg' target='_blank' title='' aria-label='' rel=\"noopener\"><\/a><\/div>\n<\/div>\n<div id='slider_4766_slide02' class='sa_hover_container' style='padding:5% 5%; margin:0px 0%; background-image:url(&quot;https:\/\/www.oxigenoarquitectura.com\/wp-content\/uploads\/2019\/12\/PANAMERICANO-02.jpg&quot;); background-position:center center; background-size:cover; background-repeat:no-repeat; '>\n<div class='sa_hover_buttons' style='top:50%; left:50%; margin-top:-20px; margin-left:-20px;'><a class='sa_slide_link_icon' href='http:\/\/www.oxigenoarquitectura.com\/wp-content\/uploads\/2019\/12\/PANAMERICANO-02.jpg' target='_blank' title='' aria-label='' rel=\"noopener\"><\/a><\/div>\n<\/div>\n<div id='slider_4766_slide03' class='sa_hover_container' style='padding:5% 5%; margin:0px 0%; background-image:url(&quot;https:\/\/www.oxigenoarquitectura.com\/wp-content\/uploads\/2019\/12\/PANAMERICANO-03.jpg&quot;); background-position:center center; background-size:cover; background-repeat:no-repeat; '>\n<div class='sa_hover_buttons' style='top:50%; left:50%; margin-top:-20px; margin-left:-20px;'><a class='sa_slide_link_icon' href='http:\/\/www.oxigenoarquitectura.com\/wp-content\/uploads\/2019\/12\/PANAMERICANO-03.jpg' target='_blank' title='' aria-label='' rel=\"noopener\"><\/a><\/div>\n<\/div>\n<\/div>\n<\/div>\n<p><script type='text\/javascript'>\n\tjQuery(document).ready(function() {\n\t\tjQuery('#slider_4766').owlCarousel({\n\t\t\titems : 1,\n\t\t\tanimateOut : 'fadeOut',\n\t\t\tsmartSpeed : 200,\n\t\t\tautoplay : true,\n\t\t\tautoplayTimeout : 3000,\n\t\t\tautoplayHoverPause : true,\n\t\t\tsmartSpeed : 200,\n\t\t\tfluidSpeed : 200,\n\t\t\tautoplaySpeed : 200,\n\t\t\tnavSpeed : 200,\n\t\t\tdotsSpeed : 200,\n\t\t\tloop : true,\n\t\t\tnav : true,\n\t\t\tnavText : ['Previous','Next'],\n\t\t\tdots : true,\n\t\t\tresponsiveRefreshRate : 200,\n\t\t\tslideBy : 1,\n\t\t\tmergeFit : true,\n\t\t\tautoHeight : false,\n\t\t\tmouseDrag : true,\n\t\t\ttouchDrag : true\n\t\t});\n\t\tjQuery('#slider_4766').css('visibility', 'visible');\n\t\tsa_resize_slider_4766();\n\t\twindow.addEventListener('resize', sa_resize_slider_4766);\n\t\tfunction sa_resize_slider_4766() {\n\t\t\tvar min_height = 'aspect169';\n\t\t\tvar win_width = jQuery(window).width();\n\t\t\tvar slider_width = jQuery('#slider_4766').width();\n\t\t\tif (win_width < 480) {\n\t\t\t\tvar slide_width = slider_width \/ 1;\n\t\t\t} else if (win_width < 768) {\n\t\t\t\tvar slide_width = slider_width \/ 1;\n\t\t\t} else if (win_width < 980) {\n\t\t\t\tvar slide_width = slider_width \/ 1;\n\t\t\t} else if (win_width < 1200) {\n\t\t\t\tvar slide_width = slider_width \/ 1;\n\t\t\t} else if (win_width < 1500) {\n\t\t\t\tvar slide_width = slider_width \/ 1;\n\t\t\t} else {\n\t\t\t\tvar slide_width = slider_width \/ 1;\n\t\t\t}\n\t\t\tslide_width = Math.round(slide_width);\n\t\t\tvar slide_height = '0';\n\t\t\tif (min_height == 'aspect43') {\n\t\t\t\tslide_height = (slide_width \/ 4) * 3;\t\t\t\tslide_height = Math.round(slide_height);\n\t\t\t} else if (min_height == 'aspect169') {\n\t\t\t\tslide_height = (slide_width \/ 16) * 9;\t\t\t\tslide_height = Math.round(slide_height);\n\t\t\t} else {\n\t\t\t\tslide_height = (slide_width \/ 100) * min_height;\t\t\t\tslide_height = Math.round(slide_height);\n\t\t\t}\n\t\t\tjQuery('#slider_4766 .owl-item .sa_hover_container').css('min-height', slide_height+'px');\n\t\t}\n\t\tvar owl_goto = jQuery('#slider_4766');\n\t\tjQuery('.slider_4766_goto1').click(function(event){\n\t\t\towl_goto.trigger('to.owl.carousel', 0);\n\t\t});\n\t\tjQuery('.slider_4766_goto2').click(function(event){\n\t\t\towl_goto.trigger('to.owl.carousel', 1);\n\t\t});\n\t\tjQuery('.slider_4766_goto3').click(function(event){\n\t\t\towl_goto.trigger('to.owl.carousel', 2);\n\t\t});\n\t\tvar resize_4766 = jQuery('.owl-carousel');\n\t\tresize_4766.on('initialized.owl.carousel', function(e) {\n\t\t\tif (typeof(Event) === 'function') {\n\t\t\t\twindow.dispatchEvent(new Event('resize'));\n\t\t\t} else {\n\t\t\t\tvar evt = window.document.createEvent('UIEvents');\n\t\t\t\tevt.initUIEvent('resize', true, false, window, 0);\n\t\t\t\twindow.dispatchEvent(evt);\n\t\t\t}\n\t\t});\n\t});\n<\/script><\/p>\n<\/div>\n\t\t<\/div><\/div><\/div><\/div><\/div><div id=\"pg-4763-2\"  class=\"panel-grid panel-has-style\" ><div class=\"siteorigin-panels-stretch panel-row-style panel-row-style-for-4763-2\" style=\"padding: 1px 0; \" data-stretch-type=\"full\" data-overlay=\"true\" data-overlay-color=\"#000000\" ><div id=\"pgc-4763-2-0\"  class=\"panel-grid-cell\" ><div id=\"panel-4763-2-0-0\" class=\"so-panel widget widget_sow-editor panel-first-child panel-last-child\" data-index=\"1\" ><div style=\"text-align: left;\" data-title-color=\"#443f3f\" data-headings-color=\"#443f3f\" class=\"panel-widget-style panel-widget-style-for-4763-2-0-0\" ><div\n\t\t\t\n\t\t\tclass=\"so-widget-sow-editor so-widget-sow-editor-base\"\n\t\t\t\n\t\t>\n<div class=\"siteorigin-widget-tinymce textwidget\">\n\t<p style=\"text-align: center;\"><span style=\"font-size: 10pt; font-family: 'Jost', sans-serif;\">Panamericano, Ciudad de M\u00e9xico \/ Fotograf\u00eda \u00a9\u00a0<\/span><\/p>\n<\/div>\n<\/div><\/div><\/div><\/div><\/div><\/div><div id=\"pg-4763-3\"  class=\"panel-grid panel-has-style\" ><div class=\"siteorigin-panels-stretch panel-row-style panel-row-style-for-4763-3\" style=\"padding: 50px 0; \" data-stretch-type=\"full\" data-overlay=\"true\" data-overlay-color=\"#000000\" ><div id=\"pgc-4763-3-0\"  class=\"panel-grid-cell\" ><div id=\"panel-4763-3-0-0\" class=\"so-panel widget widget_sow-editor panel-first-child panel-last-child\" data-index=\"2\" ><div style=\"text-align: left;\" data-title-color=\"#443f3f\" data-headings-color=\"#443f3f\" class=\"panel-widget-style panel-widget-style-for-4763-3-0-0\" ><div\n\t\t\t\n\t\t\tclass=\"so-widget-sow-editor so-widget-sow-editor-base\"\n\t\t\t\n\t\t>\n<div class=\"siteorigin-widget-tinymce textwidget\">\n\t<p><span style=\"font-family: 'Jost', sans-serif; color: #333333; font-size: 24pt;\"><span style=\"font-family: bold;\"><strong>Panamericano<\/strong><\/span><\/span><br \/>\n<span style=\"font-family: bold; font-size: 14pt; color: #808080;\"><span style=\"font-family: bold;\">Corporativo CDMX<\/span><\/span><\/p>\n<\/div>\n<\/div><\/div><\/div><\/div><div id=\"pgc-4763-3-1\"  class=\"panel-grid-cell panel-grid-cell-empty panel-grid-cell-mobile-last\" ><\/div><div id=\"pgc-4763-3-2\"  class=\"panel-grid-cell panel-grid-cell-empty\" ><\/div><\/div><\/div><div id=\"pg-4763-4\"  class=\"panel-grid panel-has-style\" ><div class=\"siteorigin-panels-stretch panel-row-style panel-row-style-for-4763-4\" style=\"padding: 100px 0; \" data-stretch-type=\"full\" data-overlay=\"true\" data-overlay-color=\"#000000\" ><div id=\"pgc-4763-4-0\"  class=\"panel-grid-cell\" ><div id=\"panel-4763-4-0-0\" class=\"so-panel widget widget_sow-editor panel-first-child panel-last-child\" data-index=\"3\" ><div style=\"text-align: left;\" data-title-color=\"#443f3f\" data-headings-color=\"#443f3f\" class=\"panel-widget-style panel-widget-style-for-4763-4-0-0\" ><div\n\t\t\t\n\t\t\tclass=\"so-widget-sow-editor so-widget-sow-editor-base\"\n\t\t\t\n\t\t>\n<div class=\"siteorigin-widget-tinymce textwidget\">\n\t<\/div>\n<\/div><\/div><\/div><\/div><div id=\"pgc-4763-4-1\"  class=\"panel-grid-cell panel-grid-cell-empty\" ><\/div><div id=\"pgc-4763-4-2\"  class=\"panel-grid-cell\" ><div id=\"panel-4763-4-2-0\" class=\"so-panel widget widget_sow-editor panel-first-child panel-last-child\" data-index=\"4\" ><div style=\"text-align: left;\" data-title-color=\"#443f3f\" data-headings-color=\"#443f3f\" class=\"panel-widget-style panel-widget-style-for-4763-4-2-0\" ><div\n\t\t\t\n\t\t\tclass=\"so-widget-sow-editor so-widget-sow-editor-base\"\n\t\t\t\n\t\t>\n<div class=\"siteorigin-widget-tinymce textwidget\">\n\t<p style=\"text-align: left;\"><span style=\"font-size: 10pt; font-family: itcavantgradestd;\"><span style=\"font-family: bold;\">UBICACI\u00d3N: <\/span><span style=\"font-family: bold;\"><span style=\"font-family: itcavantgradestd;\">Ciudad de M\u00e9xico<\/span><\/span><\/span><br \/>\n<span style=\"font-size: 10pt; font-family: itcavantgradestd;\"> <span style=\"font-family: bold;\"> A\u00d1O DE TERMINACI\u00d3N:<\/span>\u00a0En proceso<\/span><br \/>\n<span style=\"font-size: 10pt; font-family: itcavantgradestd;\"> <span style=\"font-family: bold;\"> TIPO DE PROYECTO: <span style=\"font-family: itcavantgradestd;\">Core &amp; shell \/ Interiores<\/span><\/span><\/span><br \/>\n<span style=\"font-size: 10pt; font-family: itcavantgradestd;\"> <span style=\"font-family: bold;\"> RUBRO DE LA EMPRESA:<span style=\"font-family: itcavantgradestd; color: #808080;\"> Traslado de valores<\/span><\/span><\/span><\/p>\n<p style=\"text-align: left;\"><span style=\"font-size: 10pt;\"> <span style=\"font-family: itcavantgradestd;\"><span style=\"font-family: bold;\"> SUPERFICIE:<\/span>\u00a0<\/span><\/span><\/p>\n<p><span style=\"font-family: itcavantgradestd; font-size: 10pt; color: #808080;\">Terreno: 7,000\u00a0m\u00b2<\/span><br \/>\n<span style=\"font-family: itcavantgradestd; font-size: 10pt; color: #808080;\">Oficinas: 1,000\u00a0m\u00b2<\/span><br \/>\n<span style=\"font-family: itcavantgradestd; font-size: 10pt; color: #808080;\">Proceso:\u00a02,400\u00a0m\u00b2<\/span><br \/>\n<span style=\"font-family: itcavantgradestd; font-size: 10pt; color: #808080;\">Servicio: 1,600\u00a0m\u00b2<\/span><br \/>\n<span style=\"font-family: itcavantgradestd; font-size: 10pt; color: #808080;\">Exterior: 5,000\u00a0m\u00b2<\/span><\/p>\n<p style=\"text-align: left;\"><span style=\"font-size: 8pt; font-family: bold;\">EQUIPO OX\u00cdGENO ARQUITECTURA:\u00a0<\/span><\/p>\n<p><span style=\"font-family: itcavantgradestd; font-size: 8pt; color: #808080;\">Carlos I. Mej\u00eda S\u00e1nchez - Gerente de Proyecto<\/span><br \/>\n<span style=\"font-family: itcavantgradestd; font-size: 8pt; color: #808080;\">Jorge Gonz\u00e1lez N\u00e1jera - Socio Director<\/span><br \/>\n<span style=\"font-size: 8pt; color: #808080;\"><span style=\"font-family: itcavantgradestd;\">Daniela Valencia Torres -\u00a0<\/span><span style=\"font-family: itcavantgradestd;\">Coordinaci\u00f3n de Proyecto<\/span><\/span><br \/>\n<span style=\"font-family: itcavantgradestd; font-size: 8pt; color: #808080;\">Gabriela Cinta Bautista - Dise\u00f1ador BIM<\/span><br \/>\n<span style=\"font-family: itcavantgradestd; font-size: 8pt; color: #808080;\">Ivett Flores Nu\u00f1ez - Directora de Dise\u00f1o<\/span><br \/>\n<span style=\"font-family: itcavantgradestd; font-size: 8pt; color: #808080;\">Jes\u00fas Guadarrama G. - Dise\u00f1ador BIM<\/span><br \/>\n<span style=\"font-family: itcavantgradestd; font-size: 8pt; color: #808080;\">Jonathan Montes Garc\u00eda - BIM Coordinator<\/span><br \/>\n<span style=\"font-family: itcavantgradestd; font-size: 8pt; color: #808080;\">Leonardo Delgado Prieto - Dise\u00f1ador Multimedia<\/span><br \/>\n<span style=\"font-family: itcavantgradestd; font-size: 8pt; color: #808080;\">Luis A. Vargas Barrag\u00e1n - Dise\u00f1ador BIM<\/span><br \/>\n<span style=\"font-family: itcavantgradestd; font-size: 8pt; color: #808080;\">Luis Garc\u00eda Salinas - Dise\u00f1ador BIM<\/span><br \/>\n<span style=\"font-family: itcavantgradestd; font-size: 8pt; color: #808080;\">Marco A. D\u00edaz Conde - Dise\u00f1ador Multimedia<\/span><br \/>\n<span style=\"font-family: itcavantgradestd; font-size: 8pt; color: #808080;\">Jonathan S\u00e1nchez V\u00e1zquez. - BIM Manager<\/span><br \/>\n<span style=\"font-family: itcavantgradestd; font-size: 8pt; color: #808080;\">Nicolas Sabaini. - Dise\u00f1ador BIM<\/span><br \/>\n<span style=\"font-family: itcavantgradestd; font-size: 8pt; color: #808080;\">Oscar O. Ram\u00edrez Salazar - Jefe de Taller<\/span><br \/>\n<span style=\"font-family: itcavantgradestd; font-size: 8pt; color: #808080;\">Rosa Ma. Morales G. - An\u00e1lisis de Costos<\/span><br \/>\n<span style=\"font-family: itcavantgradestd; font-size: 8pt; color: #808080;\">Victor A. Baz\u00e1n Flores - An\u00e1lisis de Costos<\/span><br \/>\n<span style=\"font-family: itcavantgradestd; font-size: 8pt; color: #808080;\">Yuri Rodr\u00edguez Perez - Coordinador Multimedia<\/span><br \/>\n<span style=\"font-family: itcavantgradestd; font-size: 8pt; color: #808080;\">Zulema Jim\u00e9nez Rodr\u00edguez - Dise\u00f1ador BIM<\/span><br \/>\n<span style=\"font-family: itcavantgradestd; font-size: 8pt; color: #808080;\">Hans Aldrete - Dise\u00f1ador Multimedia<\/span><\/p>\n<p>&nbsp;<\/p>\n<p>&nbsp;<\/p>\n<\/div>\n<\/div><\/div><\/div><\/div><\/div><\/div><div id=\"pg-4763-5\"  class=\"panel-grid panel-has-style\" ><div style=\"padding: 100px 0; \" data-overlay=\"true\" data-overlay-color=\"#000000\" class=\"panel-row-style panel-row-style-for-4763-5\" ><div id=\"pgc-4763-5-0\"  class=\"panel-grid-cell panel-grid-cell-empty\" ><\/div><div id=\"pgc-4763-5-1\"  class=\"panel-grid-cell panel-grid-cell-mobile-last\" ><div id=\"panel-4763-5-1-0\" class=\"so-panel widget widget_sow-button panel-first-child panel-last-child\" data-index=\"5\" ><div style=\"text-align: left;\" data-title-color=\"#443f3f\" data-headings-color=\"#443f3f\" class=\"panel-widget-style panel-widget-style-for-4763-5-1-0\" ><div\n\t\t\t\n\t\t\tclass=\"so-widget-sow-button so-widget-sow-button-wire-50ed9cd8b8ed-4763\"\n\t\t\t\n\t\t><div class=\"ow-button-base ow-button-align-center\"\n>\n\t\t\t<a\n\t\t\t\t\thref=\"https:\/\/www.oxigenoarquitectura.com\/en\/arquitectura-oxigeno-arquitectura\/\"\n\t\t\t\t\tclass=\"sowb-button ow-icon-placement-bottom\" \t>\n\t\t<span>\n\t\t\t<span class=\"sow-icon-fontawesome sow-fas\" data-sow-icon=\"&#xf141;\"\n\t\tstyle=\"color: #0a0a0a\" \n\t\taria-hidden=\"true\"><\/span>\n\t\t\tRegresar\t\t<\/span>\n\t\t\t<\/a>\n\t<\/div>\n<\/div><\/div><\/div><\/div><div id=\"pgc-4763-5-2\"  class=\"panel-grid-cell panel-grid-cell-empty\" ><\/div><\/div><\/div><\/div>","protected":false},"excerpt":{"rendered":"<p>Panamericano, Ciudad de M\u00e9xico \/ Fotograf\u00eda \u00a9\u00a0 Panamericano Corporativo CDMX UBICACI\u00d3N: Ciudad de M\u00e9xico A\u00d1O DE TERMINACI\u00d3N:\u00a0En proceso TIPO DE PROYECTO: Core &amp; shell \/ Interiores RUBRO DE LA EMPRESA: Traslado de valores SUPERFICIE:\u00a0 Terreno: 7,000\u00a0m\u00b2 Oficinas: 1,000\u00a0m\u00b2 Proceso:\u00a02,400\u00a0m\u00b2 Servicio: 1,600\u00a0m\u00b2 Exterior: 5,000\u00a0m\u00b2 EQUIPO OX\u00cdGENO ARQUITECTURA:\u00a0 Carlos I. Mej\u00eda S\u00e1nchez &#8211; Gerente de Proyecto Jorge [&hellip;]<\/p>","protected":false},"author":7,"featured_media":0,"parent":0,"menu_order":38,"comment_status":"closed","ping_status":"closed","template":"page-templates\/page_front-page.php","meta":{"_exactmetrics_skip_tracking":false,"_exactmetrics_sitenote_active":false,"_exactmetrics_sitenote_note":"","_exactmetrics_sitenote_category":0,"footnotes":""},"yoast_head":"<!-- This site is optimized with the Yoast SEO plugin v22.7 - https:\/\/yoast.com\/wordpress\/plugins\/seo\/ -->\n<title>PANAMERICANO &#8211; Ox\u00edgeno Arquitectura<\/title>\n<meta name=\"robots\" content=\"index, follow, max-snippet:-1, max-image-preview:large, max-video-preview:-1\" \/>\n<link rel=\"canonical\" href=\"https:\/\/www.oxigenoarquitectura.com\/en\/panamericano\/\" \/>\n<meta property=\"og:locale\" content=\"en_US\" \/>\n<meta property=\"og:type\" content=\"article\" \/>\n<meta property=\"og:title\" content=\"PANAMERICANO &#8211; Ox\u00edgeno Arquitectura\" \/>\n<meta property=\"og:description\" content=\"Panamericano, Ciudad de M\u00e9xico \/ Fotograf\u00eda \u00a9\u00a0 Panamericano Corporativo CDMX UBICACI\u00d3N: Ciudad de M\u00e9xico A\u00d1O DE TERMINACI\u00d3N:\u00a0En proceso TIPO DE PROYECTO: Core &amp; shell \/ Interiores RUBRO DE LA EMPRESA: Traslado de valores SUPERFICIE:\u00a0 Terreno: 7,000\u00a0m\u00b2 Oficinas: 1,000\u00a0m\u00b2 Proceso:\u00a02,400\u00a0m\u00b2 Servicio: 1,600\u00a0m\u00b2 Exterior: 5,000\u00a0m\u00b2 EQUIPO OX\u00cdGENO ARQUITECTURA:\u00a0 Carlos I. Mej\u00eda S\u00e1nchez - Gerente de Proyecto Jorge [&hellip;]\" \/>\n<meta property=\"og:url\" content=\"https:\/\/www.oxigenoarquitectura.com\/en\/panamericano\/\" \/>\n<meta property=\"og:site_name\" content=\"Ox\u00edgeno Arquitectura\" \/>\n<meta property=\"article:publisher\" content=\"https:\/\/www.facebook.com\/OxigenoArquitectura\/\" \/>\n<meta property=\"article:modified_time\" content=\"2022-10-10T22:58:29+00:00\" \/>\n<meta name=\"twitter:card\" content=\"summary_large_image\" \/>\n<meta name=\"twitter:site\" content=\"@OxigenoArq\" \/>\n<meta name=\"twitter:label1\" content=\"Est. reading time\" \/>\n\t<meta name=\"twitter:data1\" content=\"2 minutes\" \/>\n<script type=\"application\/ld+json\" class=\"yoast-schema-graph\">{\"@context\":\"https:\/\/schema.org\",\"@graph\":[{\"@type\":\"WebPage\",\"@id\":\"https:\/\/www.oxigenoarquitectura.com\/panamericano\/\",\"url\":\"https:\/\/www.oxigenoarquitectura.com\/panamericano\/\",\"name\":\"PANAMERICANO &#8211; Ox\u00edgeno Arquitectura\",\"isPartOf\":{\"@id\":\"https:\/\/www.oxigenoarquitectura.com\/#website\"},\"datePublished\":\"2019-12-02T16:27:02+00:00\",\"dateModified\":\"2022-10-10T22:58:29+00:00\",\"breadcrumb\":{\"@id\":\"https:\/\/www.oxigenoarquitectura.com\/panamericano\/#breadcrumb\"},\"inLanguage\":\"en-US\",\"potentialAction\":[{\"@type\":\"ReadAction\",\"target\":[\"https:\/\/www.oxigenoarquitectura.com\/panamericano\/\"]}]},{\"@type\":\"BreadcrumbList\",\"@id\":\"https:\/\/www.oxigenoarquitectura.com\/panamericano\/#breadcrumb\",\"itemListElement\":[{\"@type\":\"ListItem\",\"position\":1,\"name\":\"Portada\",\"item\":\"https:\/\/www.oxigenoarquitectura.com\/\"},{\"@type\":\"ListItem\",\"position\":2,\"name\":\"PANAMERICANO\"}]},{\"@type\":\"WebSite\",\"@id\":\"https:\/\/www.oxigenoarquitectura.com\/#website\",\"url\":\"https:\/\/www.oxigenoarquitectura.com\/\",\"name\":\"Ox\u00edgeno Arquitectura\",\"description\":\"Arquitectura e Interiorismo\",\"publisher\":{\"@id\":\"https:\/\/www.oxigenoarquitectura.com\/#organization\"},\"potentialAction\":[{\"@type\":\"SearchAction\",\"target\":{\"@type\":\"EntryPoint\",\"urlTemplate\":\"https:\/\/www.oxigenoarquitectura.com\/?s={search_term_string}\"},\"query-input\":\"required name=search_term_string\"}],\"inLanguage\":\"en-US\"},{\"@type\":\"Organization\",\"@id\":\"https:\/\/www.oxigenoarquitectura.com\/#organization\",\"name\":\"Ox\u00edgeno Arquitectura\",\"url\":\"https:\/\/www.oxigenoarquitectura.com\/\",\"logo\":{\"@type\":\"ImageObject\",\"inLanguage\":\"en-US\",\"@id\":\"https:\/\/www.oxigenoarquitectura.com\/#\/schema\/logo\/image\/\",\"url\":\"https:\/\/www.oxigenoarquitectura.com\/wp-content\/uploads\/2021\/10\/LOGO-O2A-02.png\",\"contentUrl\":\"https:\/\/www.oxigenoarquitectura.com\/wp-content\/uploads\/2021\/10\/LOGO-O2A-02.png\",\"width\":280,\"height\":36,\"caption\":\"Ox\u00edgeno Arquitectura\"},\"image\":{\"@id\":\"https:\/\/www.oxigenoarquitectura.com\/#\/schema\/logo\/image\/\"},\"sameAs\":[\"https:\/\/www.facebook.com\/OxigenoArquitectura\/\",\"https:\/\/x.com\/OxigenoArq\",\"https:\/\/www.instagram.com\/oxigeno_arquitectura\/\",\"https:\/\/www.linkedin.com\/in\/oxigeno-arquitectura-8487a375\/\"]}]}<\/script>\n<!-- \/ Yoast SEO plugin. -->","yoast_head_json":{"title":"PANAMERICANO &#8211; Ox\u00edgeno Arquitectura","robots":{"index":"index","follow":"follow","max-snippet":"max-snippet:-1","max-image-preview":"max-image-preview:large","max-video-preview":"max-video-preview:-1"},"canonical":"https:\/\/www.oxigenoarquitectura.com\/en\/panamericano\/","og_locale":"en_US","og_type":"article","og_title":"PANAMERICANO &#8211; Ox\u00edgeno Arquitectura","og_description":"Panamericano, Ciudad de M\u00e9xico \/ Fotograf\u00eda \u00a9\u00a0 Panamericano Corporativo CDMX UBICACI\u00d3N: Ciudad de M\u00e9xico A\u00d1O DE TERMINACI\u00d3N:\u00a0En proceso TIPO DE PROYECTO: Core &amp; shell \/ Interiores RUBRO DE LA EMPRESA: Traslado de valores SUPERFICIE:\u00a0 Terreno: 7,000\u00a0m\u00b2 Oficinas: 1,000\u00a0m\u00b2 Proceso:\u00a02,400\u00a0m\u00b2 Servicio: 1,600\u00a0m\u00b2 Exterior: 5,000\u00a0m\u00b2 EQUIPO OX\u00cdGENO ARQUITECTURA:\u00a0 Carlos I. Mej\u00eda S\u00e1nchez - Gerente de Proyecto Jorge [&hellip;]","og_url":"https:\/\/www.oxigenoarquitectura.com\/en\/panamericano\/","og_site_name":"Ox\u00edgeno Arquitectura","article_publisher":"https:\/\/www.facebook.com\/OxigenoArquitectura\/","article_modified_time":"2022-10-10T22:58:29+00:00","twitter_card":"summary_large_image","twitter_site":"@OxigenoArq","twitter_misc":{"Est. reading time":"2 minutes"},"schema":{"@context":"https:\/\/schema.org","@graph":[{"@type":"WebPage","@id":"https:\/\/www.oxigenoarquitectura.com\/panamericano\/","url":"https:\/\/www.oxigenoarquitectura.com\/panamericano\/","name":"PANAMERICANO &#8211; Ox\u00edgeno Arquitectura","isPartOf":{"@id":"https:\/\/www.oxigenoarquitectura.com\/#website"},"datePublished":"2019-12-02T16:27:02+00:00","dateModified":"2022-10-10T22:58:29+00:00","breadcrumb":{"@id":"https:\/\/www.oxigenoarquitectura.com\/panamericano\/#breadcrumb"},"inLanguage":"en-US","potentialAction":[{"@type":"ReadAction","target":["https:\/\/www.oxigenoarquitectura.com\/panamericano\/"]}]},{"@type":"BreadcrumbList","@id":"https:\/\/www.oxigenoarquitectura.com\/panamericano\/#breadcrumb","itemListElement":[{"@type":"ListItem","position":1,"name":"Portada","item":"https:\/\/www.oxigenoarquitectura.com\/"},{"@type":"ListItem","position":2,"name":"PANAMERICANO"}]},{"@type":"WebSite","@id":"https:\/\/www.oxigenoarquitectura.com\/#website","url":"https:\/\/www.oxigenoarquitectura.com\/","name":"Ox\u00edgeno Arquitectura","description":"Arquitectura e Interiorismo","publisher":{"@id":"https:\/\/www.oxigenoarquitectura.com\/#organization"},"potentialAction":[{"@type":"SearchAction","target":{"@type":"EntryPoint","urlTemplate":"https:\/\/www.oxigenoarquitectura.com\/?s={search_term_string}"},"query-input":"required name=search_term_string"}],"inLanguage":"en-US"},{"@type":"Organization","@id":"https:\/\/www.oxigenoarquitectura.com\/#organization","name":"Ox\u00edgeno Arquitectura","url":"https:\/\/www.oxigenoarquitectura.com\/","logo":{"@type":"ImageObject","inLanguage":"en-US","@id":"https:\/\/www.oxigenoarquitectura.com\/#\/schema\/logo\/image\/","url":"https:\/\/www.oxigenoarquitectura.com\/wp-content\/uploads\/2021\/10\/LOGO-O2A-02.png","contentUrl":"https:\/\/www.oxigenoarquitectura.com\/wp-content\/uploads\/2021\/10\/LOGO-O2A-02.png","width":280,"height":36,"caption":"Ox\u00edgeno Arquitectura"},"image":{"@id":"https:\/\/www.oxigenoarquitectura.com\/#\/schema\/logo\/image\/"},"sameAs":["https:\/\/www.facebook.com\/OxigenoArquitectura\/","https:\/\/x.com\/OxigenoArq","https:\/\/www.instagram.com\/oxigeno_arquitectura\/","https:\/\/www.linkedin.com\/in\/oxigeno-arquitectura-8487a375\/"]}]}},"_links":{"self":[{"href":"https:\/\/www.oxigenoarquitectura.com\/en\/wp-json\/wp\/v2\/pages\/4763"}],"collection":[{"href":"https:\/\/www.oxigenoarquitectura.com\/en\/wp-json\/wp\/v2\/pages"}],"about":[{"href":"https:\/\/www.oxigenoarquitectura.com\/en\/wp-json\/wp\/v2\/types\/page"}],"author":[{"embeddable":true,"href":"https:\/\/www.oxigenoarquitectura.com\/en\/wp-json\/wp\/v2\/users\/7"}],"replies":[{"embeddable":true,"href":"https:\/\/www.oxigenoarquitectura.com\/en\/wp-json\/wp\/v2\/comments?post=4763"}],"version-history":[{"count":11,"href":"https:\/\/www.oxigenoarquitectura.com\/en\/wp-json\/wp\/v2\/pages\/4763\/revisions"}],"predecessor-version":[{"id":12639,"href":"https:\/\/www.oxigenoarquitectura.com\/en\/wp-json\/wp\/v2\/pages\/4763\/revisions\/12639"}],"wp:attachment":[{"href":"https:\/\/www.oxigenoarquitectura.com\/en\/wp-json\/wp\/v2\/media?parent=4763"}],"curies":[{"name":"wp","href":"https:\/\/api.w.org\/{rel}","templated":true}]}}