{"id":5072,"date":"2020-02-12T21:37:36","date_gmt":"2020-02-12T21:37:36","guid":{"rendered":"http:\/\/www.oxigenoarquitectura.com\/?page_id=5072"},"modified":"2020-05-19T21:09:47","modified_gmt":"2020-05-19T21:09:47","slug":"jorge-gonzalez-najera-fisher","status":"publish","type":"page","link":"https:\/\/www.oxigenoarquitectura.com\/en\/jorge-gonzalez-najera-fisher\/","title":{"rendered":"JORGE GONZ\u00c1LEZ &#8211; N\u00c1JERA FISHER"},"content":{"rendered":"<div data-elementor-type=\"wp-page\" data-elementor-id=\"5072\" class=\"elementor elementor-5072\" data-elementor-post-type=\"page\">\n\t\t\t\t\t\t<section class=\"elementor-section elementor-top-section elementor-element elementor-element-610975a elementor-section-boxed elementor-section-height-default elementor-section-height-default\" data-id=\"610975a\" data-element_type=\"section\">\n\t\t\t\t\t\t<div class=\"elementor-container elementor-column-gap-default\">\n\t\t\t\t\t<div class=\"elementor-column elementor-col-100 elementor-top-column elementor-element elementor-element-d23666b\" data-id=\"d23666b\" data-element_type=\"column\">\n\t\t\t<div class=\"elementor-widget-wrap elementor-element-populated\">\n\t\t\t\t\t\t<div class=\"elementor-element elementor-element-78252b0 elementor-widget elementor-widget-spacer\" data-id=\"78252b0\" data-element_type=\"widget\" data-widget_type=\"spacer.default\">\n\t\t\t\t<div class=\"elementor-widget-container\">\n\t\t\t\t\t<div class=\"elementor-spacer\">\n\t\t\t<div class=\"elementor-spacer-inner\"><\/div>\n\t\t<\/div>\n\t\t\t\t<\/div>\n\t\t\t\t<\/div>\n\t\t\t\t\t<\/div>\n\t\t<\/div>\n\t\t\t\t\t<\/div>\n\t\t<\/section>\n\t\t\t\t<section class=\"elementor-section elementor-top-section elementor-element elementor-element-0f34dab elementor-section-content-top elementor-section-boxed elementor-section-height-default elementor-section-height-default\" data-id=\"0f34dab\" data-element_type=\"section\">\n\t\t\t\t\t\t<div class=\"elementor-container elementor-column-gap-wide\">\n\t\t\t\t\t<div class=\"elementor-column elementor-col-50 elementor-top-column elementor-element elementor-element-e26e467\" data-id=\"e26e467\" data-element_type=\"column\">\n\t\t\t<div class=\"elementor-widget-wrap elementor-element-populated\">\n\t\t\t\t\t\t<div class=\"elementor-element elementor-element-62dcec8 elementor-widget elementor-widget-image\" data-id=\"62dcec8\" data-element_type=\"widget\" data-widget_type=\"image.default\">\n\t\t\t\t<div class=\"elementor-widget-container\">\n\t\t\t\t\t\t\t\t\t\t\t\t\t<img fetchpriority=\"high\" decoding=\"async\" width=\"870\" height=\"774\" src=\"https:\/\/www.oxigenoarquitectura.com\/wp-content\/uploads\/2020\/05\/JORGE-GONZ\u00c1LES-N\u00c1JERA-F.-3.jpg\" class=\"attachment-full size-full wp-image-5669\" alt=\"\" srcset=\"https:\/\/www.oxigenoarquitectura.com\/wp-content\/uploads\/2020\/05\/JORGE-GONZ\u00c1LES-N\u00c1JERA-F.-3.jpg 870w, https:\/\/www.oxigenoarquitectura.com\/wp-content\/uploads\/2020\/05\/JORGE-GONZ\u00c1LES-N\u00c1JERA-F.-3-300x267.jpg 300w, https:\/\/www.oxigenoarquitectura.com\/wp-content\/uploads\/2020\/05\/JORGE-GONZ\u00c1LES-N\u00c1JERA-F.-3-768x683.jpg 768w, https:\/\/www.oxigenoarquitectura.com\/wp-content\/uploads\/2020\/05\/JORGE-GONZ\u00c1LES-N\u00c1JERA-F.-3-830x738.jpg 830w, https:\/\/www.oxigenoarquitectura.com\/wp-content\/uploads\/2020\/05\/JORGE-GONZ\u00c1LES-N\u00c1JERA-F.-3-230x205.jpg 230w, https:\/\/www.oxigenoarquitectura.com\/wp-content\/uploads\/2020\/05\/JORGE-GONZ\u00c1LES-N\u00c1JERA-F.-3-350x311.jpg 350w, https:\/\/www.oxigenoarquitectura.com\/wp-content\/uploads\/2020\/05\/JORGE-GONZ\u00c1LES-N\u00c1JERA-F.-3-480x427.jpg 480w\" sizes=\"(max-width: 870px) 100vw, 870px\" \/>\t\t\t\t\t\t\t\t\t\t\t\t\t<\/div>\n\t\t\t\t<\/div>\n\t\t\t\t\t<\/div>\n\t\t<\/div>\n\t\t\t\t<div class=\"elementor-column elementor-col-50 elementor-top-column elementor-element elementor-element-c0262e5\" data-id=\"c0262e5\" data-element_type=\"column\">\n\t\t\t<div class=\"elementor-widget-wrap elementor-element-populated\">\n\t\t\t\t\t\t<div class=\"elementor-element elementor-element-6745c84 elementor-widget elementor-widget-spacer\" data-id=\"6745c84\" data-element_type=\"widget\" data-widget_type=\"spacer.default\">\n\t\t\t\t<div class=\"elementor-widget-container\">\n\t\t\t\t\t<div class=\"elementor-spacer\">\n\t\t\t<div class=\"elementor-spacer-inner\"><\/div>\n\t\t<\/div>\n\t\t\t\t<\/div>\n\t\t\t\t<\/div>\n\t\t\t\t<div class=\"elementor-element elementor-element-bcfe57c elementor-widget elementor-widget-text-editor\" data-id=\"bcfe57c\" data-element_type=\"widget\" data-widget_type=\"text-editor.default\">\n\t\t\t\t<div class=\"elementor-widget-container\">\n\t\t\t\t\t\t\t<p><strong><span style=\"font-size: 14pt;font-family: 'Jost', sans-serif;color: #333333\">Jorge<\/span><span style=\"font-size: 14pt;font-family: 'Jost', sans-serif;color: #333333\"> C. Gonz\u00e1lez-N\u00e1jera Fisher.<\/span><\/strong><\/p>\t\t\t\t\t\t<\/div>\n\t\t\t\t<\/div>\n\t\t\t\t<div class=\"elementor-element elementor-element-e28b207 elementor-widget elementor-widget-text-editor\" data-id=\"e28b207\" data-element_type=\"widget\" data-widget_type=\"text-editor.default\">\n\t\t\t\t<div class=\"elementor-widget-container\">\n\t\t\t\t\t\t\t<p><span style=\"font-family: Jost, sans-serif;font-size: 12pt;color: #333333\">Los inicios de m\u00ed carrera se encaminan a trabajar junto con un equipo de restauradores, interviniendo edificios hist\u00f3ricos en la zona del Centro de la Ciudad de M\u00e9xico. Tiempo despu\u00e9s, mi vida profesional me llev\u00f3 a involucrarme en el dise\u00f1o de distintas tipolog\u00edas de espacios para trabajo. En el a\u00f1o 2007 junto a mis socios, fundamos Ox\u00edgeno Arquitectura.<\/span><\/p>\t\t\t\t\t\t<\/div>\n\t\t\t\t<\/div>\n\t\t\t\t\t<\/div>\n\t\t<\/div>\n\t\t\t\t\t<\/div>\n\t\t<\/section>\n\t\t\t\t<\/div>","protected":false},"excerpt":{"rendered":"<p>Jorge C. Gonz\u00e1lez-N\u00e1jera Fisher. Los inicios de m\u00ed carrera se encaminan a trabajar junto con un equipo de restauradores, interviniendo edificios hist\u00f3ricos en la zona del Centro de la Ciudad de M\u00e9xico. Tiempo despu\u00e9s, mi vida profesional me llev\u00f3 a involucrarme en el dise\u00f1o de distintas tipolog\u00edas de espacios para trabajo. En el a\u00f1o 2007 [&hellip;]<\/p>","protected":false},"author":7,"featured_media":0,"parent":0,"menu_order":35,"comment_status":"closed","ping_status":"closed","template":"page-templates\/page_front-page.php","meta":{"_exactmetrics_skip_tracking":false,"_exactmetrics_sitenote_active":false,"_exactmetrics_sitenote_note":"","_exactmetrics_sitenote_category":0,"footnotes":""},"yoast_head":"<!-- This site is optimized with the Yoast SEO plugin v22.7 - https:\/\/yoast.com\/wordpress\/plugins\/seo\/ -->\n<title>JORGE GONZ\u00c1LEZ - N\u00c1JERA FISHER &#8211; Ox\u00edgeno Arquitectura<\/title>\n<meta name=\"robots\" content=\"index, follow, max-snippet:-1, max-image-preview:large, max-video-preview:-1\" \/>\n<link rel=\"canonical\" href=\"https:\/\/www.oxigenoarquitectura.com\/en\/jorge-gonzalez-najera-fisher\/\" \/>\n<meta property=\"og:locale\" content=\"en_US\" \/>\n<meta property=\"og:type\" content=\"article\" \/>\n<meta property=\"og:title\" content=\"JORGE GONZ\u00c1LEZ - N\u00c1JERA FISHER &#8211; Ox\u00edgeno Arquitectura\" \/>\n<meta property=\"og:description\" content=\"Jorge C. Gonz\u00e1lez-N\u00e1jera Fisher. Los inicios de m\u00ed carrera se encaminan a trabajar junto con un equipo de restauradores, interviniendo edificios hist\u00f3ricos en la zona del Centro de la Ciudad de M\u00e9xico. Tiempo despu\u00e9s, mi vida profesional me llev\u00f3 a involucrarme en el dise\u00f1o de distintas tipolog\u00edas de espacios para trabajo. En el a\u00f1o 2007 [&hellip;]\" \/>\n<meta property=\"og:url\" content=\"https:\/\/www.oxigenoarquitectura.com\/en\/jorge-gonzalez-najera-fisher\/\" \/>\n<meta property=\"og:site_name\" content=\"Ox\u00edgeno Arquitectura\" \/>\n<meta property=\"article:publisher\" content=\"https:\/\/www.facebook.com\/OxigenoArquitectura\/\" \/>\n<meta property=\"article:modified_time\" content=\"2020-05-19T21:09:47+00:00\" \/>\n<meta property=\"og:image\" content=\"http:\/\/www.oxigenoarquitectura.com\/wp-content\/uploads\/2020\/05\/JORGE-GONZ\u00c1LES-N\u00c1JERA-F.-3.jpg\" \/>\n<meta name=\"twitter:card\" content=\"summary_large_image\" \/>\n<meta name=\"twitter:site\" content=\"@OxigenoArq\" \/>\n<script type=\"application\/ld+json\" class=\"yoast-schema-graph\">{\"@context\":\"https:\/\/schema.org\",\"@graph\":[{\"@type\":\"WebPage\",\"@id\":\"https:\/\/www.oxigenoarquitectura.com\/jorge-gonzalez-najera-fisher\/\",\"url\":\"https:\/\/www.oxigenoarquitectura.com\/jorge-gonzalez-najera-fisher\/\",\"name\":\"JORGE GONZ\u00c1LEZ - N\u00c1JERA FISHER &#8211; Ox\u00edgeno Arquitectura\",\"isPartOf\":{\"@id\":\"https:\/\/www.oxigenoarquitectura.com\/#website\"},\"datePublished\":\"2020-02-12T21:37:36+00:00\",\"dateModified\":\"2020-05-19T21:09:47+00:00\",\"breadcrumb\":{\"@id\":\"https:\/\/www.oxigenoarquitectura.com\/jorge-gonzalez-najera-fisher\/#breadcrumb\"},\"inLanguage\":\"en-US\",\"potentialAction\":[{\"@type\":\"ReadAction\",\"target\":[\"https:\/\/www.oxigenoarquitectura.com\/jorge-gonzalez-najera-fisher\/\"]}]},{\"@type\":\"BreadcrumbList\",\"@id\":\"https:\/\/www.oxigenoarquitectura.com\/jorge-gonzalez-najera-fisher\/#breadcrumb\",\"itemListElement\":[{\"@type\":\"ListItem\",\"position\":1,\"name\":\"Portada\",\"item\":\"https:\/\/www.oxigenoarquitectura.com\/\"},{\"@type\":\"ListItem\",\"position\":2,\"name\":\"JORGE GONZ\u00c1LEZ &#8211; N\u00c1JERA FISHER\"}]},{\"@type\":\"WebSite\",\"@id\":\"https:\/\/www.oxigenoarquitectura.com\/#website\",\"url\":\"https:\/\/www.oxigenoarquitectura.com\/\",\"name\":\"Ox\u00edgeno Arquitectura\",\"description\":\"Arquitectura e Interiorismo\",\"publisher\":{\"@id\":\"https:\/\/www.oxigenoarquitectura.com\/#organization\"},\"potentialAction\":[{\"@type\":\"SearchAction\",\"target\":{\"@type\":\"EntryPoint\",\"urlTemplate\":\"https:\/\/www.oxigenoarquitectura.com\/?s={search_term_string}\"},\"query-input\":\"required name=search_term_string\"}],\"inLanguage\":\"en-US\"},{\"@type\":\"Organization\",\"@id\":\"https:\/\/www.oxigenoarquitectura.com\/#organization\",\"name\":\"Ox\u00edgeno Arquitectura\",\"url\":\"https:\/\/www.oxigenoarquitectura.com\/\",\"logo\":{\"@type\":\"ImageObject\",\"inLanguage\":\"en-US\",\"@id\":\"https:\/\/www.oxigenoarquitectura.com\/#\/schema\/logo\/image\/\",\"url\":\"https:\/\/www.oxigenoarquitectura.com\/wp-content\/uploads\/2021\/10\/LOGO-O2A-02.png\",\"contentUrl\":\"https:\/\/www.oxigenoarquitectura.com\/wp-content\/uploads\/2021\/10\/LOGO-O2A-02.png\",\"width\":280,\"height\":36,\"caption\":\"Ox\u00edgeno Arquitectura\"},\"image\":{\"@id\":\"https:\/\/www.oxigenoarquitectura.com\/#\/schema\/logo\/image\/\"},\"sameAs\":[\"https:\/\/www.facebook.com\/OxigenoArquitectura\/\",\"https:\/\/x.com\/OxigenoArq\",\"https:\/\/www.instagram.com\/oxigeno_arquitectura\/\",\"https:\/\/www.linkedin.com\/in\/oxigeno-arquitectura-8487a375\/\"]}]}<\/script>\n<!-- \/ Yoast SEO plugin. -->","yoast_head_json":{"title":"JORGE GONZ\u00c1LEZ - N\u00c1JERA FISHER &#8211; Ox\u00edgeno Arquitectura","robots":{"index":"index","follow":"follow","max-snippet":"max-snippet:-1","max-image-preview":"max-image-preview:large","max-video-preview":"max-video-preview:-1"},"canonical":"https:\/\/www.oxigenoarquitectura.com\/en\/jorge-gonzalez-najera-fisher\/","og_locale":"en_US","og_type":"article","og_title":"JORGE GONZ\u00c1LEZ - N\u00c1JERA FISHER &#8211; Ox\u00edgeno Arquitectura","og_description":"Jorge C. Gonz\u00e1lez-N\u00e1jera Fisher. Los inicios de m\u00ed carrera se encaminan a trabajar junto con un equipo de restauradores, interviniendo edificios hist\u00f3ricos en la zona del Centro de la Ciudad de M\u00e9xico. Tiempo despu\u00e9s, mi vida profesional me llev\u00f3 a involucrarme en el dise\u00f1o de distintas tipolog\u00edas de espacios para trabajo. En el a\u00f1o 2007 [&hellip;]","og_url":"https:\/\/www.oxigenoarquitectura.com\/en\/jorge-gonzalez-najera-fisher\/","og_site_name":"Ox\u00edgeno Arquitectura","article_publisher":"https:\/\/www.facebook.com\/OxigenoArquitectura\/","article_modified_time":"2020-05-19T21:09:47+00:00","og_image":[{"url":"http:\/\/www.oxigenoarquitectura.com\/wp-content\/uploads\/2020\/05\/JORGE-GONZ\u00c1LES-N\u00c1JERA-F.-3.jpg"}],"twitter_card":"summary_large_image","twitter_site":"@OxigenoArq","schema":{"@context":"https:\/\/schema.org","@graph":[{"@type":"WebPage","@id":"https:\/\/www.oxigenoarquitectura.com\/jorge-gonzalez-najera-fisher\/","url":"https:\/\/www.oxigenoarquitectura.com\/jorge-gonzalez-najera-fisher\/","name":"JORGE GONZ\u00c1LEZ - N\u00c1JERA FISHER &#8211; Ox\u00edgeno Arquitectura","isPartOf":{"@id":"https:\/\/www.oxigenoarquitectura.com\/#website"},"datePublished":"2020-02-12T21:37:36+00:00","dateModified":"2020-05-19T21:09:47+00:00","breadcrumb":{"@id":"https:\/\/www.oxigenoarquitectura.com\/jorge-gonzalez-najera-fisher\/#breadcrumb"},"inLanguage":"en-US","potentialAction":[{"@type":"ReadAction","target":["https:\/\/www.oxigenoarquitectura.com\/jorge-gonzalez-najera-fisher\/"]}]},{"@type":"BreadcrumbList","@id":"https:\/\/www.oxigenoarquitectura.com\/jorge-gonzalez-najera-fisher\/#breadcrumb","itemListElement":[{"@type":"ListItem","position":1,"name":"Portada","item":"https:\/\/www.oxigenoarquitectura.com\/"},{"@type":"ListItem","position":2,"name":"JORGE GONZ\u00c1LEZ &#8211; N\u00c1JERA FISHER"}]},{"@type":"WebSite","@id":"https:\/\/www.oxigenoarquitectura.com\/#website","url":"https:\/\/www.oxigenoarquitectura.com\/","name":"Ox\u00edgeno Arquitectura","description":"Arquitectura e Interiorismo","publisher":{"@id":"https:\/\/www.oxigenoarquitectura.com\/#organization"},"potentialAction":[{"@type":"SearchAction","target":{"@type":"EntryPoint","urlTemplate":"https:\/\/www.oxigenoarquitectura.com\/?s={search_term_string}"},"query-input":"required name=search_term_string"}],"inLanguage":"en-US"},{"@type":"Organization","@id":"https:\/\/www.oxigenoarquitectura.com\/#organization","name":"Ox\u00edgeno Arquitectura","url":"https:\/\/www.oxigenoarquitectura.com\/","logo":{"@type":"ImageObject","inLanguage":"en-US","@id":"https:\/\/www.oxigenoarquitectura.com\/#\/schema\/logo\/image\/","url":"https:\/\/www.oxigenoarquitectura.com\/wp-content\/uploads\/2021\/10\/LOGO-O2A-02.png","contentUrl":"https:\/\/www.oxigenoarquitectura.com\/wp-content\/uploads\/2021\/10\/LOGO-O2A-02.png","width":280,"height":36,"caption":"Ox\u00edgeno Arquitectura"},"image":{"@id":"https:\/\/www.oxigenoarquitectura.com\/#\/schema\/logo\/image\/"},"sameAs":["https:\/\/www.facebook.com\/OxigenoArquitectura\/","https:\/\/x.com\/OxigenoArq","https:\/\/www.instagram.com\/oxigeno_arquitectura\/","https:\/\/www.linkedin.com\/in\/oxigeno-arquitectura-8487a375\/"]}]}},"_links":{"self":[{"href":"https:\/\/www.oxigenoarquitectura.com\/en\/wp-json\/wp\/v2\/pages\/5072"}],"collection":[{"href":"https:\/\/www.oxigenoarquitectura.com\/en\/wp-json\/wp\/v2\/pages"}],"about":[{"href":"https:\/\/www.oxigenoarquitectura.com\/en\/wp-json\/wp\/v2\/types\/page"}],"author":[{"embeddable":true,"href":"https:\/\/www.oxigenoarquitectura.com\/en\/wp-json\/wp\/v2\/users\/7"}],"replies":[{"embeddable":true,"href":"https:\/\/www.oxigenoarquitectura.com\/en\/wp-json\/wp\/v2\/comments?post=5072"}],"version-history":[{"count":15,"href":"https:\/\/www.oxigenoarquitectura.com\/en\/wp-json\/wp\/v2\/pages\/5072\/revisions"}],"predecessor-version":[{"id":5686,"href":"https:\/\/www.oxigenoarquitectura.com\/en\/wp-json\/wp\/v2\/pages\/5072\/revisions\/5686"}],"wp:attachment":[{"href":"https:\/\/www.oxigenoarquitectura.com\/en\/wp-json\/wp\/v2\/media?parent=5072"}],"curies":[{"name":"wp","href":"https:\/\/api.w.org\/{rel}","templated":true}]}}