{"id":5395,"date":"2020-05-05T23:14:54","date_gmt":"2020-05-05T23:14:54","guid":{"rendered":"http:\/\/www.oxigenoarquitectura.com\/?page_id=5395"},"modified":"2020-05-25T19:49:51","modified_gmt":"2020-05-25T19:49:51","slug":"espacios-corporativos-despues-de-covid-19","status":"publish","type":"page","link":"https:\/\/www.oxigenoarquitectura.com\/en\/espacios-corporativos-despues-de-covid-19\/","title":{"rendered":"Espacios corporativos despu\u00e9s de COVID-19"},"content":{"rendered":"<div id=\"pl-5395\"  class=\"panel-layout\" ><div id=\"pg-5395-0\"  class=\"panel-grid panel-has-style\" ><div style=\"padding: 40px 0; \" data-overlay=\"true\" data-overlay-color=\"#000000\" class=\"panel-row-style panel-row-style-for-5395-0\" ><div id=\"pgc-5395-0-0\"  class=\"panel-grid-cell panel-grid-cell-empty\" ><\/div><\/div><\/div><div id=\"pg-5395-1\"  class=\"panel-grid panel-has-style\" ><div style=\"padding: 100px 0; \" data-overlay=\"true\" class=\"panel-row-style panel-row-style-for-5395-1\" ><div id=\"pgc-5395-1-0\"  class=\"panel-grid-cell\" ><div id=\"panel-5395-1-0-0\" class=\"so-panel widget widget_sow-editor panel-first-child panel-last-child\" data-index=\"0\" ><div style=\"text-align: left;\" data-title-color=\"#443f3f\" data-headings-color=\"#443f3f\" class=\"panel-widget-style panel-widget-style-for-5395-1-0-0\" ><div\n\t\t\t\n\t\t\tclass=\"so-widget-sow-editor so-widget-sow-editor-base\"\n\t\t\t\n\t\t>\n<div class=\"siteorigin-widget-tinymce textwidget\">\n\t<h1 style=\"text-align: center;\"><span style=\"font-family: Jost, sans-serif; color: #ff6600; font-size: 36pt;\">Espacios corporativos despu\u00e9s de COVID-19.<\/span><\/h1>\n<\/div>\n<\/div><\/div><\/div><\/div><\/div><\/div><div id=\"pg-5395-2\"  class=\"panel-grid panel-has-style\" ><div style=\"padding: 1px 0; \" data-overlay=\"true\" class=\"panel-row-style panel-row-style-for-5395-2\" ><div id=\"pgc-5395-2-0\"  class=\"panel-grid-cell\" ><div id=\"panel-5395-2-0-0\" class=\"so-panel widget widget_sow-editor panel-first-child panel-last-child\" data-index=\"1\" ><div style=\"text-align: left;\" data-title-color=\"#443f3f\" data-headings-color=\"#443f3f\" class=\"panel-widget-style panel-widget-style-for-5395-2-0-0\" ><div\n\t\t\t\n\t\t\tclass=\"so-widget-sow-editor so-widget-sow-editor-base\"\n\t\t\t\n\t\t>\n<div class=\"siteorigin-widget-tinymce textwidget\">\n\t<p><span style=\"font-family: Jost, sans-serif; font-size: 14pt; color: #808080;\">El trabajo de los arquitectos ser\u00e1 mas relevante que nunca, para nosotros el objetivo principal es propiciar el bienestar de todos los usuarios que habiten un espacio. Ahora, despu\u00e9s de esta pandemia COVID-19, ser\u00e1 de mayor importancia dise\u00f1ar espacios con criterios en donde podamos establecer normas que permitan seguridad y condiciones favorables a todos los usuarios, para realizar cualquier actividad en los espacios dise\u00f1ados.<\/span><\/p>\n<p><span style=\"font-family: Jost, sans-serif; font-size: 14pt; color: #808080;\">Las oficinas corporativas en M\u00e9xico durante 20 a\u00f1os se han desarrollado de una forma conservadora y nosotros como despacho de arquitectura, hemos tratado de convencer a nuestros clientes de renovar los espacios de trabajo en espacios individuales, colaborativos y abiertos. Y ahora con esta emergencia sanitaria que tenemos presente a nivel mundial, la mayor\u00eda hemos tenido que replantear esta idea de 20 a\u00f1os en 5 semanas.<\/span><\/p>\n<p>&nbsp;<\/p>\n<\/div>\n<\/div><\/div><\/div><\/div><\/div><\/div><div id=\"pg-5395-3\"  class=\"panel-grid panel-has-style\" ><div style=\"padding: 100px 0; \" data-overlay=\"true\" class=\"panel-row-style panel-row-style-for-5395-3\" ><div id=\"pgc-5395-3-0\"  class=\"panel-grid-cell\" ><div id=\"panel-5395-3-0-0\" class=\"so-panel widget widget_media_video panel-first-child panel-last-child\" data-index=\"2\" ><div style=\"text-align: left;\" data-title-color=\"#443f3f\" data-headings-color=\"#443f3f\" class=\"panel-widget-style panel-widget-style-for-5395-3-0-0\" ><div style=\"width:100%;\" class=\"wp-video\"><!--[if lt IE 9]><script>document.createElement('video');<\/script><![endif]-->\n<video class=\"wp-video-shortcode\" id=\"video-5395-1\" preload=\"metadata\" controls=\"controls\"><source type=\"video\/mp4\" src=\"https:\/\/www.oxigenoarquitectura.com\/wp-content\/uploads\/2020\/05\/ENTREVISTAS-IMAGEN-RADIO-JORGE-ARMEND\u00c1RIZ-1.mp4?_=1\" \/><source type=\"video\/mp4\" src=\"http:\/\/www.oxigenoarquitectura.com\/wp-content\/uploads\/2020\/05\/ENTREVISTAS-IMAGEN-RADIO-JORGE-ARMEND\u00c1RIZ-1.mp4?_=1\" \/><a href=\"https:\/\/www.oxigenoarquitectura.com\/wp-content\/uploads\/2020\/05\/ENTREVISTAS-IMAGEN-RADIO-JORGE-ARMEND\u00c1RIZ-1.mp4\">https:\/\/www.oxigenoarquitectura.com\/wp-content\/uploads\/2020\/05\/ENTREVISTAS-IMAGEN-RADIO-JORGE-ARMEND\u00c1RIZ-1.mp4<\/a><\/video><\/div><\/div><\/div><\/div><\/div><\/div><div id=\"pg-5395-4\"  class=\"panel-grid panel-has-style\" ><div style=\"padding: 100px 0; \" data-overlay=\"true\" class=\"panel-row-style panel-row-style-for-5395-4\" ><div id=\"pgc-5395-4-0\"  class=\"panel-grid-cell panel-grid-cell-empty\" ><\/div><div id=\"pgc-5395-4-1\"  class=\"panel-grid-cell panel-grid-cell-mobile-last\" ><div id=\"panel-5395-4-1-0\" class=\"so-panel widget widget_sow-image panel-first-child panel-last-child\" data-index=\"3\" ><div style=\"text-align: left;\" data-title-color=\"#443f3f\" data-headings-color=\"#443f3f\" class=\"panel-widget-style panel-widget-style-for-5395-4-1-0\" ><div\n\t\t\t\n\t\t\tclass=\"so-widget-sow-image so-widget-sow-image-default-c4f6304fc136-5395\"\n\t\t\t\n\t\t>\n<div class=\"sow-image-container\">\n\t\t<img fetchpriority=\"high\" \n\tsrc=\"https:\/\/www.oxigenoarquitectura.com\/wp-content\/uploads\/2020\/05\/FIRMA-O2A-white-scaled.jpg\" width=\"2560\" height=\"1662\" srcset=\"https:\/\/www.oxigenoarquitectura.com\/wp-content\/uploads\/2020\/05\/FIRMA-O2A-white-scaled.jpg 2560w, https:\/\/www.oxigenoarquitectura.com\/wp-content\/uploads\/2020\/05\/FIRMA-O2A-white-300x195.jpg 300w, https:\/\/www.oxigenoarquitectura.com\/wp-content\/uploads\/2020\/05\/FIRMA-O2A-white-1024x665.jpg 1024w, https:\/\/www.oxigenoarquitectura.com\/wp-content\/uploads\/2020\/05\/FIRMA-O2A-white-768x499.jpg 768w, https:\/\/www.oxigenoarquitectura.com\/wp-content\/uploads\/2020\/05\/FIRMA-O2A-white-1536x997.jpg 1536w, https:\/\/www.oxigenoarquitectura.com\/wp-content\/uploads\/2020\/05\/FIRMA-O2A-white-2048x1330.jpg 2048w, https:\/\/www.oxigenoarquitectura.com\/wp-content\/uploads\/2020\/05\/FIRMA-O2A-white-830x539.jpg 830w, https:\/\/www.oxigenoarquitectura.com\/wp-content\/uploads\/2020\/05\/FIRMA-O2A-white-230x149.jpg 230w, https:\/\/www.oxigenoarquitectura.com\/wp-content\/uploads\/2020\/05\/FIRMA-O2A-white-350x227.jpg 350w, https:\/\/www.oxigenoarquitectura.com\/wp-content\/uploads\/2020\/05\/FIRMA-O2A-white-480x312.jpg 480w\" sizes=\"(max-width: 2560px) 100vw, 2560px\" title=\"FIRMA O2A white\" alt=\"\" \t\tclass=\"so-widget-image\"\/>\n\t<\/div>\n\n<\/div><\/div><\/div><\/div><div id=\"pgc-5395-4-2\"  class=\"panel-grid-cell panel-grid-cell-empty\" ><\/div><\/div><\/div><\/div>","protected":false},"excerpt":{"rendered":"<p>Espacios corporativos despu\u00e9s de COVID-19.<\/p>","protected":false},"author":7,"featured_media":0,"parent":0,"menu_order":29,"comment_status":"closed","ping_status":"closed","template":"page-templates\/page_front-page.php","meta":{"_exactmetrics_skip_tracking":false,"_exactmetrics_sitenote_active":false,"_exactmetrics_sitenote_note":"","_exactmetrics_sitenote_category":0,"footnotes":""},"yoast_head":"<!-- This site is optimized with the Yoast SEO plugin v22.7 - https:\/\/yoast.com\/wordpress\/plugins\/seo\/ -->\n<title>Espacios corporativos despu\u00e9s de COVID-19 &#8211; Ox\u00edgeno Arquitectura<\/title>\n<meta name=\"robots\" content=\"index, follow, max-snippet:-1, max-image-preview:large, max-video-preview:-1\" \/>\n<link rel=\"canonical\" href=\"https:\/\/www.oxigenoarquitectura.com\/en\/espacios-corporativos-despues-de-covid-19\/\" \/>\n<meta property=\"og:locale\" content=\"en_US\" \/>\n<meta property=\"og:type\" content=\"article\" \/>\n<meta property=\"og:title\" content=\"Espacios corporativos despu\u00e9s de COVID-19 &#8211; Ox\u00edgeno Arquitectura\" \/>\n<meta property=\"og:description\" content=\"Espacios corporativos despu\u00e9s de COVID-19.\" \/>\n<meta property=\"og:url\" content=\"https:\/\/www.oxigenoarquitectura.com\/en\/espacios-corporativos-despues-de-covid-19\/\" \/>\n<meta property=\"og:site_name\" content=\"Ox\u00edgeno Arquitectura\" \/>\n<meta property=\"article:publisher\" content=\"https:\/\/www.facebook.com\/OxigenoArquitectura\/\" \/>\n<meta property=\"article:modified_time\" content=\"2020-05-25T19:49:51+00:00\" \/>\n<meta name=\"twitter:card\" content=\"summary_large_image\" \/>\n<meta name=\"twitter:site\" content=\"@OxigenoArq\" \/>\n<meta name=\"twitter:label1\" content=\"Est. reading time\" \/>\n\t<meta name=\"twitter:data1\" content=\"1 minute\" \/>\n<script type=\"application\/ld+json\" class=\"yoast-schema-graph\">{\"@context\":\"https:\/\/schema.org\",\"@graph\":[{\"@type\":\"WebPage\",\"@id\":\"https:\/\/www.oxigenoarquitectura.com\/espacios-corporativos-despues-de-covid-19\/\",\"url\":\"https:\/\/www.oxigenoarquitectura.com\/espacios-corporativos-despues-de-covid-19\/\",\"name\":\"Espacios corporativos despu\u00e9s de COVID-19 &#8211; Ox\u00edgeno Arquitectura\",\"isPartOf\":{\"@id\":\"https:\/\/www.oxigenoarquitectura.com\/#website\"},\"datePublished\":\"2020-05-05T23:14:54+00:00\",\"dateModified\":\"2020-05-25T19:49:51+00:00\",\"breadcrumb\":{\"@id\":\"https:\/\/www.oxigenoarquitectura.com\/espacios-corporativos-despues-de-covid-19\/#breadcrumb\"},\"inLanguage\":\"en-US\",\"potentialAction\":[{\"@type\":\"ReadAction\",\"target\":[\"https:\/\/www.oxigenoarquitectura.com\/espacios-corporativos-despues-de-covid-19\/\"]}]},{\"@type\":\"BreadcrumbList\",\"@id\":\"https:\/\/www.oxigenoarquitectura.com\/espacios-corporativos-despues-de-covid-19\/#breadcrumb\",\"itemListElement\":[{\"@type\":\"ListItem\",\"position\":1,\"name\":\"Portada\",\"item\":\"https:\/\/www.oxigenoarquitectura.com\/\"},{\"@type\":\"ListItem\",\"position\":2,\"name\":\"Espacios corporativos despu\u00e9s de COVID-19\"}]},{\"@type\":\"WebSite\",\"@id\":\"https:\/\/www.oxigenoarquitectura.com\/#website\",\"url\":\"https:\/\/www.oxigenoarquitectura.com\/\",\"name\":\"Ox\u00edgeno Arquitectura\",\"description\":\"Arquitectura e Interiorismo\",\"publisher\":{\"@id\":\"https:\/\/www.oxigenoarquitectura.com\/#organization\"},\"potentialAction\":[{\"@type\":\"SearchAction\",\"target\":{\"@type\":\"EntryPoint\",\"urlTemplate\":\"https:\/\/www.oxigenoarquitectura.com\/?s={search_term_string}\"},\"query-input\":\"required name=search_term_string\"}],\"inLanguage\":\"en-US\"},{\"@type\":\"Organization\",\"@id\":\"https:\/\/www.oxigenoarquitectura.com\/#organization\",\"name\":\"Ox\u00edgeno Arquitectura\",\"url\":\"https:\/\/www.oxigenoarquitectura.com\/\",\"logo\":{\"@type\":\"ImageObject\",\"inLanguage\":\"en-US\",\"@id\":\"https:\/\/www.oxigenoarquitectura.com\/#\/schema\/logo\/image\/\",\"url\":\"https:\/\/www.oxigenoarquitectura.com\/wp-content\/uploads\/2021\/10\/LOGO-O2A-02.png\",\"contentUrl\":\"https:\/\/www.oxigenoarquitectura.com\/wp-content\/uploads\/2021\/10\/LOGO-O2A-02.png\",\"width\":280,\"height\":36,\"caption\":\"Ox\u00edgeno Arquitectura\"},\"image\":{\"@id\":\"https:\/\/www.oxigenoarquitectura.com\/#\/schema\/logo\/image\/\"},\"sameAs\":[\"https:\/\/www.facebook.com\/OxigenoArquitectura\/\",\"https:\/\/x.com\/OxigenoArq\",\"https:\/\/www.instagram.com\/oxigeno_arquitectura\/\",\"https:\/\/www.linkedin.com\/in\/oxigeno-arquitectura-8487a375\/\"]}]}<\/script>\n<!-- \/ Yoast SEO plugin. -->","yoast_head_json":{"title":"Espacios corporativos despu\u00e9s de COVID-19 &#8211; Ox\u00edgeno Arquitectura","robots":{"index":"index","follow":"follow","max-snippet":"max-snippet:-1","max-image-preview":"max-image-preview:large","max-video-preview":"max-video-preview:-1"},"canonical":"https:\/\/www.oxigenoarquitectura.com\/en\/espacios-corporativos-despues-de-covid-19\/","og_locale":"en_US","og_type":"article","og_title":"Espacios corporativos despu\u00e9s de COVID-19 &#8211; Ox\u00edgeno Arquitectura","og_description":"Espacios corporativos despu\u00e9s de COVID-19.","og_url":"https:\/\/www.oxigenoarquitectura.com\/en\/espacios-corporativos-despues-de-covid-19\/","og_site_name":"Ox\u00edgeno Arquitectura","article_publisher":"https:\/\/www.facebook.com\/OxigenoArquitectura\/","article_modified_time":"2020-05-25T19:49:51+00:00","twitter_card":"summary_large_image","twitter_site":"@OxigenoArq","twitter_misc":{"Est. reading time":"1 minute"},"schema":{"@context":"https:\/\/schema.org","@graph":[{"@type":"WebPage","@id":"https:\/\/www.oxigenoarquitectura.com\/espacios-corporativos-despues-de-covid-19\/","url":"https:\/\/www.oxigenoarquitectura.com\/espacios-corporativos-despues-de-covid-19\/","name":"Espacios corporativos despu\u00e9s de COVID-19 &#8211; Ox\u00edgeno Arquitectura","isPartOf":{"@id":"https:\/\/www.oxigenoarquitectura.com\/#website"},"datePublished":"2020-05-05T23:14:54+00:00","dateModified":"2020-05-25T19:49:51+00:00","breadcrumb":{"@id":"https:\/\/www.oxigenoarquitectura.com\/espacios-corporativos-despues-de-covid-19\/#breadcrumb"},"inLanguage":"en-US","potentialAction":[{"@type":"ReadAction","target":["https:\/\/www.oxigenoarquitectura.com\/espacios-corporativos-despues-de-covid-19\/"]}]},{"@type":"BreadcrumbList","@id":"https:\/\/www.oxigenoarquitectura.com\/espacios-corporativos-despues-de-covid-19\/#breadcrumb","itemListElement":[{"@type":"ListItem","position":1,"name":"Portada","item":"https:\/\/www.oxigenoarquitectura.com\/"},{"@type":"ListItem","position":2,"name":"Espacios corporativos despu\u00e9s de COVID-19"}]},{"@type":"WebSite","@id":"https:\/\/www.oxigenoarquitectura.com\/#website","url":"https:\/\/www.oxigenoarquitectura.com\/","name":"Ox\u00edgeno Arquitectura","description":"Arquitectura e Interiorismo","publisher":{"@id":"https:\/\/www.oxigenoarquitectura.com\/#organization"},"potentialAction":[{"@type":"SearchAction","target":{"@type":"EntryPoint","urlTemplate":"https:\/\/www.oxigenoarquitectura.com\/?s={search_term_string}"},"query-input":"required name=search_term_string"}],"inLanguage":"en-US"},{"@type":"Organization","@id":"https:\/\/www.oxigenoarquitectura.com\/#organization","name":"Ox\u00edgeno Arquitectura","url":"https:\/\/www.oxigenoarquitectura.com\/","logo":{"@type":"ImageObject","inLanguage":"en-US","@id":"https:\/\/www.oxigenoarquitectura.com\/#\/schema\/logo\/image\/","url":"https:\/\/www.oxigenoarquitectura.com\/wp-content\/uploads\/2021\/10\/LOGO-O2A-02.png","contentUrl":"https:\/\/www.oxigenoarquitectura.com\/wp-content\/uploads\/2021\/10\/LOGO-O2A-02.png","width":280,"height":36,"caption":"Ox\u00edgeno Arquitectura"},"image":{"@id":"https:\/\/www.oxigenoarquitectura.com\/#\/schema\/logo\/image\/"},"sameAs":["https:\/\/www.facebook.com\/OxigenoArquitectura\/","https:\/\/x.com\/OxigenoArq","https:\/\/www.instagram.com\/oxigeno_arquitectura\/","https:\/\/www.linkedin.com\/in\/oxigeno-arquitectura-8487a375\/"]}]}},"_links":{"self":[{"href":"https:\/\/www.oxigenoarquitectura.com\/en\/wp-json\/wp\/v2\/pages\/5395"}],"collection":[{"href":"https:\/\/www.oxigenoarquitectura.com\/en\/wp-json\/wp\/v2\/pages"}],"about":[{"href":"https:\/\/www.oxigenoarquitectura.com\/en\/wp-json\/wp\/v2\/types\/page"}],"author":[{"embeddable":true,"href":"https:\/\/www.oxigenoarquitectura.com\/en\/wp-json\/wp\/v2\/users\/7"}],"replies":[{"embeddable":true,"href":"https:\/\/www.oxigenoarquitectura.com\/en\/wp-json\/wp\/v2\/comments?post=5395"}],"version-history":[{"count":25,"href":"https:\/\/www.oxigenoarquitectura.com\/en\/wp-json\/wp\/v2\/pages\/5395\/revisions"}],"predecessor-version":[{"id":5409,"href":"https:\/\/www.oxigenoarquitectura.com\/en\/wp-json\/wp\/v2\/pages\/5395\/revisions\/5409"}],"wp:attachment":[{"href":"https:\/\/www.oxigenoarquitectura.com\/en\/wp-json\/wp\/v2\/media?parent=5395"}],"curies":[{"name":"wp","href":"https:\/\/api.w.org\/{rel}","templated":true}]}}