{"id":5469,"date":"2020-05-06T23:58:25","date_gmt":"2020-05-06T23:58:25","guid":{"rendered":"http:\/\/www.oxigenoarquitectura.com\/?page_id=5469"},"modified":"2020-05-20T16:55:31","modified_gmt":"2020-05-20T16:55:31","slug":"webinar-retos-y-oportunidades-para-dar-continuidad-al-negocio-despues-de-la-pandemia-covid-19","status":"publish","type":"page","link":"https:\/\/www.oxigenoarquitectura.com\/en\/webinar-retos-y-oportunidades-para-dar-continuidad-al-negocio-despues-de-la-pandemia-covid-19\/","title":{"rendered":"Webinar &#8220;Retos y oportunidades para dar continuidad al negocio despu\u00e9s de la pandemia COVID-19&#8221;"},"content":{"rendered":"<div id=\"pl-5469\"  class=\"panel-layout\" ><div id=\"pg-5469-0\"  class=\"panel-grid panel-has-style\" ><div class=\"siteorigin-panels-stretch panel-row-style panel-row-style-for-5469-0\" style=\"padding: 40px 0; \" data-stretch-type=\"full\" data-overlay=\"true\" data-overlay-color=\"#000000\" ><div id=\"pgc-5469-0-0\"  class=\"panel-grid-cell panel-grid-cell-empty\" ><\/div><\/div><\/div><div id=\"pg-5469-1\"  class=\"panel-grid panel-has-style\" ><div style=\"text-align: center;padding: 20px 0; \" data-overlay=\"true\" data-overlay-color=\"#000000\" class=\"panel-row-style panel-row-style-for-5469-1\" ><div id=\"pgc-5469-1-0\"  class=\"panel-grid-cell\" ><div id=\"panel-5469-1-0-0\" class=\"so-panel widget widget_sow-editor panel-first-child panel-last-child\" data-index=\"0\" ><div style=\"text-align: center;\" data-title-color=\"#443f3f\" data-headings-color=\"#443f3f\" class=\"panel-widget-style panel-widget-style-for-5469-1-0-0\" ><div\n\t\t\t\n\t\t\tclass=\"so-widget-sow-editor so-widget-sow-editor-base\"\n\t\t\t\n\t\t>\n<div class=\"siteorigin-widget-tinymce textwidget\">\n\t<h1 style=\"text-align: center;\"><span style=\"font-family: Jost, sans-serif; color: #ff6600; font-size: 36pt;\">Webinar \"Retos y oportunidades para dar continuidad al negocio despu\u00e9s de la pandemia COVID-19\"<\/span><\/h1>\n<\/div>\n<\/div><\/div><\/div><\/div><\/div><\/div><div id=\"pg-5469-2\"  class=\"panel-grid panel-has-style\" ><div style=\"text-align: center;padding: 20px 0; \" data-overlay=\"true\" data-overlay-color=\"#000000\" class=\"panel-row-style panel-row-style-for-5469-2\" ><div id=\"pgc-5469-2-0\"  class=\"panel-grid-cell\" ><div id=\"panel-5469-2-0-0\" class=\"so-panel widget widget_sow-editor panel-first-child panel-last-child\" data-index=\"1\" ><div style=\"text-align: center;\" data-title-color=\"#443f3f\" data-headings-color=\"#443f3f\" class=\"panel-widget-style panel-widget-style-for-5469-2-0-0\" ><div\n\t\t\t\n\t\t\tclass=\"so-widget-sow-editor so-widget-sow-editor-base\"\n\t\t\t\n\t\t>\n<div class=\"siteorigin-widget-tinymce textwidget\">\n\t<p style=\"text-align: left;\"><span style=\"font-family: Jost, sans-serif; color: #808080;\"><span style=\"font-size: 18.6667px;\">La situaci\u00f3n que actualmente vivimos con la pandemia COVID-19 a nivel global, muchas empresas ser\u00e1n beneficiadas entre las que podemos mencionar: las farmac\u00e9uticas y tecnol\u00f3gicas, ya que en este momento se requieren mucho de sus servicios y por consiguiente tendr\u00e1n un crecimiento exponencial los siguientes a\u00f1os. Lo importante ser\u00e1 que las empresas residentes comprendan esta crisis y se puedan adaptar a ella. <\/span><\/span><\/p>\n<p style=\"text-align: left;\"><span style=\"font-family: Jost, sans-serif; color: #808080;\"><span style=\"font-size: 18.6667px;\">Nuestro reto como arquitectos, dise\u00f1adores, creadores de espacios, ser\u00e1 toda la parte de planeaci\u00f3n y estrategia con la que trabajamos con nuestros clientes, considero que sigue siendo vigente de cierta forma. Actualmente nosotros como arquitectos nos estamos haciendo la pregunta de si la situaci\u00f3n de \"home office\" llego para quedarse,\u00a0 o si los colaboradores de una empresas estar\u00e1n de acuerdo de regresar a las oficinas, en fin; es ah\u00ed donde entramos nosotros como dise\u00f1adores de espacios para poder brindar soluciones a nuestros clientes adapt\u00e1ndonos a la situaci\u00f3n en la que actualmente nos desarrollamos. <\/span><\/span><\/p>\n<p style=\"text-align: left;\"><span style=\"font-family: Jost, sans-serif; color: #808080;\"><span style=\"font-size: 18.6667px;\">Proveer de metodolog\u00edas que cubra las necesidades que requieran nuestros clientes y poder establecer mecanismos que nos permitan evolucionar y llegar con un producto nuevo, es algo que tengo muy claro y estoy segura que lo que realiz\u00e1bamos como arquitectos unos meses atr\u00e1s, ya no ser\u00e1 vigente y tendremos que renovarnos.\u00a0<\/span><\/span><\/p>\n<\/div>\n<\/div><\/div><\/div><\/div><\/div><\/div><div id=\"pg-5469-3\"  class=\"panel-grid panel-has-style\" ><div style=\"text-align: center;padding: 100px 0; \" data-overlay=\"true\" data-overlay-color=\"#000000\" class=\"panel-row-style panel-row-style-for-5469-3\" ><div id=\"pgc-5469-3-0\"  class=\"panel-grid-cell\" ><div id=\"panel-5469-3-0-0\" class=\"so-panel widget widget_media_video panel-first-child panel-last-child\" data-index=\"2\" ><div style=\"text-align: left;\" data-title-color=\"#443f3f\" data-headings-color=\"#443f3f\" class=\"panel-widget-style panel-widget-style-for-5469-3-0-0\" ><div style=\"width:100%;\" class=\"wp-video\"><!--[if lt IE 9]><script>document.createElement('video');<\/script><![endif]-->\n<video class=\"wp-video-shortcode\" id=\"video-5469-1\" preload=\"metadata\" controls=\"controls\"><source type=\"video\/youtube\" src=\"https:\/\/youtu.be\/qxRARXsy5cA?_=1\" \/><a href=\"https:\/\/youtu.be\/qxRARXsy5cA\">https:\/\/youtu.be\/qxRARXsy5cA<\/a><\/video><\/div><\/div><\/div><\/div><\/div><\/div><div id=\"pg-5469-4\"  class=\"panel-grid panel-has-style\" ><div style=\"padding: 100px 0; \" data-overlay=\"true\" data-overlay-color=\"#000000\" class=\"panel-row-style panel-row-style-for-5469-4\" ><div id=\"pgc-5469-4-0\"  class=\"panel-grid-cell panel-grid-cell-empty\" ><\/div><div id=\"pgc-5469-4-1\"  class=\"panel-grid-cell panel-grid-cell-mobile-last\" ><div id=\"panel-5469-4-1-0\" class=\"so-panel widget widget_sow-image panel-first-child panel-last-child\" data-index=\"3\" ><div style=\"text-align: center;\" data-title-color=\"#443f3f\" data-headings-color=\"#443f3f\" class=\"panel-widget-style panel-widget-style-for-5469-4-1-0\" ><div\n\t\t\t\n\t\t\tclass=\"so-widget-sow-image so-widget-sow-image-default-c4f6304fc136-5469\"\n\t\t\t\n\t\t>\n<div class=\"sow-image-container\">\n\t\t<img fetchpriority=\"high\" \n\tsrc=\"https:\/\/www.oxigenoarquitectura.com\/wp-content\/uploads\/2020\/05\/FIRMA-O2A-white-scaled.jpg\" width=\"2560\" height=\"1662\" srcset=\"https:\/\/www.oxigenoarquitectura.com\/wp-content\/uploads\/2020\/05\/FIRMA-O2A-white-scaled.jpg 2560w, https:\/\/www.oxigenoarquitectura.com\/wp-content\/uploads\/2020\/05\/FIRMA-O2A-white-300x195.jpg 300w, https:\/\/www.oxigenoarquitectura.com\/wp-content\/uploads\/2020\/05\/FIRMA-O2A-white-1024x665.jpg 1024w, https:\/\/www.oxigenoarquitectura.com\/wp-content\/uploads\/2020\/05\/FIRMA-O2A-white-768x499.jpg 768w, https:\/\/www.oxigenoarquitectura.com\/wp-content\/uploads\/2020\/05\/FIRMA-O2A-white-1536x997.jpg 1536w, https:\/\/www.oxigenoarquitectura.com\/wp-content\/uploads\/2020\/05\/FIRMA-O2A-white-2048x1330.jpg 2048w, https:\/\/www.oxigenoarquitectura.com\/wp-content\/uploads\/2020\/05\/FIRMA-O2A-white-830x539.jpg 830w, https:\/\/www.oxigenoarquitectura.com\/wp-content\/uploads\/2020\/05\/FIRMA-O2A-white-230x149.jpg 230w, https:\/\/www.oxigenoarquitectura.com\/wp-content\/uploads\/2020\/05\/FIRMA-O2A-white-350x227.jpg 350w, https:\/\/www.oxigenoarquitectura.com\/wp-content\/uploads\/2020\/05\/FIRMA-O2A-white-480x312.jpg 480w\" sizes=\"(max-width: 2560px) 100vw, 2560px\" title=\"FIRMA O2A white\" alt=\"\" \t\tclass=\"so-widget-image\"\/>\n\t<\/div>\n\n<\/div><\/div><\/div><\/div><div id=\"pgc-5469-4-2\"  class=\"panel-grid-cell panel-grid-cell-empty\" ><\/div><\/div><\/div><\/div>","protected":false},"excerpt":{"rendered":"<p>Webinar &#8220;Retos y oportunidades para dar continuidad al negocio despu\u00e9s de la pandemia COVID-19&#8221;<\/p>","protected":false},"author":7,"featured_media":0,"parent":0,"menu_order":27,"comment_status":"closed","ping_status":"closed","template":"page-templates\/page_front-page.php","meta":{"_exactmetrics_skip_tracking":false,"_exactmetrics_sitenote_active":false,"_exactmetrics_sitenote_note":"","_exactmetrics_sitenote_category":0,"footnotes":""},"yoast_head":"<!-- This site is optimized with the Yoast SEO plugin v22.7 - https:\/\/yoast.com\/wordpress\/plugins\/seo\/ -->\n<title>Webinar &quot;Retos y oportunidades para dar continuidad al negocio despu\u00e9s de la pandemia COVID-19&quot; &#8211; Ox\u00edgeno Arquitectura<\/title>\n<meta name=\"robots\" content=\"index, follow, max-snippet:-1, max-image-preview:large, max-video-preview:-1\" \/>\n<link rel=\"canonical\" href=\"https:\/\/www.oxigenoarquitectura.com\/en\/webinar-retos-y-oportunidades-para-dar-continuidad-al-negocio-despues-de-la-pandemia-covid-19\/\" \/>\n<meta property=\"og:locale\" content=\"en_US\" \/>\n<meta property=\"og:type\" content=\"article\" \/>\n<meta property=\"og:title\" content=\"Webinar &quot;Retos y oportunidades para dar continuidad al negocio despu\u00e9s de la pandemia COVID-19&quot; &#8211; Ox\u00edgeno Arquitectura\" \/>\n<meta property=\"og:description\" content=\"Webinar &quot;Retos y oportunidades para dar continuidad al negocio despu\u00e9s de la pandemia COVID-19&quot;\" \/>\n<meta property=\"og:url\" content=\"https:\/\/www.oxigenoarquitectura.com\/en\/webinar-retos-y-oportunidades-para-dar-continuidad-al-negocio-despues-de-la-pandemia-covid-19\/\" \/>\n<meta property=\"og:site_name\" content=\"Ox\u00edgeno Arquitectura\" \/>\n<meta property=\"article:publisher\" content=\"https:\/\/www.facebook.com\/OxigenoArquitectura\/\" \/>\n<meta property=\"article:modified_time\" content=\"2020-05-20T16:55:31+00:00\" \/>\n<meta name=\"twitter:card\" content=\"summary_large_image\" \/>\n<meta name=\"twitter:site\" content=\"@OxigenoArq\" \/>\n<meta name=\"twitter:label1\" content=\"Est. reading time\" \/>\n\t<meta name=\"twitter:data1\" content=\"1 minute\" \/>\n<script type=\"application\/ld+json\" class=\"yoast-schema-graph\">{\"@context\":\"https:\/\/schema.org\",\"@graph\":[{\"@type\":\"WebPage\",\"@id\":\"https:\/\/www.oxigenoarquitectura.com\/webinar-retos-y-oportunidades-para-dar-continuidad-al-negocio-despues-de-la-pandemia-covid-19\/\",\"url\":\"https:\/\/www.oxigenoarquitectura.com\/webinar-retos-y-oportunidades-para-dar-continuidad-al-negocio-despues-de-la-pandemia-covid-19\/\",\"name\":\"Webinar \\\"Retos y oportunidades para dar continuidad al negocio despu\u00e9s de la pandemia COVID-19\\\" &#8211; Ox\u00edgeno Arquitectura\",\"isPartOf\":{\"@id\":\"https:\/\/www.oxigenoarquitectura.com\/#website\"},\"datePublished\":\"2020-05-06T23:58:25+00:00\",\"dateModified\":\"2020-05-20T16:55:31+00:00\",\"breadcrumb\":{\"@id\":\"https:\/\/www.oxigenoarquitectura.com\/webinar-retos-y-oportunidades-para-dar-continuidad-al-negocio-despues-de-la-pandemia-covid-19\/#breadcrumb\"},\"inLanguage\":\"en-US\",\"potentialAction\":[{\"@type\":\"ReadAction\",\"target\":[\"https:\/\/www.oxigenoarquitectura.com\/webinar-retos-y-oportunidades-para-dar-continuidad-al-negocio-despues-de-la-pandemia-covid-19\/\"]}]},{\"@type\":\"BreadcrumbList\",\"@id\":\"https:\/\/www.oxigenoarquitectura.com\/webinar-retos-y-oportunidades-para-dar-continuidad-al-negocio-despues-de-la-pandemia-covid-19\/#breadcrumb\",\"itemListElement\":[{\"@type\":\"ListItem\",\"position\":1,\"name\":\"Portada\",\"item\":\"https:\/\/www.oxigenoarquitectura.com\/\"},{\"@type\":\"ListItem\",\"position\":2,\"name\":\"Webinar \u00abRetos y oportunidades para dar continuidad al negocio despu\u00e9s de la pandemia COVID-19\u00bb\"}]},{\"@type\":\"WebSite\",\"@id\":\"https:\/\/www.oxigenoarquitectura.com\/#website\",\"url\":\"https:\/\/www.oxigenoarquitectura.com\/\",\"name\":\"Ox\u00edgeno Arquitectura\",\"description\":\"Arquitectura e Interiorismo\",\"publisher\":{\"@id\":\"https:\/\/www.oxigenoarquitectura.com\/#organization\"},\"potentialAction\":[{\"@type\":\"SearchAction\",\"target\":{\"@type\":\"EntryPoint\",\"urlTemplate\":\"https:\/\/www.oxigenoarquitectura.com\/?s={search_term_string}\"},\"query-input\":\"required name=search_term_string\"}],\"inLanguage\":\"en-US\"},{\"@type\":\"Organization\",\"@id\":\"https:\/\/www.oxigenoarquitectura.com\/#organization\",\"name\":\"Ox\u00edgeno Arquitectura\",\"url\":\"https:\/\/www.oxigenoarquitectura.com\/\",\"logo\":{\"@type\":\"ImageObject\",\"inLanguage\":\"en-US\",\"@id\":\"https:\/\/www.oxigenoarquitectura.com\/#\/schema\/logo\/image\/\",\"url\":\"https:\/\/www.oxigenoarquitectura.com\/wp-content\/uploads\/2021\/10\/LOGO-O2A-02.png\",\"contentUrl\":\"https:\/\/www.oxigenoarquitectura.com\/wp-content\/uploads\/2021\/10\/LOGO-O2A-02.png\",\"width\":280,\"height\":36,\"caption\":\"Ox\u00edgeno Arquitectura\"},\"image\":{\"@id\":\"https:\/\/www.oxigenoarquitectura.com\/#\/schema\/logo\/image\/\"},\"sameAs\":[\"https:\/\/www.facebook.com\/OxigenoArquitectura\/\",\"https:\/\/x.com\/OxigenoArq\",\"https:\/\/www.instagram.com\/oxigeno_arquitectura\/\",\"https:\/\/www.linkedin.com\/in\/oxigeno-arquitectura-8487a375\/\"]}]}<\/script>\n<!-- \/ Yoast SEO plugin. -->","yoast_head_json":{"title":"Webinar \"Retos y oportunidades para dar continuidad al negocio despu\u00e9s de la pandemia COVID-19\" &#8211; Ox\u00edgeno Arquitectura","robots":{"index":"index","follow":"follow","max-snippet":"max-snippet:-1","max-image-preview":"max-image-preview:large","max-video-preview":"max-video-preview:-1"},"canonical":"https:\/\/www.oxigenoarquitectura.com\/en\/webinar-retos-y-oportunidades-para-dar-continuidad-al-negocio-despues-de-la-pandemia-covid-19\/","og_locale":"en_US","og_type":"article","og_title":"Webinar \"Retos y oportunidades para dar continuidad al negocio despu\u00e9s de la pandemia COVID-19\" &#8211; Ox\u00edgeno Arquitectura","og_description":"Webinar \"Retos y oportunidades para dar continuidad al negocio despu\u00e9s de la pandemia COVID-19\"","og_url":"https:\/\/www.oxigenoarquitectura.com\/en\/webinar-retos-y-oportunidades-para-dar-continuidad-al-negocio-despues-de-la-pandemia-covid-19\/","og_site_name":"Ox\u00edgeno Arquitectura","article_publisher":"https:\/\/www.facebook.com\/OxigenoArquitectura\/","article_modified_time":"2020-05-20T16:55:31+00:00","twitter_card":"summary_large_image","twitter_site":"@OxigenoArq","twitter_misc":{"Est. reading time":"1 minute"},"schema":{"@context":"https:\/\/schema.org","@graph":[{"@type":"WebPage","@id":"https:\/\/www.oxigenoarquitectura.com\/webinar-retos-y-oportunidades-para-dar-continuidad-al-negocio-despues-de-la-pandemia-covid-19\/","url":"https:\/\/www.oxigenoarquitectura.com\/webinar-retos-y-oportunidades-para-dar-continuidad-al-negocio-despues-de-la-pandemia-covid-19\/","name":"Webinar \"Retos y oportunidades para dar continuidad al negocio despu\u00e9s de la pandemia COVID-19\" &#8211; Ox\u00edgeno Arquitectura","isPartOf":{"@id":"https:\/\/www.oxigenoarquitectura.com\/#website"},"datePublished":"2020-05-06T23:58:25+00:00","dateModified":"2020-05-20T16:55:31+00:00","breadcrumb":{"@id":"https:\/\/www.oxigenoarquitectura.com\/webinar-retos-y-oportunidades-para-dar-continuidad-al-negocio-despues-de-la-pandemia-covid-19\/#breadcrumb"},"inLanguage":"en-US","potentialAction":[{"@type":"ReadAction","target":["https:\/\/www.oxigenoarquitectura.com\/webinar-retos-y-oportunidades-para-dar-continuidad-al-negocio-despues-de-la-pandemia-covid-19\/"]}]},{"@type":"BreadcrumbList","@id":"https:\/\/www.oxigenoarquitectura.com\/webinar-retos-y-oportunidades-para-dar-continuidad-al-negocio-despues-de-la-pandemia-covid-19\/#breadcrumb","itemListElement":[{"@type":"ListItem","position":1,"name":"Portada","item":"https:\/\/www.oxigenoarquitectura.com\/"},{"@type":"ListItem","position":2,"name":"Webinar \u00abRetos y oportunidades para dar continuidad al negocio despu\u00e9s de la pandemia COVID-19\u00bb"}]},{"@type":"WebSite","@id":"https:\/\/www.oxigenoarquitectura.com\/#website","url":"https:\/\/www.oxigenoarquitectura.com\/","name":"Ox\u00edgeno Arquitectura","description":"Arquitectura e Interiorismo","publisher":{"@id":"https:\/\/www.oxigenoarquitectura.com\/#organization"},"potentialAction":[{"@type":"SearchAction","target":{"@type":"EntryPoint","urlTemplate":"https:\/\/www.oxigenoarquitectura.com\/?s={search_term_string}"},"query-input":"required name=search_term_string"}],"inLanguage":"en-US"},{"@type":"Organization","@id":"https:\/\/www.oxigenoarquitectura.com\/#organization","name":"Ox\u00edgeno Arquitectura","url":"https:\/\/www.oxigenoarquitectura.com\/","logo":{"@type":"ImageObject","inLanguage":"en-US","@id":"https:\/\/www.oxigenoarquitectura.com\/#\/schema\/logo\/image\/","url":"https:\/\/www.oxigenoarquitectura.com\/wp-content\/uploads\/2021\/10\/LOGO-O2A-02.png","contentUrl":"https:\/\/www.oxigenoarquitectura.com\/wp-content\/uploads\/2021\/10\/LOGO-O2A-02.png","width":280,"height":36,"caption":"Ox\u00edgeno Arquitectura"},"image":{"@id":"https:\/\/www.oxigenoarquitectura.com\/#\/schema\/logo\/image\/"},"sameAs":["https:\/\/www.facebook.com\/OxigenoArquitectura\/","https:\/\/x.com\/OxigenoArq","https:\/\/www.instagram.com\/oxigeno_arquitectura\/","https:\/\/www.linkedin.com\/in\/oxigeno-arquitectura-8487a375\/"]}]}},"_links":{"self":[{"href":"https:\/\/www.oxigenoarquitectura.com\/en\/wp-json\/wp\/v2\/pages\/5469"}],"collection":[{"href":"https:\/\/www.oxigenoarquitectura.com\/en\/wp-json\/wp\/v2\/pages"}],"about":[{"href":"https:\/\/www.oxigenoarquitectura.com\/en\/wp-json\/wp\/v2\/types\/page"}],"author":[{"embeddable":true,"href":"https:\/\/www.oxigenoarquitectura.com\/en\/wp-json\/wp\/v2\/users\/7"}],"replies":[{"embeddable":true,"href":"https:\/\/www.oxigenoarquitectura.com\/en\/wp-json\/wp\/v2\/comments?post=5469"}],"version-history":[{"count":19,"href":"https:\/\/www.oxigenoarquitectura.com\/en\/wp-json\/wp\/v2\/pages\/5469\/revisions"}],"predecessor-version":[{"id":5474,"href":"https:\/\/www.oxigenoarquitectura.com\/en\/wp-json\/wp\/v2\/pages\/5469\/revisions\/5474"}],"wp:attachment":[{"href":"https:\/\/www.oxigenoarquitectura.com\/en\/wp-json\/wp\/v2\/media?parent=5469"}],"curies":[{"name":"wp","href":"https:\/\/api.w.org\/{rel}","templated":true}]}}