{"id":6372,"date":"2021-08-24T18:48:31","date_gmt":"2021-08-24T18:48:31","guid":{"rendered":"https:\/\/www.oxigenoarquitectura.com\/?page_id=6372"},"modified":"2021-08-24T20:18:59","modified_gmt":"2021-08-24T20:18:59","slug":"equidad-e-inclusion-laboral","status":"publish","type":"page","link":"https:\/\/www.oxigenoarquitectura.com\/en\/equidad-e-inclusion-laboral\/","title":{"rendered":"Nuestro compromiso con la Diversidad e Inclusi\u00f3n"},"content":{"rendered":"<div id=\"pl-6372\"  class=\"panel-layout\" ><div id=\"pg-6372-0\"  class=\"panel-grid panel-has-style\" ><div class=\"siteorigin-panels-stretch panel-row-style panel-row-style-for-6372-0\" style=\"padding: 40px 0; \" data-stretch-type=\"full\" data-overlay=\"true\" data-overlay-color=\"#000000\" ><div id=\"pgc-6372-0-0\"  class=\"panel-grid-cell panel-grid-cell-empty\" ><\/div><\/div><\/div><div id=\"pg-6372-1\"  class=\"panel-grid panel-has-style\" ><div class=\"siteorigin-panels-stretch panel-row-style panel-row-style-for-6372-1\" style=\"padding: 20px 0; \" data-stretch-type=\"full\" data-overlay=\"true\" data-overlay-color=\"#000000\" ><div id=\"pgc-6372-1-0\"  class=\"panel-grid-cell\" ><div id=\"panel-6372-1-0-0\" class=\"so-panel widget widget_sow-editor panel-first-child panel-last-child\" data-index=\"0\" ><div style=\"text-align: left;\" data-title-color=\"#443f3f\" data-headings-color=\"#443f3f\" class=\"panel-widget-style panel-widget-style-for-6372-1-0-0\" ><div\n\t\t\t\n\t\t\tclass=\"so-widget-sow-editor so-widget-sow-editor-base\"\n\t\t\t\n\t\t>\n<div class=\"siteorigin-widget-tinymce textwidget\">\n\t<h1 style=\"text-align: center;\"><span style=\"font-family: Jost, sans-serif; color: #ff6600; font-size: 36pt;\">Nuestro compromiso con la Diversidad e Inclusi\u00f3n.<\/span><\/h1>\n<\/div>\n<\/div><\/div><\/div><\/div><\/div><\/div><div id=\"pg-6372-2\"  class=\"panel-grid panel-has-style\" ><div class=\"siteorigin-panels-stretch panel-row-style panel-row-style-for-6372-2\" style=\"padding: 1px 0; \" data-stretch-type=\"full\" data-overlay=\"true\" data-overlay-color=\"#000000\" ><div id=\"pgc-6372-2-0\"  class=\"panel-grid-cell\" ><div id=\"panel-6372-2-0-0\" class=\"so-panel widget widget_sow-editor panel-first-child panel-last-child\" data-index=\"1\" ><div style=\"text-align: left;\" data-title-color=\"#443f3f\" data-headings-color=\"#443f3f\" class=\"panel-widget-style panel-widget-style-for-6372-2-0-0\" ><div\n\t\t\t\n\t\t\tclass=\"so-widget-sow-editor so-widget-sow-editor-base\"\n\t\t\t\n\t\t>\n<div class=\"siteorigin-widget-tinymce textwidget\">\n\t<p style=\"text-align: left;\"><em><strong><span style=\"font-family: Jost, sans-serif; color: #808080;\"><span style=\"font-size: 18.6667px;\">Impulsando la equidad para todos en el espacio de trabajo. - <\/span><\/span><\/strong><span style=\"font-family: Jost, sans-serif; color: #808080;\"><span style=\"font-size: 18.6667px;\">by Paulina Gonz\u00e1lez.<\/span><\/span><\/em><\/p>\n<p>&nbsp;<\/p>\n<p style=\"text-align: left;\"><span style=\"font-family: Jost, sans-serif; color: #808080;\"><span style=\"font-size: 18.6667px;\">Creemos firmemente que la fuerza de trabajo hoy en d\u00eda es igualitaria y es de suma importancia establecer objetivos audaces para acelerar la diversidad e inclusi\u00f3n en nuestro espacio de trabajo.<\/span><\/span><\/p>\n<p><span style=\"font-size: 14pt; font-family: Jost, sans-serif; color: #808080;\">Es por ello por lo que en 2021; nos dimos a la tarea de conformar un Comit\u00e9 de Diversidad e Inclusi\u00f3n voluntario, que tiene como finalidad evaluar los asuntos de diversidad e inclusi\u00f3n a la cual nos enfrentamos y establecer una direcci\u00f3n estrat\u00e9gica y priorizar nuestras acciones dentro de la firma y hacia afuera.<\/span><\/p>\n<p><span style=\"font-size: 14pt; font-family: Jost, sans-serif; color: #808080;\">Estamos convencidos, que en la actualidad el talento es m\u00e1s diverso que nunca, por lo que contar con un espacio de trabajo inclusivo es fundamental para desarrollar y retener el talento.<\/span><\/p>\n<p><span style=\"font-size: 14pt; font-family: Jost, sans-serif; color: #808080;\">Trabajamos a diario para crear un ambiente en el que todos los colaboradores de la firma se sientan valorados y protegidos, capaces de desarrollar su talento; y gracias a este ambiente y en conjunto con nuestros valores de \u00e9tica, pasi\u00f3n, innovaci\u00f3n, creatividad, orientaci\u00f3n al usuario y adaptabilidad; logramos conformar un equipo con personas maravillosas sinti\u00e9ndose con la libertad de ser ellas mismas.<\/span><\/p>\n<p><span style=\"font-size: 14pt; font-family: Jost, sans-serif; color: #808080;\">Contamos con pol\u00edticas que aseguran el bienestar de nuestros colaboradores por lo que el Comit\u00e9 se encarg\u00f3 de desarrollar nuestra pol\u00edtica de Igualdad laboral y no discriminaci\u00f3n; la cual indica, entre otras cosas que:<\/span><\/p>\n<\/div>\n<\/div><\/div><\/div><\/div><\/div><\/div><div id=\"pg-6372-3\"  class=\"panel-grid panel-has-style\" ><div class=\"siteorigin-panels-stretch panel-row-style panel-row-style-for-6372-3\" style=\"padding: 10px 0; \" data-stretch-type=\"full\" data-overlay=\"true\" data-overlay-color=\"#000000\" ><div id=\"pgc-6372-3-0\"  class=\"panel-grid-cell panel-grid-cell-empty\" ><\/div><div id=\"pgc-6372-3-1\"  class=\"panel-grid-cell panel-grid-cell-mobile-last\" ><div id=\"panel-6372-3-1-0\" class=\"so-panel widget widget_sow-image panel-first-child panel-last-child\" data-index=\"2\" ><div style=\"text-align: left;\" data-title-color=\"#443f3f\" data-headings-color=\"#443f3f\" class=\"panel-widget-style panel-widget-style-for-6372-3-1-0\" ><div\n\t\t\t\n\t\t\tclass=\"so-widget-sow-image so-widget-sow-image-default-dbf295114b96-6372\"\n\t\t\t\n\t\t>\n<div class=\"sow-image-container\">\n\t\t<img fetchpriority=\"high\" \n\tsrc=\"https:\/\/www.oxigenoarquitectura.com\/wp-content\/uploads\/2021\/08\/TEAM-WORK-02-scaled.jpg\" width=\"2560\" height=\"1982\" srcset=\"https:\/\/www.oxigenoarquitectura.com\/wp-content\/uploads\/2021\/08\/TEAM-WORK-02-scaled.jpg 2560w, https:\/\/www.oxigenoarquitectura.com\/wp-content\/uploads\/2021\/08\/TEAM-WORK-02-300x232.jpg 300w, https:\/\/www.oxigenoarquitectura.com\/wp-content\/uploads\/2021\/08\/TEAM-WORK-02-1024x793.jpg 1024w, https:\/\/www.oxigenoarquitectura.com\/wp-content\/uploads\/2021\/08\/TEAM-WORK-02-768x595.jpg 768w, https:\/\/www.oxigenoarquitectura.com\/wp-content\/uploads\/2021\/08\/TEAM-WORK-02-1536x1189.jpg 1536w, https:\/\/www.oxigenoarquitectura.com\/wp-content\/uploads\/2021\/08\/TEAM-WORK-02-2048x1586.jpg 2048w, https:\/\/www.oxigenoarquitectura.com\/wp-content\/uploads\/2021\/08\/TEAM-WORK-02-830x643.jpg 830w, https:\/\/www.oxigenoarquitectura.com\/wp-content\/uploads\/2021\/08\/TEAM-WORK-02-230x178.jpg 230w, https:\/\/www.oxigenoarquitectura.com\/wp-content\/uploads\/2021\/08\/TEAM-WORK-02-350x271.jpg 350w, https:\/\/www.oxigenoarquitectura.com\/wp-content\/uploads\/2021\/08\/TEAM-WORK-02-480x372.jpg 480w\" sizes=\"(max-width: 2560px) 100vw, 2560px\" title=\"TEAM WORK 02\" alt=\"\" \t\tclass=\"so-widget-image\"\/>\n\t<\/div>\n\n<\/div><\/div><\/div><\/div><div id=\"pgc-6372-3-2\"  class=\"panel-grid-cell panel-grid-cell-empty\" ><\/div><\/div><\/div><div id=\"pg-6372-4\"  class=\"panel-grid panel-has-style\" ><div class=\"siteorigin-panels-stretch panel-row-style panel-row-style-for-6372-4\" style=\"padding: 1px 0; \" data-stretch-type=\"full\" data-overlay=\"true\" data-overlay-color=\"#000000\" ><div id=\"pgc-6372-4-0\"  class=\"panel-grid-cell panel-grid-cell-empty\" ><\/div><div id=\"pgc-6372-4-1\"  class=\"panel-grid-cell panel-grid-cell-mobile-last\" ><div id=\"panel-6372-4-1-0\" class=\"so-panel widget widget_sow-editor panel-first-child panel-last-child\" data-index=\"3\" ><div style=\"text-align: left;\" data-title-color=\"#443f3f\" data-headings-color=\"#443f3f\" class=\"panel-widget-style panel-widget-style-for-6372-4-1-0\" ><div\n\t\t\t\n\t\t\tclass=\"so-widget-sow-editor so-widget-sow-editor-base\"\n\t\t\t\n\t\t>\n<div class=\"siteorigin-widget-tinymce textwidget\">\n\t<p style=\"text-align: center;\"><em><strong><span style=\"font-family: Jost, sans-serif; color: #808080;\"><span style=\"font-size: 18.6667px;\">\u201cLa igualdad laboral y no discriminaci\u00f3n son de aplicaci\u00f3n obligatoria para todo el personal y candidatos, sin distinci\u00f3n, exclusi\u00f3n, restricci\u00f3n o preferencia que, por acci\u00f3n u omisi\u00f3n, con intenci\u00f3n o sin ella, no sea objetiva, racional ni proporcional y tenga por objeto o resultado obstaculizar, restringir, impedir, menoscabar o anular el reconocimiento, goce o ejercicio de los derechos humanos y libertades, cuando se base en uno o m\u00e1s de los siguientes motivos: el origen \u00e9tnico o nacional, el color de piel, la cultura, sexo, g\u00e9nero, <u>orientaci\u00f3n sexual, identidad y expresi\u00f3n de g\u00e9nero<\/u>, la edad, las discapacidades, la condici\u00f3n social, econ\u00f3mica, de salud o jur\u00eddica, la religi\u00f3n, la apariencia f\u00edsica, las caracter\u00edsticas gen\u00e9ticas, la situaci\u00f3n migratoria, el embarazo, la lengua, las opiniones, la identidad o filiaci\u00f3n pol\u00edtica, el estado civil, la situaci\u00f3n familiar, las responsabilidades familiares, el idioma, los antecedentes penales o cualquier otro motivo; tambi\u00e9n se entender\u00e1 como discriminaci\u00f3n la homofobia, misoginia, cualquier manifestaci\u00f3n de xenofobia, segregaci\u00f3n racial, antisemitismo, as\u00ed como la discriminaci\u00f3n racial y otras formas conexas de intolerancia.\u201d<\/span><\/span><\/strong><\/em><\/p>\n<\/div>\n<\/div><\/div><\/div><\/div><div id=\"pgc-6372-4-2\"  class=\"panel-grid-cell panel-grid-cell-empty\" ><\/div><\/div><\/div><div id=\"pg-6372-5\"  class=\"panel-grid panel-has-style\" ><div class=\"siteorigin-panels-stretch panel-row-style panel-row-style-for-6372-5\" style=\"padding: 5px 0; \" data-stretch-type=\"full\" data-overlay=\"true\" data-overlay-color=\"#000000\" ><div id=\"pgc-6372-5-0\"  class=\"panel-grid-cell panel-grid-cell-empty\" ><\/div><div id=\"pgc-6372-5-1\"  class=\"panel-grid-cell panel-grid-cell-mobile-last\" ><div id=\"panel-6372-5-1-0\" class=\"so-panel widget widget_sow-image panel-first-child panel-last-child\" data-index=\"4\" ><div style=\"text-align: left;\" data-title-color=\"#443f3f\" data-headings-color=\"#443f3f\" class=\"panel-widget-style panel-widget-style-for-6372-5-1-0\" ><div\n\t\t\t\n\t\t\tclass=\"so-widget-sow-image so-widget-sow-image-default-dbf295114b96-6372\"\n\t\t\t\n\t\t>\n<div class=\"sow-image-container\">\n\t\t<img \n\tsrc=\"https:\/\/www.oxigenoarquitectura.com\/wp-content\/uploads\/2021\/08\/DATOS-LGBTQ-scaled.jpg\" width=\"2560\" height=\"1982\" srcset=\"https:\/\/www.oxigenoarquitectura.com\/wp-content\/uploads\/2021\/08\/DATOS-LGBTQ-scaled.jpg 2560w, https:\/\/www.oxigenoarquitectura.com\/wp-content\/uploads\/2021\/08\/DATOS-LGBTQ-300x232.jpg 300w, https:\/\/www.oxigenoarquitectura.com\/wp-content\/uploads\/2021\/08\/DATOS-LGBTQ-1024x793.jpg 1024w, https:\/\/www.oxigenoarquitectura.com\/wp-content\/uploads\/2021\/08\/DATOS-LGBTQ-768x595.jpg 768w, https:\/\/www.oxigenoarquitectura.com\/wp-content\/uploads\/2021\/08\/DATOS-LGBTQ-1536x1189.jpg 1536w, https:\/\/www.oxigenoarquitectura.com\/wp-content\/uploads\/2021\/08\/DATOS-LGBTQ-2048x1586.jpg 2048w, https:\/\/www.oxigenoarquitectura.com\/wp-content\/uploads\/2021\/08\/DATOS-LGBTQ-830x643.jpg 830w, https:\/\/www.oxigenoarquitectura.com\/wp-content\/uploads\/2021\/08\/DATOS-LGBTQ-230x178.jpg 230w, https:\/\/www.oxigenoarquitectura.com\/wp-content\/uploads\/2021\/08\/DATOS-LGBTQ-350x271.jpg 350w, https:\/\/www.oxigenoarquitectura.com\/wp-content\/uploads\/2021\/08\/DATOS-LGBTQ-480x372.jpg 480w\" sizes=\"(max-width: 2560px) 100vw, 2560px\" title=\"DATOS LGBTQ\" alt=\"\" \t\tclass=\"so-widget-image\"\/>\n\t<\/div>\n\n<\/div><\/div><\/div><\/div><div id=\"pgc-6372-5-2\"  class=\"panel-grid-cell panel-grid-cell-empty\" ><\/div><\/div><\/div><div id=\"pg-6372-6\"  class=\"panel-grid panel-has-style\" ><div class=\"siteorigin-panels-stretch panel-row-style panel-row-style-for-6372-6\" style=\"padding: 1px 0; \" data-stretch-type=\"full\" data-overlay=\"true\" data-overlay-color=\"#000000\" ><div id=\"pgc-6372-6-0\"  class=\"panel-grid-cell\" ><div id=\"panel-6372-6-0-0\" class=\"so-panel widget widget_sow-editor panel-first-child panel-last-child\" data-index=\"5\" ><div style=\"text-align: left;\" data-title-color=\"#443f3f\" data-headings-color=\"#443f3f\" class=\"panel-widget-style panel-widget-style-for-6372-6-0-0\" ><div\n\t\t\t\n\t\t\tclass=\"so-widget-sow-editor so-widget-sow-editor-base\"\n\t\t\t\n\t\t>\n<div class=\"siteorigin-widget-tinymce textwidget\">\n\t<p style=\"text-align: left;\"><span style=\"font-family: Jost, sans-serif; color: #808080;\"><span style=\"font-size: 18.6667px;\">Nuestro Comit\u00e9 tiene un compromiso con los colaboradores de <strong>Ox\u00edgeno Arquitectura<\/strong> que pertenecen a grupos hist\u00f3ricamente discriminados (personas con discapacidad, comunidad LGBT+, mujeres y otros) concientizando a todos los niveles sobre los retos a los que se enfrentan estos grupos.<\/span><\/span><\/p>\n<\/div>\n<\/div><\/div><\/div><\/div><\/div><\/div><div id=\"pg-6372-7\"  class=\"panel-grid panel-has-style\" ><div class=\"siteorigin-panels-stretch panel-row-style panel-row-style-for-6372-7\" style=\"padding: 1px 0; \" data-stretch-type=\"full\" data-overlay=\"true\" data-overlay-color=\"#000000\" ><div id=\"pgc-6372-7-0\"  class=\"panel-grid-cell panel-grid-cell-empty\" ><\/div><div id=\"pgc-6372-7-1\"  class=\"panel-grid-cell panel-grid-cell-mobile-last\" ><div id=\"panel-6372-7-1-0\" class=\"so-panel widget widget_sow-image panel-first-child panel-last-child\" data-index=\"6\" ><div style=\"text-align: left;\" data-title-color=\"#443f3f\" data-headings-color=\"#443f3f\" class=\"panel-widget-style panel-widget-style-for-6372-7-1-0\" ><div\n\t\t\t\n\t\t\tclass=\"so-widget-sow-image so-widget-sow-image-default-dbf295114b96-6372\"\n\t\t\t\n\t\t>\n<div class=\"sow-image-container\">\n\t\t<img \n\tsrc=\"https:\/\/www.oxigenoarquitectura.com\/wp-content\/uploads\/2021\/08\/COMITE-LGBTQ_O2A-scaled.jpg\" width=\"2560\" height=\"1982\" srcset=\"https:\/\/www.oxigenoarquitectura.com\/wp-content\/uploads\/2021\/08\/COMITE-LGBTQ_O2A-scaled.jpg 2560w, https:\/\/www.oxigenoarquitectura.com\/wp-content\/uploads\/2021\/08\/COMITE-LGBTQ_O2A-300x232.jpg 300w, https:\/\/www.oxigenoarquitectura.com\/wp-content\/uploads\/2021\/08\/COMITE-LGBTQ_O2A-1024x793.jpg 1024w, https:\/\/www.oxigenoarquitectura.com\/wp-content\/uploads\/2021\/08\/COMITE-LGBTQ_O2A-768x595.jpg 768w, https:\/\/www.oxigenoarquitectura.com\/wp-content\/uploads\/2021\/08\/COMITE-LGBTQ_O2A-1536x1189.jpg 1536w, https:\/\/www.oxigenoarquitectura.com\/wp-content\/uploads\/2021\/08\/COMITE-LGBTQ_O2A-2048x1586.jpg 2048w, https:\/\/www.oxigenoarquitectura.com\/wp-content\/uploads\/2021\/08\/COMITE-LGBTQ_O2A-830x643.jpg 830w, https:\/\/www.oxigenoarquitectura.com\/wp-content\/uploads\/2021\/08\/COMITE-LGBTQ_O2A-230x178.jpg 230w, https:\/\/www.oxigenoarquitectura.com\/wp-content\/uploads\/2021\/08\/COMITE-LGBTQ_O2A-350x271.jpg 350w, https:\/\/www.oxigenoarquitectura.com\/wp-content\/uploads\/2021\/08\/COMITE-LGBTQ_O2A-480x372.jpg 480w\" sizes=\"(max-width: 2560px) 100vw, 2560px\" title=\"COMIT\u00c9 LGBTQ_O2A\" alt=\"\" \t\tclass=\"so-widget-image\"\/>\n\t<\/div>\n\n<\/div><\/div><\/div><\/div><div id=\"pgc-6372-7-2\"  class=\"panel-grid-cell panel-grid-cell-empty\" ><\/div><\/div><\/div><\/div>","protected":false},"excerpt":{"rendered":"<p>Nuestro compromiso con la Diversidad e Inclusi\u00f3n.<\/p>","protected":false},"author":7,"featured_media":0,"parent":0,"menu_order":15,"comment_status":"closed","ping_status":"closed","template":"page-templates\/page_front-page.php","meta":{"_exactmetrics_skip_tracking":false,"_exactmetrics_sitenote_active":false,"_exactmetrics_sitenote_note":"","_exactmetrics_sitenote_category":0,"footnotes":""},"yoast_head":"<!-- This site is optimized with the Yoast SEO plugin v22.7 - https:\/\/yoast.com\/wordpress\/plugins\/seo\/ -->\n<title>Nuestro compromiso con la Diversidad e Inclusi\u00f3n &#8211; Ox\u00edgeno Arquitectura<\/title>\n<meta name=\"robots\" content=\"index, follow, max-snippet:-1, max-image-preview:large, max-video-preview:-1\" \/>\n<link rel=\"canonical\" href=\"https:\/\/www.oxigenoarquitectura.com\/en\/equidad-e-inclusion-laboral\/\" \/>\n<meta property=\"og:locale\" content=\"en_US\" \/>\n<meta property=\"og:type\" content=\"article\" \/>\n<meta property=\"og:title\" content=\"Nuestro compromiso con la Diversidad e Inclusi\u00f3n &#8211; Ox\u00edgeno Arquitectura\" \/>\n<meta property=\"og:description\" content=\"Nuestro compromiso con la Diversidad e Inclusi\u00f3n.\" \/>\n<meta property=\"og:url\" content=\"https:\/\/www.oxigenoarquitectura.com\/en\/equidad-e-inclusion-laboral\/\" \/>\n<meta property=\"og:site_name\" content=\"Ox\u00edgeno Arquitectura\" \/>\n<meta property=\"article:publisher\" content=\"https:\/\/www.facebook.com\/OxigenoArquitectura\/\" \/>\n<meta property=\"article:modified_time\" content=\"2021-08-24T20:18:59+00:00\" \/>\n<meta name=\"twitter:card\" content=\"summary_large_image\" \/>\n<meta name=\"twitter:site\" content=\"@OxigenoArq\" \/>\n<meta name=\"twitter:label1\" content=\"Est. reading time\" \/>\n\t<meta name=\"twitter:data1\" content=\"2 minutes\" \/>\n<script type=\"application\/ld+json\" class=\"yoast-schema-graph\">{\"@context\":\"https:\/\/schema.org\",\"@graph\":[{\"@type\":\"WebPage\",\"@id\":\"https:\/\/www.oxigenoarquitectura.com\/equidad-e-inclusion-laboral\/\",\"url\":\"https:\/\/www.oxigenoarquitectura.com\/equidad-e-inclusion-laboral\/\",\"name\":\"Nuestro compromiso con la Diversidad e Inclusi\u00f3n &#8211; Ox\u00edgeno Arquitectura\",\"isPartOf\":{\"@id\":\"https:\/\/www.oxigenoarquitectura.com\/#website\"},\"datePublished\":\"2021-08-24T18:48:31+00:00\",\"dateModified\":\"2021-08-24T20:18:59+00:00\",\"breadcrumb\":{\"@id\":\"https:\/\/www.oxigenoarquitectura.com\/equidad-e-inclusion-laboral\/#breadcrumb\"},\"inLanguage\":\"en-US\",\"potentialAction\":[{\"@type\":\"ReadAction\",\"target\":[\"https:\/\/www.oxigenoarquitectura.com\/equidad-e-inclusion-laboral\/\"]}]},{\"@type\":\"BreadcrumbList\",\"@id\":\"https:\/\/www.oxigenoarquitectura.com\/equidad-e-inclusion-laboral\/#breadcrumb\",\"itemListElement\":[{\"@type\":\"ListItem\",\"position\":1,\"name\":\"Portada\",\"item\":\"https:\/\/www.oxigenoarquitectura.com\/\"},{\"@type\":\"ListItem\",\"position\":2,\"name\":\"Nuestro compromiso con la Diversidad e Inclusi\u00f3n\"}]},{\"@type\":\"WebSite\",\"@id\":\"https:\/\/www.oxigenoarquitectura.com\/#website\",\"url\":\"https:\/\/www.oxigenoarquitectura.com\/\",\"name\":\"Ox\u00edgeno Arquitectura\",\"description\":\"Arquitectura e Interiorismo\",\"publisher\":{\"@id\":\"https:\/\/www.oxigenoarquitectura.com\/#organization\"},\"potentialAction\":[{\"@type\":\"SearchAction\",\"target\":{\"@type\":\"EntryPoint\",\"urlTemplate\":\"https:\/\/www.oxigenoarquitectura.com\/?s={search_term_string}\"},\"query-input\":\"required name=search_term_string\"}],\"inLanguage\":\"en-US\"},{\"@type\":\"Organization\",\"@id\":\"https:\/\/www.oxigenoarquitectura.com\/#organization\",\"name\":\"Ox\u00edgeno Arquitectura\",\"url\":\"https:\/\/www.oxigenoarquitectura.com\/\",\"logo\":{\"@type\":\"ImageObject\",\"inLanguage\":\"en-US\",\"@id\":\"https:\/\/www.oxigenoarquitectura.com\/#\/schema\/logo\/image\/\",\"url\":\"https:\/\/www.oxigenoarquitectura.com\/wp-content\/uploads\/2021\/10\/LOGO-O2A-02.png\",\"contentUrl\":\"https:\/\/www.oxigenoarquitectura.com\/wp-content\/uploads\/2021\/10\/LOGO-O2A-02.png\",\"width\":280,\"height\":36,\"caption\":\"Ox\u00edgeno Arquitectura\"},\"image\":{\"@id\":\"https:\/\/www.oxigenoarquitectura.com\/#\/schema\/logo\/image\/\"},\"sameAs\":[\"https:\/\/www.facebook.com\/OxigenoArquitectura\/\",\"https:\/\/x.com\/OxigenoArq\",\"https:\/\/www.instagram.com\/oxigeno_arquitectura\/\",\"https:\/\/www.linkedin.com\/in\/oxigeno-arquitectura-8487a375\/\"]}]}<\/script>\n<!-- \/ Yoast SEO plugin. -->","yoast_head_json":{"title":"Nuestro compromiso con la Diversidad e Inclusi\u00f3n &#8211; Ox\u00edgeno Arquitectura","robots":{"index":"index","follow":"follow","max-snippet":"max-snippet:-1","max-image-preview":"max-image-preview:large","max-video-preview":"max-video-preview:-1"},"canonical":"https:\/\/www.oxigenoarquitectura.com\/en\/equidad-e-inclusion-laboral\/","og_locale":"en_US","og_type":"article","og_title":"Nuestro compromiso con la Diversidad e Inclusi\u00f3n &#8211; Ox\u00edgeno Arquitectura","og_description":"Nuestro compromiso con la Diversidad e Inclusi\u00f3n.","og_url":"https:\/\/www.oxigenoarquitectura.com\/en\/equidad-e-inclusion-laboral\/","og_site_name":"Ox\u00edgeno Arquitectura","article_publisher":"https:\/\/www.facebook.com\/OxigenoArquitectura\/","article_modified_time":"2021-08-24T20:18:59+00:00","twitter_card":"summary_large_image","twitter_site":"@OxigenoArq","twitter_misc":{"Est. reading time":"2 minutes"},"schema":{"@context":"https:\/\/schema.org","@graph":[{"@type":"WebPage","@id":"https:\/\/www.oxigenoarquitectura.com\/equidad-e-inclusion-laboral\/","url":"https:\/\/www.oxigenoarquitectura.com\/equidad-e-inclusion-laboral\/","name":"Nuestro compromiso con la Diversidad e Inclusi\u00f3n &#8211; Ox\u00edgeno Arquitectura","isPartOf":{"@id":"https:\/\/www.oxigenoarquitectura.com\/#website"},"datePublished":"2021-08-24T18:48:31+00:00","dateModified":"2021-08-24T20:18:59+00:00","breadcrumb":{"@id":"https:\/\/www.oxigenoarquitectura.com\/equidad-e-inclusion-laboral\/#breadcrumb"},"inLanguage":"en-US","potentialAction":[{"@type":"ReadAction","target":["https:\/\/www.oxigenoarquitectura.com\/equidad-e-inclusion-laboral\/"]}]},{"@type":"BreadcrumbList","@id":"https:\/\/www.oxigenoarquitectura.com\/equidad-e-inclusion-laboral\/#breadcrumb","itemListElement":[{"@type":"ListItem","position":1,"name":"Portada","item":"https:\/\/www.oxigenoarquitectura.com\/"},{"@type":"ListItem","position":2,"name":"Nuestro compromiso con la Diversidad e Inclusi\u00f3n"}]},{"@type":"WebSite","@id":"https:\/\/www.oxigenoarquitectura.com\/#website","url":"https:\/\/www.oxigenoarquitectura.com\/","name":"Ox\u00edgeno Arquitectura","description":"Arquitectura e Interiorismo","publisher":{"@id":"https:\/\/www.oxigenoarquitectura.com\/#organization"},"potentialAction":[{"@type":"SearchAction","target":{"@type":"EntryPoint","urlTemplate":"https:\/\/www.oxigenoarquitectura.com\/?s={search_term_string}"},"query-input":"required name=search_term_string"}],"inLanguage":"en-US"},{"@type":"Organization","@id":"https:\/\/www.oxigenoarquitectura.com\/#organization","name":"Ox\u00edgeno Arquitectura","url":"https:\/\/www.oxigenoarquitectura.com\/","logo":{"@type":"ImageObject","inLanguage":"en-US","@id":"https:\/\/www.oxigenoarquitectura.com\/#\/schema\/logo\/image\/","url":"https:\/\/www.oxigenoarquitectura.com\/wp-content\/uploads\/2021\/10\/LOGO-O2A-02.png","contentUrl":"https:\/\/www.oxigenoarquitectura.com\/wp-content\/uploads\/2021\/10\/LOGO-O2A-02.png","width":280,"height":36,"caption":"Ox\u00edgeno Arquitectura"},"image":{"@id":"https:\/\/www.oxigenoarquitectura.com\/#\/schema\/logo\/image\/"},"sameAs":["https:\/\/www.facebook.com\/OxigenoArquitectura\/","https:\/\/x.com\/OxigenoArq","https:\/\/www.instagram.com\/oxigeno_arquitectura\/","https:\/\/www.linkedin.com\/in\/oxigeno-arquitectura-8487a375\/"]}]}},"_links":{"self":[{"href":"https:\/\/www.oxigenoarquitectura.com\/en\/wp-json\/wp\/v2\/pages\/6372"}],"collection":[{"href":"https:\/\/www.oxigenoarquitectura.com\/en\/wp-json\/wp\/v2\/pages"}],"about":[{"href":"https:\/\/www.oxigenoarquitectura.com\/en\/wp-json\/wp\/v2\/types\/page"}],"author":[{"embeddable":true,"href":"https:\/\/www.oxigenoarquitectura.com\/en\/wp-json\/wp\/v2\/users\/7"}],"replies":[{"embeddable":true,"href":"https:\/\/www.oxigenoarquitectura.com\/en\/wp-json\/wp\/v2\/comments?post=6372"}],"version-history":[{"count":47,"href":"https:\/\/www.oxigenoarquitectura.com\/en\/wp-json\/wp\/v2\/pages\/6372\/revisions"}],"predecessor-version":[{"id":6426,"href":"https:\/\/www.oxigenoarquitectura.com\/en\/wp-json\/wp\/v2\/pages\/6372\/revisions\/6426"}],"wp:attachment":[{"href":"https:\/\/www.oxigenoarquitectura.com\/en\/wp-json\/wp\/v2\/media?parent=6372"}],"curies":[{"name":"wp","href":"https:\/\/api.w.org\/{rel}","templated":true}]}}