{"id":7471,"date":"2021-10-21T18:04:59","date_gmt":"2021-10-21T18:04:59","guid":{"rendered":"https:\/\/www.oxigenoarquitectura.com\/?page_id=7471"},"modified":"2021-11-03T20:46:46","modified_gmt":"2021-11-03T20:46:46","slug":"oxigenoarquitectura","status":"publish","type":"page","link":"https:\/\/www.oxigenoarquitectura.com\/en\/oxigenoarquitectura\/","title":{"rendered":"Ox\u00edgeno Arquitectura &#8211; Arquitectura e Interiorismo"},"content":{"rendered":"<div data-elementor-type=\"wp-page\" data-elementor-id=\"7471\" class=\"elementor elementor-7471\" data-elementor-post-type=\"page\">\n\t\t\t\t\t\t<section class=\"elementor-section elementor-top-section elementor-element elementor-element-f4984a1 elementor-section-full_width elementor-section-stretched elementor-section-height-default elementor-section-height-default\" data-id=\"f4984a1\" data-element_type=\"section\" data-settings=\"{&quot;stretch_section&quot;:&quot;section-stretched&quot;}\">\n\t\t\t\t\t\t<div class=\"elementor-container elementor-column-gap-default\">\n\t\t\t\t\t<div class=\"elementor-column elementor-col-100 elementor-top-column elementor-element elementor-element-5856022\" data-id=\"5856022\" data-element_type=\"column\">\n\t\t\t<div class=\"elementor-widget-wrap\">\n\t\t\t\t\t\t\t<\/div>\n\t\t<\/div>\n\t\t\t\t\t<\/div>\n\t\t<\/section>\n\t\t\t\t<section class=\"elementor-section elementor-top-section elementor-element elementor-element-5d5c092 elementor-section-full_width elementor-section-stretched elementor-section-height-default elementor-section-height-default\" data-id=\"5d5c092\" data-element_type=\"section\" data-settings=\"{&quot;stretch_section&quot;:&quot;section-stretched&quot;}\">\n\t\t\t\t\t\t<div class=\"elementor-container elementor-column-gap-default\">\n\t\t\t\t\t<div class=\"elementor-column elementor-col-100 elementor-top-column elementor-element elementor-element-f3ee7cb\" data-id=\"f3ee7cb\" data-element_type=\"column\">\n\t\t\t<div class=\"elementor-widget-wrap elementor-element-populated\">\n\t\t\t\t\t\t<div class=\"elementor-element elementor-element-1ccbdf2 elementor-widget elementor-widget-spacer\" data-id=\"1ccbdf2\" data-element_type=\"widget\" data-widget_type=\"spacer.default\">\n\t\t\t\t<div class=\"elementor-widget-container\">\n\t\t\t\t\t<div class=\"elementor-spacer\">\n\t\t\t<div class=\"elementor-spacer-inner\"><\/div>\n\t\t<\/div>\n\t\t\t\t<\/div>\n\t\t\t\t<\/div>\n\t\t\t\t\t<\/div>\n\t\t<\/div>\n\t\t\t\t\t<\/div>\n\t\t<\/section>\n\t\t\t\t<section class=\"elementor-section elementor-top-section elementor-element elementor-element-9be561b elementor-section-full_width elementor-section-stretched elementor-section-height-default elementor-section-height-default\" data-id=\"9be561b\" data-element_type=\"section\" data-settings=\"{&quot;stretch_section&quot;:&quot;section-stretched&quot;}\">\n\t\t\t\t\t\t<div class=\"elementor-container elementor-column-gap-default\">\n\t\t\t\t\t<div class=\"elementor-column elementor-col-100 elementor-top-column elementor-element elementor-element-67e8d60\" data-id=\"67e8d60\" data-element_type=\"column\">\n\t\t\t<div class=\"elementor-widget-wrap elementor-element-populated\">\n\t\t\t\t\t\t<div class=\"elementor-element elementor-element-84acc97 elementor-widget-mobile__width-auto elementor--h-position-center elementor--v-position-middle elementor-arrows-position-inside elementor-pagination-position-inside elementor-widget elementor-widget-slides\" data-id=\"84acc97\" data-element_type=\"widget\" data-settings=\"{&quot;navigation&quot;:&quot;both&quot;,&quot;autoplay&quot;:&quot;yes&quot;,&quot;pause_on_interaction&quot;:&quot;yes&quot;,&quot;autoplay_speed&quot;:5000,&quot;infinite&quot;:&quot;yes&quot;,&quot;transition&quot;:&quot;slide&quot;,&quot;transition_speed&quot;:500}\" data-widget_type=\"slides.default\">\n\t\t\t\t<div class=\"elementor-widget-container\">\n\t\t\t\t\t<div class=\"elementor-swiper\">\n\t\t\t<div class=\"elementor-slides-wrapper elementor-main-swiper swiper\" dir=\"ltr\" data-animation=\"fadeInUp\">\n\t\t\t\t<div class=\"swiper-wrapper elementor-slides\">\n\t\t\t\t\t\t\t\t\t\t<div class=\"elementor-repeater-item-8b2c937 swiper-slide\"><div class=\"swiper-slide-bg\" role=\"img\"><\/div><a class=\"swiper-slide-inner\" href=\"https:\/\/www.oxigenoarquitectura.com\/en\/loreal-mexico\/\"><div class=\"swiper-slide-contents\"><div class=\"elementor-slide-heading\">L\u00b4OR\u00c9AL M\u00c9XICO<\/div><div class=\"elementor-slide-description\">Ciudad de M\u00e9xico<\/div><div  class=\"elementor-button elementor-slide-button elementor-size-sm\">Click Here<\/div><\/div><\/a><\/div><div class=\"elementor-repeater-item-e64681d swiper-slide\"><div class=\"swiper-slide-bg\" role=\"img\"><\/div><a class=\"swiper-slide-inner\" href=\"https:\/\/www.oxigenoarquitectura.com\/en\/huawei-mexico\/\"><div class=\"swiper-slide-contents\"><div class=\"elementor-slide-heading\">HUAWEI<\/div><div class=\"elementor-slide-description\">Ciudad de M\u00e9xico<\/div><div  class=\"elementor-button elementor-slide-button elementor-size-sm\">Click Here<\/div><\/div><\/a><\/div><div class=\"elementor-repeater-item-ba176da swiper-slide\"><div class=\"swiper-slide-bg\" role=\"img\"><\/div><div class=\"swiper-slide-inner\" ><div class=\"swiper-slide-contents\"><div class=\"elementor-slide-heading\">ITESM WELLNESS<\/div><div class=\"elementor-slide-description\">Monterrey, Nuevo Le\u00f3n<\/div><div  class=\"elementor-button elementor-slide-button elementor-size-sm\">Click Here<\/div><\/div><\/div><\/div><div class=\"elementor-repeater-item-7af62e1 swiper-slide\"><div class=\"swiper-slide-bg\" role=\"img\"><\/div><a class=\"swiper-slide-inner\" href=\"http:\/\/www.oxigenoarquitectura.com\/en\/hdi-seguros\/\"><div class=\"swiper-slide-contents\"><div class=\"elementor-slide-heading\">HDI SEGUROS CAMPUS<\/div><div class=\"elementor-slide-description\">Le\u00f3n, Guanajuato<\/div><div  class=\"elementor-button elementor-slide-button elementor-size-sm\">Click Here<\/div><\/div><\/a><\/div><div class=\"elementor-repeater-item-411e086 swiper-slide\"><div class=\"swiper-slide-bg\" role=\"img\"><\/div><div class=\"swiper-slide-inner\" ><div class=\"swiper-slide-contents\"><div class=\"elementor-slide-heading\">GOOGLE<\/div><div class=\"elementor-slide-description\">Ciudad de M\u00e9xico<\/div><div  class=\"elementor-button elementor-slide-button elementor-size-sm\">Click Here<\/div><\/div><\/div><\/div><div class=\"elementor-repeater-item-090f826 swiper-slide\"><div class=\"swiper-slide-bg\" role=\"img\"><\/div><a class=\"swiper-slide-inner\" href=\"http:\/\/www.oxigenoarquitectura.com\/en\/estafeta-2\/\"><div class=\"swiper-slide-contents\"><div class=\"elementor-slide-heading\">ESTAFETA<\/div><div class=\"elementor-slide-description\">Monterrey, Nuevo Le\u00f3n<\/div><div  class=\"elementor-button elementor-slide-button elementor-size-sm\">Click Here<\/div><\/div><\/a><\/div><div class=\"elementor-repeater-item-57f1edd swiper-slide\"><div class=\"swiper-slide-bg\" role=\"img\"><\/div><a class=\"swiper-slide-inner\" href=\"http:\/\/www.oxigenoarquitectura.com\/en\/femexfut\/\"><div class=\"swiper-slide-contents\"><div class=\"elementor-slide-heading\">FEMEXFUT<\/div><div class=\"elementor-slide-description\">Estado de M\u00e9xico<\/div><div  class=\"elementor-button elementor-slide-button elementor-size-sm\">Click Here<\/div><\/div><\/a><\/div>\t\t\t\t<\/div>\n\t\t\t\t\t\t\t\t\t\t\t\t\t\t\t<div class=\"swiper-pagination\"><\/div>\n\t\t\t\t\t\t\t\t\t\t\t\t\t\t\t\t<div class=\"elementor-swiper-button elementor-swiper-button-prev\" role=\"button\" tabindex=\"0\">\n\t\t\t\t\t\t\t<i aria-hidden=\"true\" class=\"eicon-chevron-left\"><\/i>\t\t\t\t\t\t\t<span class=\"elementor-screen-only\">Previous slide<\/span>\n\t\t\t\t\t\t<\/div>\n\t\t\t\t\t\t<div class=\"elementor-swiper-button elementor-swiper-button-next\" role=\"button\" tabindex=\"0\">\n\t\t\t\t\t\t\t<i aria-hidden=\"true\" class=\"eicon-chevron-right\"><\/i>\t\t\t\t\t\t\t<span class=\"elementor-screen-only\">Next slide<\/span>\n\t\t\t\t\t\t<\/div>\n\t\t\t\t\t\t\t\t\t\t\t\t<\/div>\n\t\t<\/div>\n\t\t\t\t<\/div>\n\t\t\t\t<\/div>\n\t\t\t\t\t<\/div>\n\t\t<\/div>\n\t\t\t\t\t<\/div>\n\t\t<\/section>\n\t\t\t\t<section class=\"elementor-section elementor-top-section elementor-element elementor-element-57ce1d1 elementor-section-full_width elementor-section-stretched elementor-section-height-default elementor-section-height-default\" data-id=\"57ce1d1\" data-element_type=\"section\" data-settings=\"{&quot;stretch_section&quot;:&quot;section-stretched&quot;}\">\n\t\t\t\t\t\t<div class=\"elementor-container elementor-column-gap-default\">\n\t\t\t\t\t<div class=\"elementor-column elementor-col-100 elementor-top-column elementor-element elementor-element-8a5463e\" data-id=\"8a5463e\" data-element_type=\"column\">\n\t\t\t<div class=\"elementor-widget-wrap elementor-element-populated\">\n\t\t\t\t\t\t<div class=\"elementor-element elementor-element-9e3c9a8 elementor-widget elementor-widget-spacer\" data-id=\"9e3c9a8\" data-element_type=\"widget\" data-widget_type=\"spacer.default\">\n\t\t\t\t<div class=\"elementor-widget-container\">\n\t\t\t\t\t<div class=\"elementor-spacer\">\n\t\t\t<div class=\"elementor-spacer-inner\"><\/div>\n\t\t<\/div>\n\t\t\t\t<\/div>\n\t\t\t\t<\/div>\n\t\t\t\t\t<\/div>\n\t\t<\/div>\n\t\t\t\t\t<\/div>\n\t\t<\/section>\n\t\t\t\t<section class=\"elementor-section elementor-top-section elementor-element elementor-element-40bf618 elementor-section-full_width elementor-section-stretched elementor-section-height-default elementor-section-height-default\" data-id=\"40bf618\" data-element_type=\"section\" data-settings=\"{&quot;stretch_section&quot;:&quot;section-stretched&quot;}\">\n\t\t\t\t\t\t<div class=\"elementor-container elementor-column-gap-default\">\n\t\t\t\t\t<div class=\"elementor-column elementor-col-100 elementor-top-column elementor-element elementor-element-37623fd\" data-id=\"37623fd\" data-element_type=\"column\">\n\t\t\t<div class=\"elementor-widget-wrap elementor-element-populated\">\n\t\t\t\t\t\t<div class=\"elementor-element elementor-element-1fcd20d elementor-widget elementor-widget-text-editor\" data-id=\"1fcd20d\" data-element_type=\"widget\" data-widget_type=\"text-editor.default\">\n\t\t\t\t<div class=\"elementor-widget-container\">\n\t\t\t\t\t\t\t<h1 style=\"text-align: center\"><span style=\"font-size: 36pt;color: #000000\">Breathe...<\/span><\/h1>\t\t\t\t\t\t<\/div>\n\t\t\t\t<\/div>\n\t\t\t\t\t<\/div>\n\t\t<\/div>\n\t\t\t\t\t<\/div>\n\t\t<\/section>\n\t\t\t\t<section class=\"elementor-section elementor-top-section elementor-element elementor-element-fc722c9 elementor-section-full_width elementor-section-stretched elementor-section-height-default elementor-section-height-default\" data-id=\"fc722c9\" data-element_type=\"section\" data-settings=\"{&quot;stretch_section&quot;:&quot;section-stretched&quot;}\">\n\t\t\t\t\t\t<div class=\"elementor-container elementor-column-gap-default\">\n\t\t\t\t\t<div class=\"elementor-column elementor-col-100 elementor-top-column elementor-element elementor-element-f39be1e\" data-id=\"f39be1e\" data-element_type=\"column\">\n\t\t\t<div class=\"elementor-widget-wrap elementor-element-populated\">\n\t\t\t\t\t\t<div class=\"elementor-element elementor-element-14f02a3 elementor-widget elementor-widget-text-editor\" data-id=\"14f02a3\" data-element_type=\"widget\" data-widget_type=\"text-editor.default\">\n\t\t\t\t<div class=\"elementor-widget-container\">\n\t\t\t\t\t\t\t<p style=\"text-align: center\"><strong><span style=\"font-size: 24pt;color: #000000\">We transform space for the people wellbeing<\/span><\/strong><\/p>\t\t\t\t\t\t<\/div>\n\t\t\t\t<\/div>\n\t\t\t\t\t<\/div>\n\t\t<\/div>\n\t\t\t\t\t<\/div>\n\t\t<\/section>\n\t\t\t\t<\/div>","protected":false},"excerpt":{"rendered":"<p>L\u00b4OR\u00c9AL M\u00c9XICOCiudad de M\u00e9xicoClick HereHUAWEICiudad de M\u00e9xicoClick HereITESM WELLNESSMonterrey, Nuevo Le\u00f3nClick HereHDI SEGUROS CAMPUSLe\u00f3n, GuanajuatoClick HereGOOGLECiudad de M\u00e9xicoClick HereESTAFETAMonterrey, Nuevo Le\u00f3nClick HereFEMEXFUTEstado de M\u00e9xicoClick Here Previous Next Respira&#8230; Transformamos espacios para el bienestar de las personas.<\/p>","protected":false},"author":7,"featured_media":7780,"parent":0,"menu_order":6,"comment_status":"closed","ping_status":"closed","template":"","meta":{"_exactmetrics_skip_tracking":false,"_exactmetrics_sitenote_active":false,"_exactmetrics_sitenote_note":"","_exactmetrics_sitenote_category":0,"footnotes":""},"yoast_head":"<!-- This site is optimized with the Yoast SEO plugin v22.7 - https:\/\/yoast.com\/wordpress\/plugins\/seo\/ -->\n<title>Ox\u00edgeno Arquitectura - Arquitectura e Interiorismo &#8211; Ox\u00edgeno Arquitectura<\/title>\n<meta name=\"description\" content=\"Somos una firma mexicana especializada en arquitectura, proyectos de interiorismo, ingenier\u00edas MEP y consultor\u00eda.\" \/>\n<meta name=\"robots\" content=\"index, follow, max-snippet:-1, max-image-preview:large, max-video-preview:-1\" \/>\n<link rel=\"canonical\" href=\"https:\/\/www.oxigenoarquitectura.com\/en\/oxigenoarquitectura\/\" \/>\n<meta property=\"og:locale\" content=\"en_US\" \/>\n<meta property=\"og:type\" content=\"article\" \/>\n<meta property=\"og:title\" content=\"Ox\u00edgeno Arquitectura - Arquitectura e Interiorismo &#8211; Ox\u00edgeno Arquitectura\" \/>\n<meta property=\"og:description\" content=\"Somos una firma mexicana especializada en arquitectura, proyectos de interiorismo, ingenier\u00edas MEP y consultor\u00eda.\" \/>\n<meta property=\"og:url\" content=\"https:\/\/www.oxigenoarquitectura.com\/en\/oxigenoarquitectura\/\" \/>\n<meta property=\"og:site_name\" content=\"Ox\u00edgeno Arquitectura\" \/>\n<meta property=\"article:publisher\" content=\"https:\/\/www.facebook.com\/OxigenoArquitectura\/\" \/>\n<meta property=\"article:modified_time\" content=\"2021-11-03T20:46:46+00:00\" \/>\n<meta property=\"og:image\" content=\"https:\/\/www.oxigenoarquitectura.com\/wp-content\/uploads\/2021\/11\/LOGO-O2A-05.png\" \/>\n\t<meta property=\"og:image:width\" content=\"200\" \/>\n\t<meta property=\"og:image:height\" content=\"200\" \/>\n\t<meta property=\"og:image:type\" content=\"image\/png\" \/>\n<meta name=\"twitter:card\" content=\"summary_large_image\" \/>\n<meta name=\"twitter:site\" content=\"@OxigenoArq\" \/>\n<meta name=\"twitter:label1\" content=\"Est. reading time\" \/>\n\t<meta name=\"twitter:data1\" content=\"1 minute\" \/>\n<script type=\"application\/ld+json\" class=\"yoast-schema-graph\">{\"@context\":\"https:\/\/schema.org\",\"@graph\":[{\"@type\":\"WebPage\",\"@id\":\"https:\/\/www.oxigenoarquitectura.com\/oxigenoarquitectura\/\",\"url\":\"https:\/\/www.oxigenoarquitectura.com\/oxigenoarquitectura\/\",\"name\":\"Ox\u00edgeno Arquitectura - Arquitectura e Interiorismo &#8211; Ox\u00edgeno Arquitectura\",\"isPartOf\":{\"@id\":\"https:\/\/www.oxigenoarquitectura.com\/#website\"},\"primaryImageOfPage\":{\"@id\":\"https:\/\/www.oxigenoarquitectura.com\/oxigenoarquitectura\/#primaryimage\"},\"image\":{\"@id\":\"https:\/\/www.oxigenoarquitectura.com\/oxigenoarquitectura\/#primaryimage\"},\"thumbnailUrl\":\"https:\/\/www.oxigenoarquitectura.com\/wp-content\/uploads\/2021\/11\/LOGO-O2A-05.png\",\"datePublished\":\"2021-10-21T18:04:59+00:00\",\"dateModified\":\"2021-11-03T20:46:46+00:00\",\"description\":\"Somos una firma mexicana especializada en arquitectura, proyectos de interiorismo, ingenier\u00edas MEP y consultor\u00eda.\",\"breadcrumb\":{\"@id\":\"https:\/\/www.oxigenoarquitectura.com\/oxigenoarquitectura\/#breadcrumb\"},\"inLanguage\":\"en-US\",\"potentialAction\":[{\"@type\":\"ReadAction\",\"target\":[\"https:\/\/www.oxigenoarquitectura.com\/oxigenoarquitectura\/\"]}]},{\"@type\":\"ImageObject\",\"inLanguage\":\"en-US\",\"@id\":\"https:\/\/www.oxigenoarquitectura.com\/oxigenoarquitectura\/#primaryimage\",\"url\":\"https:\/\/www.oxigenoarquitectura.com\/wp-content\/uploads\/2021\/11\/LOGO-O2A-05.png\",\"contentUrl\":\"https:\/\/www.oxigenoarquitectura.com\/wp-content\/uploads\/2021\/11\/LOGO-O2A-05.png\",\"width\":200,\"height\":200},{\"@type\":\"BreadcrumbList\",\"@id\":\"https:\/\/www.oxigenoarquitectura.com\/oxigenoarquitectura\/#breadcrumb\",\"itemListElement\":[{\"@type\":\"ListItem\",\"position\":1,\"name\":\"Portada\",\"item\":\"https:\/\/www.oxigenoarquitectura.com\/\"},{\"@type\":\"ListItem\",\"position\":2,\"name\":\"Ox\u00edgeno Arquitectura &#8211; Arquitectura e Interiorismo\"}]},{\"@type\":\"WebSite\",\"@id\":\"https:\/\/www.oxigenoarquitectura.com\/#website\",\"url\":\"https:\/\/www.oxigenoarquitectura.com\/\",\"name\":\"Ox\u00edgeno Arquitectura\",\"description\":\"Arquitectura e Interiorismo\",\"publisher\":{\"@id\":\"https:\/\/www.oxigenoarquitectura.com\/#organization\"},\"potentialAction\":[{\"@type\":\"SearchAction\",\"target\":{\"@type\":\"EntryPoint\",\"urlTemplate\":\"https:\/\/www.oxigenoarquitectura.com\/?s={search_term_string}\"},\"query-input\":\"required name=search_term_string\"}],\"inLanguage\":\"en-US\"},{\"@type\":\"Organization\",\"@id\":\"https:\/\/www.oxigenoarquitectura.com\/#organization\",\"name\":\"Ox\u00edgeno Arquitectura\",\"url\":\"https:\/\/www.oxigenoarquitectura.com\/\",\"logo\":{\"@type\":\"ImageObject\",\"inLanguage\":\"en-US\",\"@id\":\"https:\/\/www.oxigenoarquitectura.com\/#\/schema\/logo\/image\/\",\"url\":\"https:\/\/www.oxigenoarquitectura.com\/wp-content\/uploads\/2021\/10\/LOGO-O2A-02.png\",\"contentUrl\":\"https:\/\/www.oxigenoarquitectura.com\/wp-content\/uploads\/2021\/10\/LOGO-O2A-02.png\",\"width\":280,\"height\":36,\"caption\":\"Ox\u00edgeno Arquitectura\"},\"image\":{\"@id\":\"https:\/\/www.oxigenoarquitectura.com\/#\/schema\/logo\/image\/\"},\"sameAs\":[\"https:\/\/www.facebook.com\/OxigenoArquitectura\/\",\"https:\/\/x.com\/OxigenoArq\",\"https:\/\/www.instagram.com\/oxigeno_arquitectura\/\",\"https:\/\/www.linkedin.com\/in\/oxigeno-arquitectura-8487a375\/\"]}]}<\/script>\n<!-- \/ Yoast SEO plugin. -->","yoast_head_json":{"title":"Ox\u00edgeno Arquitectura - Arquitectura e Interiorismo &#8211; Ox\u00edgeno Arquitectura","description":"Somos una firma mexicana especializada en arquitectura, proyectos de interiorismo, ingenier\u00edas MEP y consultor\u00eda.","robots":{"index":"index","follow":"follow","max-snippet":"max-snippet:-1","max-image-preview":"max-image-preview:large","max-video-preview":"max-video-preview:-1"},"canonical":"https:\/\/www.oxigenoarquitectura.com\/en\/oxigenoarquitectura\/","og_locale":"en_US","og_type":"article","og_title":"Ox\u00edgeno Arquitectura - Arquitectura e Interiorismo &#8211; Ox\u00edgeno Arquitectura","og_description":"Somos una firma mexicana especializada en arquitectura, proyectos de interiorismo, ingenier\u00edas MEP y consultor\u00eda.","og_url":"https:\/\/www.oxigenoarquitectura.com\/en\/oxigenoarquitectura\/","og_site_name":"Ox\u00edgeno Arquitectura","article_publisher":"https:\/\/www.facebook.com\/OxigenoArquitectura\/","article_modified_time":"2021-11-03T20:46:46+00:00","og_image":[{"width":200,"height":200,"url":"https:\/\/www.oxigenoarquitectura.com\/wp-content\/uploads\/2021\/11\/LOGO-O2A-05.png","type":"image\/png"}],"twitter_card":"summary_large_image","twitter_site":"@OxigenoArq","twitter_misc":{"Est. reading time":"1 minute"},"schema":{"@context":"https:\/\/schema.org","@graph":[{"@type":"WebPage","@id":"https:\/\/www.oxigenoarquitectura.com\/oxigenoarquitectura\/","url":"https:\/\/www.oxigenoarquitectura.com\/oxigenoarquitectura\/","name":"Ox\u00edgeno Arquitectura - Arquitectura e Interiorismo &#8211; Ox\u00edgeno Arquitectura","isPartOf":{"@id":"https:\/\/www.oxigenoarquitectura.com\/#website"},"primaryImageOfPage":{"@id":"https:\/\/www.oxigenoarquitectura.com\/oxigenoarquitectura\/#primaryimage"},"image":{"@id":"https:\/\/www.oxigenoarquitectura.com\/oxigenoarquitectura\/#primaryimage"},"thumbnailUrl":"https:\/\/www.oxigenoarquitectura.com\/wp-content\/uploads\/2021\/11\/LOGO-O2A-05.png","datePublished":"2021-10-21T18:04:59+00:00","dateModified":"2021-11-03T20:46:46+00:00","description":"Somos una firma mexicana especializada en arquitectura, proyectos de interiorismo, ingenier\u00edas MEP y consultor\u00eda.","breadcrumb":{"@id":"https:\/\/www.oxigenoarquitectura.com\/oxigenoarquitectura\/#breadcrumb"},"inLanguage":"en-US","potentialAction":[{"@type":"ReadAction","target":["https:\/\/www.oxigenoarquitectura.com\/oxigenoarquitectura\/"]}]},{"@type":"ImageObject","inLanguage":"en-US","@id":"https:\/\/www.oxigenoarquitectura.com\/oxigenoarquitectura\/#primaryimage","url":"https:\/\/www.oxigenoarquitectura.com\/wp-content\/uploads\/2021\/11\/LOGO-O2A-05.png","contentUrl":"https:\/\/www.oxigenoarquitectura.com\/wp-content\/uploads\/2021\/11\/LOGO-O2A-05.png","width":200,"height":200},{"@type":"BreadcrumbList","@id":"https:\/\/www.oxigenoarquitectura.com\/oxigenoarquitectura\/#breadcrumb","itemListElement":[{"@type":"ListItem","position":1,"name":"Portada","item":"https:\/\/www.oxigenoarquitectura.com\/"},{"@type":"ListItem","position":2,"name":"Ox\u00edgeno Arquitectura &#8211; Arquitectura e Interiorismo"}]},{"@type":"WebSite","@id":"https:\/\/www.oxigenoarquitectura.com\/#website","url":"https:\/\/www.oxigenoarquitectura.com\/","name":"Ox\u00edgeno Arquitectura","description":"Arquitectura e Interiorismo","publisher":{"@id":"https:\/\/www.oxigenoarquitectura.com\/#organization"},"potentialAction":[{"@type":"SearchAction","target":{"@type":"EntryPoint","urlTemplate":"https:\/\/www.oxigenoarquitectura.com\/?s={search_term_string}"},"query-input":"required name=search_term_string"}],"inLanguage":"en-US"},{"@type":"Organization","@id":"https:\/\/www.oxigenoarquitectura.com\/#organization","name":"Ox\u00edgeno Arquitectura","url":"https:\/\/www.oxigenoarquitectura.com\/","logo":{"@type":"ImageObject","inLanguage":"en-US","@id":"https:\/\/www.oxigenoarquitectura.com\/#\/schema\/logo\/image\/","url":"https:\/\/www.oxigenoarquitectura.com\/wp-content\/uploads\/2021\/10\/LOGO-O2A-02.png","contentUrl":"https:\/\/www.oxigenoarquitectura.com\/wp-content\/uploads\/2021\/10\/LOGO-O2A-02.png","width":280,"height":36,"caption":"Ox\u00edgeno Arquitectura"},"image":{"@id":"https:\/\/www.oxigenoarquitectura.com\/#\/schema\/logo\/image\/"},"sameAs":["https:\/\/www.facebook.com\/OxigenoArquitectura\/","https:\/\/x.com\/OxigenoArq","https:\/\/www.instagram.com\/oxigeno_arquitectura\/","https:\/\/www.linkedin.com\/in\/oxigeno-arquitectura-8487a375\/"]}]}},"_links":{"self":[{"href":"https:\/\/www.oxigenoarquitectura.com\/en\/wp-json\/wp\/v2\/pages\/7471"}],"collection":[{"href":"https:\/\/www.oxigenoarquitectura.com\/en\/wp-json\/wp\/v2\/pages"}],"about":[{"href":"https:\/\/www.oxigenoarquitectura.com\/en\/wp-json\/wp\/v2\/types\/page"}],"author":[{"embeddable":true,"href":"https:\/\/www.oxigenoarquitectura.com\/en\/wp-json\/wp\/v2\/users\/7"}],"replies":[{"embeddable":true,"href":"https:\/\/www.oxigenoarquitectura.com\/en\/wp-json\/wp\/v2\/comments?post=7471"}],"version-history":[{"count":196,"href":"https:\/\/www.oxigenoarquitectura.com\/en\/wp-json\/wp\/v2\/pages\/7471\/revisions"}],"predecessor-version":[{"id":7871,"href":"https:\/\/www.oxigenoarquitectura.com\/en\/wp-json\/wp\/v2\/pages\/7471\/revisions\/7871"}],"wp:featuredmedia":[{"embeddable":true,"href":"https:\/\/www.oxigenoarquitectura.com\/en\/wp-json\/wp\/v2\/media\/7780"}],"wp:attachment":[{"href":"https:\/\/www.oxigenoarquitectura.com\/en\/wp-json\/wp\/v2\/media?parent=7471"}],"curies":[{"name":"wp","href":"https:\/\/api.w.org\/{rel}","templated":true}]}}