{"id":8733,"date":"2021-11-18T00:00:29","date_gmt":"2021-11-18T00:00:29","guid":{"rendered":"https:\/\/www.oxigenoarquitectura.com\/?page_id=8733"},"modified":"2025-06-10T22:36:47","modified_gmt":"2025-06-10T22:36:47","slug":"oxigeno-arquitectura-2","status":"publish","type":"page","link":"https:\/\/www.oxigenoarquitectura.com\/en\/","title":{"rendered":"Ox\u00edgeno Arquitectura &#8211; Inicio"},"content":{"rendered":"<div data-elementor-type=\"wp-page\" data-elementor-id=\"8733\" class=\"elementor elementor-8733\" data-elementor-post-type=\"page\">\n\t\t\t\t\t\t<section class=\"elementor-section elementor-top-section elementor-element elementor-element-3afdcba elementor-section-full_width elementor-section-height-min-height elementor-section-stretched elementor-section-height-default elementor-section-items-middle\" data-id=\"3afdcba\" data-element_type=\"section\" data-settings=\"{&quot;stretch_section&quot;:&quot;section-stretched&quot;,&quot;background_background&quot;:&quot;video&quot;,&quot;background_video_link&quot;:&quot;https:\\\/\\\/www.oxigenoarquitectura.com\\\/wp-content\\\/uploads\\\/2022\\\/09\\\/INTRO-WEB-BLACK_O2A_2022-1.mp4&quot;,&quot;background_play_on_mobile&quot;:&quot;yes&quot;,&quot;background_video_start&quot;:0}\">\n\t\t\t\t\t\t\t\t<div class=\"elementor-background-video-container\">\n\t\t\t\t\t\t\t\t\t\t\t\t\t<video class=\"elementor-background-video-hosted elementor-html5-video\" autoplay muted playsinline loop><\/video>\n\t\t\t\t\t\t\t\t\t\t\t<\/div>\n\t\t\t\t\t\t\t\t\t<div class=\"elementor-background-overlay\"><\/div>\n\t\t\t\t\t\t\t<div class=\"elementor-container elementor-column-gap-no\">\n\t\t\t\t\t<div class=\"elementor-column elementor-col-100 elementor-top-column elementor-element elementor-element-25e5af4\" data-id=\"25e5af4\" data-element_type=\"column\">\n\t\t\t<div class=\"elementor-widget-wrap elementor-element-populated\">\n\t\t\t\t\t\t<div class=\"elementor-element elementor-element-102f4c1 animated-slow elementor-invisible elementor-widget elementor-widget-image\" data-id=\"102f4c1\" data-element_type=\"widget\" data-settings=\"{&quot;_animation&quot;:&quot;fadeInUp&quot;,&quot;_animation_delay&quot;:500}\" data-widget_type=\"image.default\">\n\t\t\t\t<div class=\"elementor-widget-container\">\n\t\t\t\t\t\t\t\t\t\t\t\t\t\t<a href=\"https:\/\/www.oxigenoarquitectura.com\/en\/inicio-oxigeno-arquitectura\/\">\n\t\t\t\t\t\t\t<img fetchpriority=\"high\" decoding=\"async\" width=\"1024\" height=\"130\" src=\"https:\/\/www.oxigenoarquitectura.com\/wp-content\/uploads\/2021\/10\/POSITIVO-COMPLETO-BLANCO-1024x130.png\" class=\"elementor-animation-grow attachment-large size-large wp-image-7477\" alt=\"\" srcset=\"https:\/\/www.oxigenoarquitectura.com\/wp-content\/uploads\/2021\/10\/POSITIVO-COMPLETO-BLANCO-1024x130.png 1024w, https:\/\/www.oxigenoarquitectura.com\/wp-content\/uploads\/2021\/10\/POSITIVO-COMPLETO-BLANCO-300x38.png 300w, https:\/\/www.oxigenoarquitectura.com\/wp-content\/uploads\/2021\/10\/POSITIVO-COMPLETO-BLANCO-768x97.png 768w, https:\/\/www.oxigenoarquitectura.com\/wp-content\/uploads\/2021\/10\/POSITIVO-COMPLETO-BLANCO-1536x195.png 1536w, https:\/\/www.oxigenoarquitectura.com\/wp-content\/uploads\/2021\/10\/POSITIVO-COMPLETO-BLANCO-2048x260.png 2048w, https:\/\/www.oxigenoarquitectura.com\/wp-content\/uploads\/2021\/10\/POSITIVO-COMPLETO-BLANCO-830x105.png 830w, https:\/\/www.oxigenoarquitectura.com\/wp-content\/uploads\/2021\/10\/POSITIVO-COMPLETO-BLANCO-230x29.png 230w, https:\/\/www.oxigenoarquitectura.com\/wp-content\/uploads\/2021\/10\/POSITIVO-COMPLETO-BLANCO-350x44.png 350w, https:\/\/www.oxigenoarquitectura.com\/wp-content\/uploads\/2021\/10\/POSITIVO-COMPLETO-BLANCO-480x61.png 480w\" sizes=\"(max-width: 1024px) 100vw, 1024px\" \/>\t\t\t\t\t\t\t\t<\/a>\n\t\t\t\t\t\t\t\t\t\t\t\t\t<\/div>\n\t\t\t\t<\/div>\n\t\t\t\t<div class=\"elementor-element elementor-element-4a704ab elementor-widget elementor-widget-spacer\" data-id=\"4a704ab\" data-element_type=\"widget\" data-widget_type=\"spacer.default\">\n\t\t\t\t<div class=\"elementor-widget-container\">\n\t\t\t\t\t<div class=\"elementor-spacer\">\n\t\t\t<div class=\"elementor-spacer-inner\"><\/div>\n\t\t<\/div>\n\t\t\t\t<\/div>\n\t\t\t\t<\/div>\n\t\t\t\t<section class=\"elementor-section elementor-inner-section elementor-element elementor-element-aed2aeb elementor-section-full_width elementor-section-height-default elementor-section-height-default\" data-id=\"aed2aeb\" data-element_type=\"section\">\n\t\t\t\t\t\t<div class=\"elementor-container elementor-column-gap-default\">\n\t\t\t\t\t<div class=\"elementor-column elementor-col-33 elementor-inner-column elementor-element elementor-element-928a0bd\" data-id=\"928a0bd\" data-element_type=\"column\">\n\t\t\t<div class=\"elementor-widget-wrap\">\n\t\t\t\t\t\t\t<\/div>\n\t\t<\/div>\n\t\t\t\t<div class=\"elementor-column elementor-col-33 elementor-inner-column elementor-element elementor-element-3c6c3e0\" data-id=\"3c6c3e0\" data-element_type=\"column\">\n\t\t\t<div class=\"elementor-widget-wrap elementor-element-populated\">\n\t\t\t\t\t\t<div class=\"elementor-element elementor-element-6961912 elementor-align-center animated-slow elementor-invisible elementor-widget elementor-widget-button\" data-id=\"6961912\" data-element_type=\"widget\" data-settings=\"{&quot;_animation&quot;:&quot;fadeIn&quot;,&quot;_animation_delay&quot;:2500}\" data-widget_type=\"button.default\">\n\t\t\t\t<div class=\"elementor-widget-container\">\n\t\t\t\t\t<div class=\"elementor-button-wrapper\">\n\t\t\t<a class=\"elementor-button elementor-button-link elementor-size-xl elementor-animation-grow\" href=\"https:\/\/www.oxigenoarquitectura.com\/en\/inicio-oxigeno-arquitectura\/\">\n\t\t\t\t\t\t<span class=\"elementor-button-content-wrapper\">\n\t\t\t\t\t\t\t\t\t<span class=\"elementor-button-text\">Entrar<\/span>\n\t\t\t\t\t<\/span>\n\t\t\t\t\t<\/a>\n\t\t<\/div>\n\t\t\t\t<\/div>\n\t\t\t\t<\/div>\n\t\t\t\t\t<\/div>\n\t\t<\/div>\n\t\t\t\t<div class=\"elementor-column elementor-col-33 elementor-inner-column elementor-element elementor-element-042502a\" data-id=\"042502a\" data-element_type=\"column\">\n\t\t\t<div class=\"elementor-widget-wrap\">\n\t\t\t\t\t\t\t<\/div>\n\t\t<\/div>\n\t\t\t\t\t<\/div>\n\t\t<\/section>\n\t\t\t\t<div class=\"elementor-element elementor-element-b67912d elementor-widget elementor-widget-spacer\" data-id=\"b67912d\" data-element_type=\"widget\" data-widget_type=\"spacer.default\">\n\t\t\t\t<div class=\"elementor-widget-container\">\n\t\t\t\t\t<div class=\"elementor-spacer\">\n\t\t\t<div class=\"elementor-spacer-inner\"><\/div>\n\t\t<\/div>\n\t\t\t\t<\/div>\n\t\t\t\t<\/div>\n\t\t\t\t\t<\/div>\n\t\t<\/div>\n\t\t\t\t\t<\/div>\n\t\t<\/section>\n\t\t\t\t<\/div>","protected":false},"excerpt":{"rendered":"<p>Entrar<\/p>","protected":false},"author":7,"featured_media":7780,"parent":0,"menu_order":3,"comment_status":"closed","ping_status":"closed","template":"elementor_canvas","meta":{"_exactmetrics_skip_tracking":false,"_exactmetrics_sitenote_active":false,"_exactmetrics_sitenote_note":"","_exactmetrics_sitenote_category":0,"footnotes":""},"yoast_head":"<!-- This site is optimized with the Yoast SEO plugin v22.7 - https:\/\/yoast.com\/wordpress\/plugins\/seo\/ -->\n<title>Ox\u00edgeno Arquitectura &#8211; Inicio<\/title>\n<meta name=\"description\" content=\"Firma especializada en Arquitectura, Interiorismo, Consultor\u00eda, dedicada a dise\u00f1ar espacios que mejoran el bienestar de las personas.\" \/>\n<meta name=\"robots\" content=\"index, follow, max-snippet:-1, max-image-preview:large, max-video-preview:-1\" \/>\n<link rel=\"canonical\" href=\"https:\/\/www.oxigenoarquitectura.com\/en\/\" \/>\n<meta property=\"og:locale\" content=\"en_US\" \/>\n<meta property=\"og:type\" content=\"article\" \/>\n<meta property=\"og:title\" content=\"Ox\u00edgeno Arquitectura &#8211; Inicio\" \/>\n<meta property=\"og:description\" content=\"Firma especializada en Arquitectura, Interiorismo, Consultor\u00eda, dedicada a dise\u00f1ar espacios que mejoran el bienestar de las personas.\" \/>\n<meta property=\"og:url\" content=\"https:\/\/www.oxigenoarquitectura.com\/en\/\" \/>\n<meta property=\"og:site_name\" content=\"Ox\u00edgeno Arquitectura\" \/>\n<meta property=\"article:publisher\" content=\"https:\/\/www.facebook.com\/OxigenoArquitectura\/\" \/>\n<meta property=\"article:modified_time\" content=\"2025-06-10T22:36:47+00:00\" \/>\n<meta property=\"og:image\" content=\"https:\/\/www.oxigenoarquitectura.com\/wp-content\/uploads\/2021\/11\/LOGO-O2A-05.png\" \/>\n\t<meta property=\"og:image:width\" content=\"200\" \/>\n\t<meta property=\"og:image:height\" content=\"200\" \/>\n\t<meta property=\"og:image:type\" content=\"image\/png\" \/>\n<meta name=\"twitter:card\" content=\"summary_large_image\" \/>\n<meta name=\"twitter:site\" content=\"@OxigenoArq\" \/>\n<meta name=\"twitter:label1\" content=\"Est. reading time\" \/>\n\t<meta name=\"twitter:data1\" content=\"1 minute\" \/>\n<script type=\"application\/ld+json\" class=\"yoast-schema-graph\">{\"@context\":\"https:\/\/schema.org\",\"@graph\":[{\"@type\":\"WebPage\",\"@id\":\"https:\/\/www.oxigenoarquitectura.com\/\",\"url\":\"https:\/\/www.oxigenoarquitectura.com\/\",\"name\":\"Ox\u00edgeno Arquitectura &#8211; Inicio\",\"isPartOf\":{\"@id\":\"https:\/\/www.oxigenoarquitectura.com\/#website\"},\"primaryImageOfPage\":{\"@id\":\"https:\/\/www.oxigenoarquitectura.com\/#primaryimage\"},\"image\":{\"@id\":\"https:\/\/www.oxigenoarquitectura.com\/#primaryimage\"},\"thumbnailUrl\":\"https:\/\/www.oxigenoarquitectura.com\/wp-content\/uploads\/2021\/11\/LOGO-O2A-05.png\",\"datePublished\":\"2021-11-18T00:00:29+00:00\",\"dateModified\":\"2025-06-10T22:36:47+00:00\",\"description\":\"Firma especializada en Arquitectura, Interiorismo, Consultor\u00eda, dedicada a dise\u00f1ar espacios que mejoran el bienestar de las personas.\",\"breadcrumb\":{\"@id\":\"https:\/\/www.oxigenoarquitectura.com\/#breadcrumb\"},\"inLanguage\":\"en-US\",\"potentialAction\":[{\"@type\":\"ReadAction\",\"target\":[\"https:\/\/www.oxigenoarquitectura.com\/\"]}]},{\"@type\":\"ImageObject\",\"inLanguage\":\"en-US\",\"@id\":\"https:\/\/www.oxigenoarquitectura.com\/#primaryimage\",\"url\":\"https:\/\/www.oxigenoarquitectura.com\/wp-content\/uploads\/2021\/11\/LOGO-O2A-05.png\",\"contentUrl\":\"https:\/\/www.oxigenoarquitectura.com\/wp-content\/uploads\/2021\/11\/LOGO-O2A-05.png\",\"width\":200,\"height\":200},{\"@type\":\"BreadcrumbList\",\"@id\":\"https:\/\/www.oxigenoarquitectura.com\/#breadcrumb\",\"itemListElement\":[{\"@type\":\"ListItem\",\"position\":1,\"name\":\"Portada\",\"item\":\"https:\/\/www.oxigenoarquitectura.com\/\"},{\"@type\":\"ListItem\",\"position\":2,\"name\":\"Ox\u00edgeno Arquitectura &#8211; Inicio\"}]},{\"@type\":\"WebSite\",\"@id\":\"https:\/\/www.oxigenoarquitectura.com\/#website\",\"url\":\"https:\/\/www.oxigenoarquitectura.com\/\",\"name\":\"Ox\u00edgeno Arquitectura\",\"description\":\"Arquitectura e Interiorismo\",\"publisher\":{\"@id\":\"https:\/\/www.oxigenoarquitectura.com\/#organization\"},\"potentialAction\":[{\"@type\":\"SearchAction\",\"target\":{\"@type\":\"EntryPoint\",\"urlTemplate\":\"https:\/\/www.oxigenoarquitectura.com\/?s={search_term_string}\"},\"query-input\":\"required name=search_term_string\"}],\"inLanguage\":\"en-US\"},{\"@type\":\"Organization\",\"@id\":\"https:\/\/www.oxigenoarquitectura.com\/#organization\",\"name\":\"Ox\u00edgeno Arquitectura\",\"url\":\"https:\/\/www.oxigenoarquitectura.com\/\",\"logo\":{\"@type\":\"ImageObject\",\"inLanguage\":\"en-US\",\"@id\":\"https:\/\/www.oxigenoarquitectura.com\/#\/schema\/logo\/image\/\",\"url\":\"https:\/\/www.oxigenoarquitectura.com\/wp-content\/uploads\/2021\/10\/LOGO-O2A-02.png\",\"contentUrl\":\"https:\/\/www.oxigenoarquitectura.com\/wp-content\/uploads\/2021\/10\/LOGO-O2A-02.png\",\"width\":280,\"height\":36,\"caption\":\"Ox\u00edgeno Arquitectura\"},\"image\":{\"@id\":\"https:\/\/www.oxigenoarquitectura.com\/#\/schema\/logo\/image\/\"},\"sameAs\":[\"https:\/\/www.facebook.com\/OxigenoArquitectura\/\",\"https:\/\/x.com\/OxigenoArq\",\"https:\/\/www.instagram.com\/oxigeno_arquitectura\/\",\"https:\/\/www.linkedin.com\/in\/oxigeno-arquitectura-8487a375\/\"]}]}<\/script>\n<!-- \/ Yoast SEO plugin. -->","yoast_head_json":{"title":"Ox\u00edgeno Arquitectura &#8211; Inicio","description":"Firma especializada en Arquitectura, Interiorismo, Consultor\u00eda, dedicada a dise\u00f1ar espacios que mejoran el bienestar de las personas.","robots":{"index":"index","follow":"follow","max-snippet":"max-snippet:-1","max-image-preview":"max-image-preview:large","max-video-preview":"max-video-preview:-1"},"canonical":"https:\/\/www.oxigenoarquitectura.com\/en\/","og_locale":"en_US","og_type":"article","og_title":"Ox\u00edgeno Arquitectura &#8211; Inicio","og_description":"Firma especializada en Arquitectura, Interiorismo, Consultor\u00eda, dedicada a dise\u00f1ar espacios que mejoran el bienestar de las personas.","og_url":"https:\/\/www.oxigenoarquitectura.com\/en\/","og_site_name":"Ox\u00edgeno Arquitectura","article_publisher":"https:\/\/www.facebook.com\/OxigenoArquitectura\/","article_modified_time":"2025-06-10T22:36:47+00:00","og_image":[{"width":200,"height":200,"url":"https:\/\/www.oxigenoarquitectura.com\/wp-content\/uploads\/2021\/11\/LOGO-O2A-05.png","type":"image\/png"}],"twitter_card":"summary_large_image","twitter_site":"@OxigenoArq","twitter_misc":{"Est. reading time":"1 minute"},"schema":{"@context":"https:\/\/schema.org","@graph":[{"@type":"WebPage","@id":"https:\/\/www.oxigenoarquitectura.com\/","url":"https:\/\/www.oxigenoarquitectura.com\/","name":"Ox\u00edgeno Arquitectura &#8211; Inicio","isPartOf":{"@id":"https:\/\/www.oxigenoarquitectura.com\/#website"},"primaryImageOfPage":{"@id":"https:\/\/www.oxigenoarquitectura.com\/#primaryimage"},"image":{"@id":"https:\/\/www.oxigenoarquitectura.com\/#primaryimage"},"thumbnailUrl":"https:\/\/www.oxigenoarquitectura.com\/wp-content\/uploads\/2021\/11\/LOGO-O2A-05.png","datePublished":"2021-11-18T00:00:29+00:00","dateModified":"2025-06-10T22:36:47+00:00","description":"Firma especializada en Arquitectura, Interiorismo, Consultor\u00eda, dedicada a dise\u00f1ar espacios que mejoran el bienestar de las personas.","breadcrumb":{"@id":"https:\/\/www.oxigenoarquitectura.com\/#breadcrumb"},"inLanguage":"en-US","potentialAction":[{"@type":"ReadAction","target":["https:\/\/www.oxigenoarquitectura.com\/"]}]},{"@type":"ImageObject","inLanguage":"en-US","@id":"https:\/\/www.oxigenoarquitectura.com\/#primaryimage","url":"https:\/\/www.oxigenoarquitectura.com\/wp-content\/uploads\/2021\/11\/LOGO-O2A-05.png","contentUrl":"https:\/\/www.oxigenoarquitectura.com\/wp-content\/uploads\/2021\/11\/LOGO-O2A-05.png","width":200,"height":200},{"@type":"BreadcrumbList","@id":"https:\/\/www.oxigenoarquitectura.com\/#breadcrumb","itemListElement":[{"@type":"ListItem","position":1,"name":"Portada","item":"https:\/\/www.oxigenoarquitectura.com\/"},{"@type":"ListItem","position":2,"name":"Ox\u00edgeno Arquitectura &#8211; Inicio"}]},{"@type":"WebSite","@id":"https:\/\/www.oxigenoarquitectura.com\/#website","url":"https:\/\/www.oxigenoarquitectura.com\/","name":"Ox\u00edgeno Arquitectura","description":"Arquitectura e Interiorismo","publisher":{"@id":"https:\/\/www.oxigenoarquitectura.com\/#organization"},"potentialAction":[{"@type":"SearchAction","target":{"@type":"EntryPoint","urlTemplate":"https:\/\/www.oxigenoarquitectura.com\/?s={search_term_string}"},"query-input":"required name=search_term_string"}],"inLanguage":"en-US"},{"@type":"Organization","@id":"https:\/\/www.oxigenoarquitectura.com\/#organization","name":"Ox\u00edgeno Arquitectura","url":"https:\/\/www.oxigenoarquitectura.com\/","logo":{"@type":"ImageObject","inLanguage":"en-US","@id":"https:\/\/www.oxigenoarquitectura.com\/#\/schema\/logo\/image\/","url":"https:\/\/www.oxigenoarquitectura.com\/wp-content\/uploads\/2021\/10\/LOGO-O2A-02.png","contentUrl":"https:\/\/www.oxigenoarquitectura.com\/wp-content\/uploads\/2021\/10\/LOGO-O2A-02.png","width":280,"height":36,"caption":"Ox\u00edgeno Arquitectura"},"image":{"@id":"https:\/\/www.oxigenoarquitectura.com\/#\/schema\/logo\/image\/"},"sameAs":["https:\/\/www.facebook.com\/OxigenoArquitectura\/","https:\/\/x.com\/OxigenoArq","https:\/\/www.instagram.com\/oxigeno_arquitectura\/","https:\/\/www.linkedin.com\/in\/oxigeno-arquitectura-8487a375\/"]}]}},"_links":{"self":[{"href":"https:\/\/www.oxigenoarquitectura.com\/en\/wp-json\/wp\/v2\/pages\/8733"}],"collection":[{"href":"https:\/\/www.oxigenoarquitectura.com\/en\/wp-json\/wp\/v2\/pages"}],"about":[{"href":"https:\/\/www.oxigenoarquitectura.com\/en\/wp-json\/wp\/v2\/types\/page"}],"author":[{"embeddable":true,"href":"https:\/\/www.oxigenoarquitectura.com\/en\/wp-json\/wp\/v2\/users\/7"}],"replies":[{"embeddable":true,"href":"https:\/\/www.oxigenoarquitectura.com\/en\/wp-json\/wp\/v2\/comments?post=8733"}],"version-history":[{"count":120,"href":"https:\/\/www.oxigenoarquitectura.com\/en\/wp-json\/wp\/v2\/pages\/8733\/revisions"}],"predecessor-version":[{"id":13951,"href":"https:\/\/www.oxigenoarquitectura.com\/en\/wp-json\/wp\/v2\/pages\/8733\/revisions\/13951"}],"wp:featuredmedia":[{"embeddable":true,"href":"https:\/\/www.oxigenoarquitectura.com\/en\/wp-json\/wp\/v2\/media\/7780"}],"wp:attachment":[{"href":"https:\/\/www.oxigenoarquitectura.com\/en\/wp-json\/wp\/v2\/media?parent=8733"}],"curies":[{"name":"wp","href":"https:\/\/api.w.org\/{rel}","templated":true}]}}